{"id":2182,"date":"2022-04-29T08:37:11","date_gmt":"2022-04-29T06:37:11","guid":{"rendered":"http:\/\/atelier-design.cz\/interiors\/corso-cafe-2009\/"},"modified":"2023-02-01T10:02:46","modified_gmt":"2023-02-01T09:02:46","slug":"corso-cafe-2009","status":"publish","type":"page","link":"https:\/\/atelier-design.cz\/en\/interiors\/corso-cafe-2009\/","title":{"rendered":"Corso Caf\u00e9 2009"},"content":{"rendered":"<div class=\"fusion-fullwidth fullwidth-box fusion-builder-row-1 nonhundred-percent-fullwidth non-hundred-percent-height-scrolling fusion-equal-height-columns\" style=\"background-color: rgba(255,255,255,0);background-position: center center;background-repeat: no-repeat;padding-top:0px;padding-right:0px;padding-bottom:0px;padding-left:0px;margin-bottom: 0px;margin-top: 0px;border-width: 0px 0px 0px 0px;border-color:#eae9e9;border-style:solid;\" ><div class=\"fusion-builder-row fusion-row\"><div class=\"fusion-layout-column fusion_builder_column fusion-builder-column-0 fusion_builder_column_1_1 1_1 fusion-one-full fusion-column-first fusion-column-last bfranim\" style=\"margin-top:0px;margin-bottom:0px;\"><div class=\"fusion-column-wrapper fusion-flex-column-wrapper-legacy\" style=\"background-position:left top;background-repeat:no-repeat;-webkit-background-size:cover;-moz-background-size:cover;-o-background-size:cover;background-size:cover;border-width: 10px 10px 10px 10px;border-color:#ffffff;border-style:solid;padding: 0px 0px 0px 0px;\"><div class=\"fusion-builder-row fusion-builder-row-inner fusion-row\"><div class=\"fusion-layout-column fusion_builder_column_inner fusion-builder-nested-column-0 fusion_builder_column_inner_3_5 3_5 fusion-three-fifth fusion-column-first\" style=\"width:60%;width:calc(60% - ( ( 0 ) * 0.6 ) );margin-right: 0px;margin-top:0px;margin-bottom:0px;\"><div class=\"fusion-column-wrapper fusion-flex-column-wrapper-legacy\" style=\"background-position:center center;background-repeat:no-repeat;-webkit-background-size:cover;-moz-background-size:cover;-o-background-size:cover;background-size:cover;padding: 0px 0px 0px 0px;\"><div class=\"fusion-image-carousel fusion-image-carousel-auto fusion-image-carousel-1\"><div class=\"fusion-carousel\" data-autoplay=\"yes\" data-columns=\"1\" data-itemmargin=\"0\" data-itemwidth=\"180\" data-touchscroll=\"no\" data-imagesize=\"auto\"><div class=\"fusion-carousel-positioner\"><ul class=\"fusion-carousel-holder\"><li class=\"fusion-carousel-item\"><div class=\"fusion-carousel-item-wrapper\"><div class=\"fusion-image-wrapper hover-type-none\"><img width=\"747\" height=\"427\" src=\"https:\/\/atelier-design.cz\/wp-content\/uploads\/2022\/11\/rc79-exterior-Corso-Cafe-e1667568975708.jpg\" class=\"attachment-full size-full\" alt=\"\" srcset=\"https:\/\/atelier-design.cz\/wp-content\/uploads\/2022\/11\/rc79-exterior-Corso-Cafe-e1667568975708-200x114.jpg 200w, https:\/\/atelier-design.cz\/wp-content\/uploads\/2022\/11\/rc79-exterior-Corso-Cafe-e1667568975708-300x171.jpg 300w, https:\/\/atelier-design.cz\/wp-content\/uploads\/2022\/11\/rc79-exterior-Corso-Cafe-e1667568975708-400x229.jpg 400w, https:\/\/atelier-design.cz\/wp-content\/uploads\/2022\/11\/rc79-exterior-Corso-Cafe-e1667568975708-600x343.jpg 600w, https:\/\/atelier-design.cz\/wp-content\/uploads\/2022\/11\/rc79-exterior-Corso-Cafe-e1667568975708.jpg 747w\" sizes=\"(max-width: 747px) 100vw, 747px\" \/><\/div><\/div><\/li><li class=\"fusion-carousel-item\"><div class=\"fusion-carousel-item-wrapper\"><div class=\"fusion-image-wrapper hover-type-none\"><img width=\"1943\" height=\"1112\" src=\"https:\/\/atelier-design.cz\/wp-content\/uploads\/2022\/11\/IMG_1162-e1667568998572.jpg\" class=\"attachment-full size-full\" alt=\"\" srcset=\"https:\/\/atelier-design.cz\/wp-content\/uploads\/2022\/11\/IMG_1162-e1667568998572-200x114.jpg 200w, https:\/\/atelier-design.cz\/wp-content\/uploads\/2022\/11\/IMG_1162-e1667568998572-300x172.jpg 300w, https:\/\/atelier-design.cz\/wp-content\/uploads\/2022\/11\/IMG_1162-e1667568998572-400x229.jpg 400w, https:\/\/atelier-design.cz\/wp-content\/uploads\/2022\/11\/IMG_1162-e1667568998572-600x343.jpg 600w, https:\/\/atelier-design.cz\/wp-content\/uploads\/2022\/11\/IMG_1162-e1667568998572-768x440.jpg 768w, https:\/\/atelier-design.cz\/wp-content\/uploads\/2022\/11\/IMG_1162-e1667568998572-800x458.jpg 800w, https:\/\/atelier-design.cz\/wp-content\/uploads\/2022\/11\/IMG_1162-e1667568998572-1024x586.jpg 1024w, https:\/\/atelier-design.cz\/wp-content\/uploads\/2022\/11\/IMG_1162-e1667568998572-1200x687.jpg 1200w, https:\/\/atelier-design.cz\/wp-content\/uploads\/2022\/11\/IMG_1162-e1667568998572-1536x879.jpg 1536w, https:\/\/atelier-design.cz\/wp-content\/uploads\/2022\/11\/IMG_1162-e1667568998572.jpg 1943w\" sizes=\"(max-width: 1943px) 100vw, 1943px\" \/><\/div><\/div><\/li><li class=\"fusion-carousel-item\"><div class=\"fusion-carousel-item-wrapper\"><div class=\"fusion-image-wrapper hover-type-none\"><img width=\"1943\" height=\"1112\" src=\"https:\/\/atelier-design.cz\/wp-content\/uploads\/2022\/11\/IMG_1168-e1667569136375.jpg\" class=\"attachment-full size-full\" alt=\"\" srcset=\"https:\/\/atelier-design.cz\/wp-content\/uploads\/2022\/11\/IMG_1168-e1667569136375-200x114.jpg 200w, https:\/\/atelier-design.cz\/wp-content\/uploads\/2022\/11\/IMG_1168-e1667569136375-300x172.jpg 300w, https:\/\/atelier-design.cz\/wp-content\/uploads\/2022\/11\/IMG_1168-e1667569136375-400x229.jpg 400w, https:\/\/atelier-design.cz\/wp-content\/uploads\/2022\/11\/IMG_1168-e1667569136375-600x343.jpg 600w, https:\/\/atelier-design.cz\/wp-content\/uploads\/2022\/11\/IMG_1168-e1667569136375-768x440.jpg 768w, https:\/\/atelier-design.cz\/wp-content\/uploads\/2022\/11\/IMG_1168-e1667569136375-800x458.jpg 800w, https:\/\/atelier-design.cz\/wp-content\/uploads\/2022\/11\/IMG_1168-e1667569136375-1024x586.jpg 1024w, https:\/\/atelier-design.cz\/wp-content\/uploads\/2022\/11\/IMG_1168-e1667569136375-1200x687.jpg 1200w, https:\/\/atelier-design.cz\/wp-content\/uploads\/2022\/11\/IMG_1168-e1667569136375-1536x879.jpg 1536w, https:\/\/atelier-design.cz\/wp-content\/uploads\/2022\/11\/IMG_1168-e1667569136375.jpg 1943w\" sizes=\"(max-width: 1943px) 100vw, 1943px\" \/><\/div><\/div><\/li><li class=\"fusion-carousel-item\"><div class=\"fusion-carousel-item-wrapper\"><div class=\"fusion-image-wrapper hover-type-none\"><img width=\"1943\" height=\"1112\" src=\"https:\/\/atelier-design.cz\/wp-content\/uploads\/2022\/11\/IMG_1169-e1667569166598.jpg\" class=\"attachment-full size-full\" alt=\"\" srcset=\"https:\/\/atelier-design.cz\/wp-content\/uploads\/2022\/11\/IMG_1169-e1667569166598-200x114.jpg 200w, https:\/\/atelier-design.cz\/wp-content\/uploads\/2022\/11\/IMG_1169-e1667569166598-300x172.jpg 300w, https:\/\/atelier-design.cz\/wp-content\/uploads\/2022\/11\/IMG_1169-e1667569166598-400x229.jpg 400w, https:\/\/atelier-design.cz\/wp-content\/uploads\/2022\/11\/IMG_1169-e1667569166598-600x343.jpg 600w, https:\/\/atelier-design.cz\/wp-content\/uploads\/2022\/11\/IMG_1169-e1667569166598-768x440.jpg 768w, https:\/\/atelier-design.cz\/wp-content\/uploads\/2022\/11\/IMG_1169-e1667569166598-800x458.jpg 800w, https:\/\/atelier-design.cz\/wp-content\/uploads\/2022\/11\/IMG_1169-e1667569166598-1024x586.jpg 1024w, https:\/\/atelier-design.cz\/wp-content\/uploads\/2022\/11\/IMG_1169-e1667569166598-1200x687.jpg 1200w, https:\/\/atelier-design.cz\/wp-content\/uploads\/2022\/11\/IMG_1169-e1667569166598-1536x879.jpg 1536w, https:\/\/atelier-design.cz\/wp-content\/uploads\/2022\/11\/IMG_1169-e1667569166598.jpg 1943w\" sizes=\"(max-width: 1943px) 100vw, 1943px\" \/><\/div><\/div><\/li><li class=\"fusion-carousel-item\"><div class=\"fusion-carousel-item-wrapper\"><div class=\"fusion-image-wrapper hover-type-none\"><img width=\"1943\" height=\"1112\" src=\"https:\/\/atelier-design.cz\/wp-content\/uploads\/2022\/11\/IMG_1164-e1667569054933.jpg\" class=\"attachment-full size-full\" alt=\"\" srcset=\"https:\/\/atelier-design.cz\/wp-content\/uploads\/2022\/11\/IMG_1164-e1667569054933-200x114.jpg 200w, https:\/\/atelier-design.cz\/wp-content\/uploads\/2022\/11\/IMG_1164-e1667569054933-300x172.jpg 300w, https:\/\/atelier-design.cz\/wp-content\/uploads\/2022\/11\/IMG_1164-e1667569054933-400x229.jpg 400w, https:\/\/atelier-design.cz\/wp-content\/uploads\/2022\/11\/IMG_1164-e1667569054933-600x343.jpg 600w, https:\/\/atelier-design.cz\/wp-content\/uploads\/2022\/11\/IMG_1164-e1667569054933-768x440.jpg 768w, https:\/\/atelier-design.cz\/wp-content\/uploads\/2022\/11\/IMG_1164-e1667569054933-800x458.jpg 800w, https:\/\/atelier-design.cz\/wp-content\/uploads\/2022\/11\/IMG_1164-e1667569054933-1024x586.jpg 1024w, https:\/\/atelier-design.cz\/wp-content\/uploads\/2022\/11\/IMG_1164-e1667569054933-1200x687.jpg 1200w, https:\/\/atelier-design.cz\/wp-content\/uploads\/2022\/11\/IMG_1164-e1667569054933-1536x879.jpg 1536w, https:\/\/atelier-design.cz\/wp-content\/uploads\/2022\/11\/IMG_1164-e1667569054933.jpg 1943w\" sizes=\"(max-width: 1943px) 100vw, 1943px\" \/><\/div><\/div><\/li><li class=\"fusion-carousel-item\"><div class=\"fusion-carousel-item-wrapper\"><div class=\"fusion-image-wrapper hover-type-none\"><img width=\"1943\" height=\"1112\" src=\"https:\/\/atelier-design.cz\/wp-content\/uploads\/2022\/11\/IMG_1166-e1667569091959.jpg\" class=\"attachment-full size-full\" alt=\"\" srcset=\"https:\/\/atelier-design.cz\/wp-content\/uploads\/2022\/11\/IMG_1166-e1667569091959-200x114.jpg 200w, https:\/\/atelier-design.cz\/wp-content\/uploads\/2022\/11\/IMG_1166-e1667569091959-300x172.jpg 300w, https:\/\/atelier-design.cz\/wp-content\/uploads\/2022\/11\/IMG_1166-e1667569091959-400x229.jpg 400w, https:\/\/atelier-design.cz\/wp-content\/uploads\/2022\/11\/IMG_1166-e1667569091959-600x343.jpg 600w, https:\/\/atelier-design.cz\/wp-content\/uploads\/2022\/11\/IMG_1166-e1667569091959-768x440.jpg 768w, https:\/\/atelier-design.cz\/wp-content\/uploads\/2022\/11\/IMG_1166-e1667569091959-800x458.jpg 800w, https:\/\/atelier-design.cz\/wp-content\/uploads\/2022\/11\/IMG_1166-e1667569091959-1024x586.jpg 1024w, https:\/\/atelier-design.cz\/wp-content\/uploads\/2022\/11\/IMG_1166-e1667569091959-1200x687.jpg 1200w, https:\/\/atelier-design.cz\/wp-content\/uploads\/2022\/11\/IMG_1166-e1667569091959-1536x879.jpg 1536w, https:\/\/atelier-design.cz\/wp-content\/uploads\/2022\/11\/IMG_1166-e1667569091959.jpg 1943w\" sizes=\"(max-width: 1943px) 100vw, 1943px\" \/><\/div><\/div><\/li><li class=\"fusion-carousel-item\"><div class=\"fusion-carousel-item-wrapper\"><div class=\"fusion-image-wrapper hover-type-none\"><img width=\"1943\" height=\"1112\" src=\"https:\/\/atelier-design.cz\/wp-content\/uploads\/2022\/11\/IMG_1176-e1667569248256.jpg\" class=\"attachment-full size-full\" alt=\"\" srcset=\"https:\/\/atelier-design.cz\/wp-content\/uploads\/2022\/11\/IMG_1176-e1667569248256-200x114.jpg 200w, https:\/\/atelier-design.cz\/wp-content\/uploads\/2022\/11\/IMG_1176-e1667569248256-300x172.jpg 300w, https:\/\/atelier-design.cz\/wp-content\/uploads\/2022\/11\/IMG_1176-e1667569248256-400x229.jpg 400w, https:\/\/atelier-design.cz\/wp-content\/uploads\/2022\/11\/IMG_1176-e1667569248256-600x343.jpg 600w, https:\/\/atelier-design.cz\/wp-content\/uploads\/2022\/11\/IMG_1176-e1667569248256-768x440.jpg 768w, https:\/\/atelier-design.cz\/wp-content\/uploads\/2022\/11\/IMG_1176-e1667569248256-800x458.jpg 800w, https:\/\/atelier-design.cz\/wp-content\/uploads\/2022\/11\/IMG_1176-e1667569248256-1024x586.jpg 1024w, https:\/\/atelier-design.cz\/wp-content\/uploads\/2022\/11\/IMG_1176-e1667569248256-1200x687.jpg 1200w, https:\/\/atelier-design.cz\/wp-content\/uploads\/2022\/11\/IMG_1176-e1667569248256-1536x879.jpg 1536w, https:\/\/atelier-design.cz\/wp-content\/uploads\/2022\/11\/IMG_1176-e1667569248256.jpg 1943w\" sizes=\"(max-width: 1943px) 100vw, 1943px\" \/><\/div><\/div><\/li><\/ul><div class=\"fusion-carousel-nav\"><button class=\"fusion-nav-prev awb-icon-left\" aria-label=\"Previous\"><\/button><button class=\"fusion-nav-next awb-icon-right\" aria-label=\"Next\"><\/button><\/div><\/div><\/div><\/div><div class=\"fusion-clearfix\"><\/div><\/div><\/div><div class=\"fusion-layout-column fusion_builder_column_inner fusion-builder-nested-column-1 fusion_builder_column_inner_2_5 2_5 fusion-two-fifth fusion-column-last contentWrapper\" style=\"width:40%;width:calc(40% - ( ( 0 ) * 0.4 ) );margin-top:0px;margin-bottom:0px;\"><div class=\"fusion-column-wrapper fusion-flex-column-wrapper-legacy\" style=\"background-position:left top;background-repeat:no-repeat;-webkit-background-size:cover;-moz-background-size:cover;-o-background-size:cover;background-size:cover;padding: 0px 0px 0px 0px;\"><style type=\"text\/css\"><\/style><div class=\"fusion-title title fusion-title-1 fusion-sep-none fusion-title-text fusion-title-size-one\" style=\"margin-top:0px;margin-right:0px;margin-bottom:31px;margin-left:0px;\"><h1 class=\"title-heading-left\" style=\"margin:0;\">Corso Caf\u00e9 2009<\/h1><\/div><div class=\"fusion-text fusion-text-1\"><p id=\"tw-target-text\" class=\"tw-data-text tw-text-large tw-ta\" dir=\"ltr\" data-placeholder=\"P\u0159eklad\"><span class=\"Y2IQFc\" lang=\"en\">Implementation of a diode wall with a decorative menu board according to the design of Arch. Ji\u0159\u00ed Zho\u0159<\/span><\/p>\n<\/div><div class=\"fusion-clearfix\"><\/div><\/div><\/div><\/div><div class=\"fusion-clearfix\"><\/div><\/div><\/div><\/div><\/div>\n","protected":false},"excerpt":{"rendered":"","protected":false},"author":3,"featured_media":0,"parent":2174,"menu_order":0,"comment_status":"closed","ping_status":"open","template":"","meta":[],"yoast_head":"<!-- This site is optimized with the Yoast SEO plugin v19.11 - https:\/\/yoast.com\/wordpress\/plugins\/seo\/ -->\n<title>Corso Caf\u00e9 2009 - atelier-design<\/title>\n<meta name=\"robots\" content=\"index, follow, max-snippet:-1, max-image-preview:large, max-video-preview:-1\" \/>\n<link rel=\"canonical\" href=\"https:\/\/atelier-design.cz\/interiery\/corso-cafe\/\" \/>\n<meta property=\"og:locale\" content=\"en_US\" \/>\n<meta property=\"og:type\" content=\"article\" \/>\n<meta property=\"og:title\" content=\"Corso Caf\u00e9 2009 - atelier-design\" \/>\n<meta property=\"og:url\" content=\"https:\/\/atelier-design.cz\/interiery\/corso-cafe\/\" \/>\n<meta property=\"og:site_name\" content=\"atelier-design\" \/>\n<meta property=\"article:modified_time\" content=\"2023-02-01T09:02:46+00:00\" \/>\n<meta name=\"twitter:card\" content=\"summary_large_image\" \/>\n<meta name=\"twitter:label1\" content=\"Est. reading time\" \/>\n\t<meta name=\"twitter:data1\" content=\"9 minutes\" \/>\n<script type=\"application\/ld+json\" class=\"yoast-schema-graph\">{\"@context\":\"https:\/\/schema.org\",\"@graph\":[{\"@type\":\"WebPage\",\"@id\":\"https:\/\/atelier-design.cz\/interiery\/corso-cafe\/\",\"url\":\"https:\/\/atelier-design.cz\/interiery\/corso-cafe\/\",\"name\":\"Corso Caf\u00e9 2009 - atelier-design\",\"isPartOf\":{\"@id\":\"https:\/\/atelier-design.cz\/#website\"},\"datePublished\":\"2022-04-29T06:37:11+00:00\",\"dateModified\":\"2023-02-01T09:02:46+00:00\",\"breadcrumb\":{\"@id\":\"https:\/\/atelier-design.cz\/interiery\/corso-cafe\/#breadcrumb\"},\"inLanguage\":\"en-US\",\"potentialAction\":[{\"@type\":\"ReadAction\",\"target\":[\"https:\/\/atelier-design.cz\/interiery\/corso-cafe\/\"]}]},{\"@type\":\"BreadcrumbList\",\"@id\":\"https:\/\/atelier-design.cz\/interiery\/corso-cafe\/#breadcrumb\",\"itemListElement\":[{\"@type\":\"ListItem\",\"position\":1,\"name\":\"interiors\",\"item\":\"https:\/\/atelier-design.cz\/interiery\/\"},{\"@type\":\"ListItem\",\"position\":2,\"name\":\"Corso Caf\u00e9 2009\"}]},{\"@type\":\"WebSite\",\"@id\":\"https:\/\/atelier-design.cz\/#website\",\"url\":\"https:\/\/atelier-design.cz\/\",\"name\":\"atelier-design\",\"description\":\"v\u00fdstavy, veletrhy, prezentace\",\"potentialAction\":[{\"@type\":\"SearchAction\",\"target\":{\"@type\":\"EntryPoint\",\"urlTemplate\":\"https:\/\/atelier-design.cz\/?s={search_term_string}\"},\"query-input\":\"required name=search_term_string\"}],\"inLanguage\":\"en-US\"}]}<\/script>\n<!-- \/ Yoast SEO plugin. -->","yoast_head_json":{"title":"Corso Caf\u00e9 2009 - atelier-design","robots":{"index":"index","follow":"follow","max-snippet":"max-snippet:-1","max-image-preview":"max-image-preview:large","max-video-preview":"max-video-preview:-1"},"canonical":"https:\/\/atelier-design.cz\/interiery\/corso-cafe\/","og_locale":"en_US","og_type":"article","og_title":"Corso Caf\u00e9 2009 - atelier-design","og_url":"https:\/\/atelier-design.cz\/interiery\/corso-cafe\/","og_site_name":"atelier-design","article_modified_time":"2023-02-01T09:02:46+00:00","twitter_card":"summary_large_image","twitter_misc":{"Est. reading time":"9 minutes"},"schema":{"@context":"https:\/\/schema.org","@graph":[{"@type":"WebPage","@id":"https:\/\/atelier-design.cz\/interiery\/corso-cafe\/","url":"https:\/\/atelier-design.cz\/interiery\/corso-cafe\/","name":"Corso Caf\u00e9 2009 - atelier-design","isPartOf":{"@id":"https:\/\/atelier-design.cz\/#website"},"datePublished":"2022-04-29T06:37:11+00:00","dateModified":"2023-02-01T09:02:46+00:00","breadcrumb":{"@id":"https:\/\/atelier-design.cz\/interiery\/corso-cafe\/#breadcrumb"},"inLanguage":"en-US","potentialAction":[{"@type":"ReadAction","target":["https:\/\/atelier-design.cz\/interiery\/corso-cafe\/"]}]},{"@type":"BreadcrumbList","@id":"https:\/\/atelier-design.cz\/interiery\/corso-cafe\/#breadcrumb","itemListElement":[{"@type":"ListItem","position":1,"name":"interiors","item":"https:\/\/atelier-design.cz\/interiery\/"},{"@type":"ListItem","position":2,"name":"Corso Caf\u00e9 2009"}]},{"@type":"WebSite","@id":"https:\/\/atelier-design.cz\/#website","url":"https:\/\/atelier-design.cz\/","name":"atelier-design","description":"v\u00fdstavy, veletrhy, prezentace","potentialAction":[{"@type":"SearchAction","target":{"@type":"EntryPoint","urlTemplate":"https:\/\/atelier-design.cz\/?s={search_term_string}"},"query-input":"required name=search_term_string"}],"inLanguage":"en-US"}]}},"_links":{"self":[{"href":"https:\/\/atelier-design.cz\/en\/wp-json\/wp\/v2\/pages\/2182"}],"collection":[{"href":"https:\/\/atelier-design.cz\/en\/wp-json\/wp\/v2\/pages"}],"about":[{"href":"https:\/\/atelier-design.cz\/en\/wp-json\/wp\/v2\/types\/page"}],"author":[{"embeddable":true,"href":"https:\/\/atelier-design.cz\/en\/wp-json\/wp\/v2\/users\/3"}],"replies":[{"embeddable":true,"href":"https:\/\/atelier-design.cz\/en\/wp-json\/wp\/v2\/comments?post=2182"}],"version-history":[{"count":6,"href":"https:\/\/atelier-design.cz\/en\/wp-json\/wp\/v2\/pages\/2182\/revisions"}],"predecessor-version":[{"id":3481,"href":"https:\/\/atelier-design.cz\/en\/wp-json\/wp\/v2\/pages\/2182\/revisions\/3481"}],"up":[{"embeddable":true,"href":"https:\/\/atelier-design.cz\/en\/wp-json\/wp\/v2\/pages\/2174"}],"wp:attachment":[{"href":"https:\/\/atelier-design.cz\/en\/wp-json\/wp\/v2\/media?parent=2182"}],"curies":[{"name":"wp","href":"https:\/\/api.w.org\/{rel}","templated":true}]}}