{"id":4428,"date":"2025-09-03T10:55:07","date_gmt":"2025-09-03T08:55:07","guid":{"rendered":"https:\/\/atelier-design.cz\/ausstellungen\/ausstellung-storch-2025\/"},"modified":"2025-09-24T09:38:36","modified_gmt":"2025-09-24T07:38:36","slug":"ausstellung-storch-2025","status":"publish","type":"page","link":"https:\/\/atelier-design.cz\/de\/ausstellungen\/ausstellung-storch-2025\/","title":{"rendered":"Ausstellung \u0160torch 2025"},"content":{"rendered":"<div class=\"fusion-fullwidth fullwidth-box fusion-builder-row-1 nonhundred-percent-fullwidth non-hundred-percent-height-scrolling fusion-equal-height-columns\" style=\"background-color: rgba(255,255,255,0);background-position: center center;background-repeat: no-repeat;padding-top:0px;padding-right:0px;padding-bottom:0px;padding-left:0px;margin-bottom: 0px;margin-top: 0px;border-width: 0px 0px 0px 0px;border-color:#eae9e9;border-style:solid;\" ><div class=\"fusion-builder-row fusion-row\"><div class=\"fusion-layout-column fusion_builder_column fusion-builder-column-0 fusion_builder_column_1_1 1_1 fusion-one-full fusion-column-first fusion-column-last bfranim\" style=\"margin-top:0px;margin-bottom:0px;\"><div class=\"fusion-column-wrapper fusion-flex-column-wrapper-legacy\" style=\"background-position:left top;background-repeat:no-repeat;-webkit-background-size:cover;-moz-background-size:cover;-o-background-size:cover;background-size:cover;border-width: 10px 10px 10px 10px;border-color:#ffffff;border-style:solid;padding: 0px 0px 0px 0px;\"><div class=\"fusion-builder-row fusion-builder-row-inner fusion-row\"><div class=\"fusion-layout-column fusion_builder_column_inner fusion-builder-nested-column-0 fusion_builder_column_inner_3_5 3_5 fusion-three-fifth fusion-column-first\" style=\"width:60%;width:calc(60% - ( ( 0 ) * 0.6 ) );margin-right: 0px;margin-top:0px;margin-bottom:0px;\"><div class=\"fusion-column-wrapper fusion-flex-column-wrapper-legacy\" style=\"background-position:center center;background-repeat:no-repeat;-webkit-background-size:cover;-moz-background-size:cover;-o-background-size:cover;background-size:cover;padding: 0px 0px 0px 0px;\"><div class=\"fusion-image-carousel fusion-image-carousel-auto fusion-image-carousel-1\"><div class=\"fusion-carousel\" data-autoplay=\"yes\" data-columns=\"1\" data-itemmargin=\"0\" data-itemwidth=\"180\" data-touchscroll=\"no\" data-imagesize=\"auto\"><div class=\"fusion-carousel-positioner\"><ul class=\"fusion-carousel-holder\"><li class=\"fusion-carousel-item\"><div class=\"fusion-carousel-item-wrapper\"><div class=\"fusion-image-wrapper hover-type-none\"><img width=\"1800\" height=\"1200\" src=\"https:\/\/atelier-design.cz\/wp-content\/uploads\/2025\/09\/Storch-1-e1758699062689.jpg\" class=\"attachment-full size-full\" alt=\"\" \/><\/div><\/div><\/li><li class=\"fusion-carousel-item\"><div class=\"fusion-carousel-item-wrapper\"><div class=\"fusion-image-wrapper hover-type-none\"><img width=\"1800\" height=\"1200\" src=\"https:\/\/atelier-design.cz\/wp-content\/uploads\/2025\/09\/Storch-7-e1758699032662.jpg\" class=\"attachment-full size-full\" alt=\"\" \/><\/div><\/div><\/li><li class=\"fusion-carousel-item\"><div class=\"fusion-carousel-item-wrapper\"><div class=\"fusion-image-wrapper hover-type-none\"><img width=\"1800\" height=\"1200\" src=\"https:\/\/atelier-design.cz\/wp-content\/uploads\/2025\/09\/Storch-9-e1758699005227.jpg\" class=\"attachment-full size-full\" alt=\"\" \/><\/div><\/div><\/li><li class=\"fusion-carousel-item\"><div class=\"fusion-carousel-item-wrapper\"><div class=\"fusion-image-wrapper hover-type-none\"><img width=\"1800\" height=\"1200\" src=\"https:\/\/atelier-design.cz\/wp-content\/uploads\/2025\/09\/Storch-23-e1758698734855.jpg\" class=\"attachment-full size-full\" alt=\"\" \/><\/div><\/div><\/li><li class=\"fusion-carousel-item\"><div class=\"fusion-carousel-item-wrapper\"><div class=\"fusion-image-wrapper hover-type-none\"><img width=\"1800\" height=\"1200\" src=\"https:\/\/atelier-design.cz\/wp-content\/uploads\/2025\/09\/Storch-31-e1758698625116.jpg\" class=\"attachment-full size-full\" alt=\"\" \/><\/div><\/div><\/li><li class=\"fusion-carousel-item\"><div class=\"fusion-carousel-item-wrapper\"><div class=\"fusion-image-wrapper hover-type-none\"><img width=\"1800\" height=\"1200\" src=\"https:\/\/atelier-design.cz\/wp-content\/uploads\/2025\/09\/Storch-11-e1758698961653.jpg\" class=\"attachment-full size-full\" alt=\"\" \/><\/div><\/div><\/li><li class=\"fusion-carousel-item\"><div class=\"fusion-carousel-item-wrapper\"><div class=\"fusion-image-wrapper hover-type-none\"><img width=\"1800\" height=\"1200\" src=\"https:\/\/atelier-design.cz\/wp-content\/uploads\/2025\/09\/Storch-12-e1758698932621.jpg\" class=\"attachment-full size-full\" alt=\"\" \/><\/div><\/div><\/li><li class=\"fusion-carousel-item\"><div class=\"fusion-carousel-item-wrapper\"><div class=\"fusion-image-wrapper hover-type-none\"><img width=\"1800\" height=\"1200\" src=\"https:\/\/atelier-design.cz\/wp-content\/uploads\/2025\/09\/Storch-16-e1758698903779.jpg\" class=\"attachment-full size-full\" alt=\"\" \/><\/div><\/div><\/li><li class=\"fusion-carousel-item\"><div class=\"fusion-carousel-item-wrapper\"><div class=\"fusion-image-wrapper hover-type-none\"><img width=\"1800\" height=\"1200\" src=\"https:\/\/atelier-design.cz\/wp-content\/uploads\/2025\/09\/Storch-18-e1758698871777.jpg\" class=\"attachment-full size-full\" alt=\"\" \/><\/div><\/div><\/li><li class=\"fusion-carousel-item\"><div class=\"fusion-carousel-item-wrapper\"><div class=\"fusion-image-wrapper hover-type-none\"><img width=\"1800\" height=\"1200\" src=\"https:\/\/atelier-design.cz\/wp-content\/uploads\/2025\/09\/Storch-20-e1758698843695.jpg\" class=\"attachment-full size-full\" alt=\"\" \/><\/div><\/div><\/li><li class=\"fusion-carousel-item\"><div class=\"fusion-carousel-item-wrapper\"><div class=\"fusion-image-wrapper hover-type-none\"><img width=\"1800\" height=\"1200\" src=\"https:\/\/atelier-design.cz\/wp-content\/uploads\/2025\/09\/Storch-22-e1758698806139.jpg\" class=\"attachment-full size-full\" alt=\"\" \/><\/div><\/div><\/li><li class=\"fusion-carousel-item\"><div class=\"fusion-carousel-item-wrapper\"><div class=\"fusion-image-wrapper hover-type-none\"><img width=\"1800\" height=\"1200\" src=\"https:\/\/atelier-design.cz\/wp-content\/uploads\/2025\/09\/Storch-29-e1758698659936.jpg\" class=\"attachment-full size-full\" alt=\"\" \/><\/div><\/div><\/li><li class=\"fusion-carousel-item\"><div class=\"fusion-carousel-item-wrapper\"><div class=\"fusion-image-wrapper hover-type-none\"><img width=\"1800\" height=\"1200\" src=\"https:\/\/atelier-design.cz\/wp-content\/uploads\/2025\/09\/Storch-36-e1758698585244.jpg\" class=\"attachment-full size-full\" alt=\"\" \/><\/div><\/div><\/li><li class=\"fusion-carousel-item\"><div class=\"fusion-carousel-item-wrapper\"><div class=\"fusion-image-wrapper hover-type-none\"><img width=\"1800\" height=\"1200\" src=\"https:\/\/atelier-design.cz\/wp-content\/uploads\/2025\/09\/Storch-25-e1758698702570.jpg\" class=\"attachment-full size-full\" alt=\"\" \/><\/div><\/div><\/li><\/ul><div class=\"fusion-carousel-nav\"><button class=\"fusion-nav-prev awb-icon-left\" aria-label=\"Previous\"><\/button><button class=\"fusion-nav-next awb-icon-right\" aria-label=\"Next\"><\/button><\/div><\/div><\/div><\/div><div class=\"fusion-clearfix\"><\/div><\/div><\/div><div class=\"fusion-layout-column fusion_builder_column_inner fusion-builder-nested-column-1 fusion_builder_column_inner_2_5 2_5 fusion-two-fifth fusion-column-last contentWrapper\" style=\"width:40%;width:calc(40% - ( ( 0 ) * 0.4 ) );margin-top:0px;margin-bottom:0px;\"><div class=\"fusion-column-wrapper fusion-flex-column-wrapper-legacy\" style=\"background-position:left top;background-repeat:no-repeat;-webkit-background-size:cover;-moz-background-size:cover;-o-background-size:cover;background-size:cover;padding: 0px 0px 0px 0px;\"><style type=\"text\/css\"><\/style><div class=\"fusion-title title fusion-title-1 fusion-sep-none fusion-title-text fusion-title-size-one\" style=\"margin-top:0px;margin-right:0px;margin-bottom:31px;margin-left:0px;\"><h1 class=\"title-heading-left\" style=\"margin:0;\">Ausstellung \u0160torch 2025<\/h1><\/div><div class=\"fusion-text fusion-text-1\"><p><strong>Die pr\u00e4historischen Abenteuer von Eduard \u0160torch \u2013 eine Ausstellung f\u00fcr Literatur- und Arch\u00e4ologieliebhaber<\/strong><\/p>\n<p>Die Ausstellung \u201eDie pr\u00e4historischen Abenteuer von Eduard \u0160torch\u201c wird im Neubau des Nationalmuseums pr\u00e4sentiert. Die Ausstellung entstand in Zusammenarbeit mit dem Nationalen Literaturdenkmal und vermittelt den Besuchern die ungew\u00f6hnliche Verbindung zwischen \u0160torchs Romanen und authentischen arch\u00e4ologischen Funden, die ihn beim Schreiben seiner Werke inspirierten.<\/p>\n<\/div><div class=\"fusion-clearfix\"><\/div><\/div><\/div><\/div><div class=\"fusion-clearfix\"><\/div><\/div><\/div><\/div><\/div>\n","protected":false},"excerpt":{"rendered":"","protected":false},"author":2,"featured_media":0,"parent":2294,"menu_order":0,"comment_status":"closed","ping_status":"open","template":"","meta":[],"yoast_head":"<!-- This site is optimized with the Yoast SEO plugin v19.11 - https:\/\/yoast.com\/wordpress\/plugins\/seo\/ -->\n<title>Ausstellung \u0160torch 2025 - atelier-design<\/title>\n<meta name=\"robots\" content=\"index, follow, max-snippet:-1, max-image-preview:large, max-video-preview:-1\" \/>\n<link rel=\"canonical\" href=\"https:\/\/atelier-design.cz\/de\/ausstellungen\/ausstellung-storch-2025\/\" \/>\n<meta property=\"og:locale\" content=\"de_DE\" \/>\n<meta property=\"og:type\" content=\"article\" \/>\n<meta property=\"og:title\" content=\"Ausstellung \u0160torch 2025 - atelier-design\" \/>\n<meta property=\"og:url\" content=\"https:\/\/atelier-design.cz\/de\/ausstellungen\/ausstellung-storch-2025\/\" \/>\n<meta property=\"og:site_name\" content=\"atelier-design\" \/>\n<meta property=\"article:modified_time\" content=\"2025-09-24T07:38:36+00:00\" \/>\n<meta name=\"twitter:card\" content=\"summary_large_image\" \/>\n<meta name=\"twitter:label1\" content=\"Gesch\u00e4tzte Lesezeit\" \/>\n\t<meta name=\"twitter:data1\" content=\"10 Minuten\" \/>\n<script type=\"application\/ld+json\" class=\"yoast-schema-graph\">{\"@context\":\"https:\/\/schema.org\",\"@graph\":[{\"@type\":\"WebPage\",\"@id\":\"https:\/\/atelier-design.cz\/de\/ausstellungen\/ausstellung-storch-2025\/\",\"url\":\"https:\/\/atelier-design.cz\/de\/ausstellungen\/ausstellung-storch-2025\/\",\"name\":\"Ausstellung \u0160torch 2025 - atelier-design\",\"isPartOf\":{\"@id\":\"https:\/\/atelier-design.cz\/#website\"},\"datePublished\":\"2025-09-03T08:55:07+00:00\",\"dateModified\":\"2025-09-24T07:38:36+00:00\",\"breadcrumb\":{\"@id\":\"https:\/\/atelier-design.cz\/de\/ausstellungen\/ausstellung-storch-2025\/#breadcrumb\"},\"inLanguage\":\"de-DE\",\"potentialAction\":[{\"@type\":\"ReadAction\",\"target\":[\"https:\/\/atelier-design.cz\/de\/ausstellungen\/ausstellung-storch-2025\/\"]}]},{\"@type\":\"BreadcrumbList\",\"@id\":\"https:\/\/atelier-design.cz\/de\/ausstellungen\/ausstellung-storch-2025\/#breadcrumb\",\"itemListElement\":[{\"@type\":\"ListItem\",\"position\":1,\"name\":\"Ausstellungen\",\"item\":\"https:\/\/atelier-design.cz\/de\/ausstellungen\/\"},{\"@type\":\"ListItem\",\"position\":2,\"name\":\"Ausstellung \u0160torch 2025\"}]},{\"@type\":\"WebSite\",\"@id\":\"https:\/\/atelier-design.cz\/#website\",\"url\":\"https:\/\/atelier-design.cz\/\",\"name\":\"atelier-design\",\"description\":\"v\u00fdstavy, veletrhy, prezentace\",\"potentialAction\":[{\"@type\":\"SearchAction\",\"target\":{\"@type\":\"EntryPoint\",\"urlTemplate\":\"https:\/\/atelier-design.cz\/?s={search_term_string}\"},\"query-input\":\"required name=search_term_string\"}],\"inLanguage\":\"de-DE\"}]}<\/script>\n<!-- \/ Yoast SEO plugin. -->","yoast_head_json":{"title":"Ausstellung \u0160torch 2025 - atelier-design","robots":{"index":"index","follow":"follow","max-snippet":"max-snippet:-1","max-image-preview":"max-image-preview:large","max-video-preview":"max-video-preview:-1"},"canonical":"https:\/\/atelier-design.cz\/de\/ausstellungen\/ausstellung-storch-2025\/","og_locale":"de_DE","og_type":"article","og_title":"Ausstellung \u0160torch 2025 - atelier-design","og_url":"https:\/\/atelier-design.cz\/de\/ausstellungen\/ausstellung-storch-2025\/","og_site_name":"atelier-design","article_modified_time":"2025-09-24T07:38:36+00:00","twitter_card":"summary_large_image","twitter_misc":{"Gesch\u00e4tzte Lesezeit":"10 Minuten"},"schema":{"@context":"https:\/\/schema.org","@graph":[{"@type":"WebPage","@id":"https:\/\/atelier-design.cz\/de\/ausstellungen\/ausstellung-storch-2025\/","url":"https:\/\/atelier-design.cz\/de\/ausstellungen\/ausstellung-storch-2025\/","name":"Ausstellung \u0160torch 2025 - atelier-design","isPartOf":{"@id":"https:\/\/atelier-design.cz\/#website"},"datePublished":"2025-09-03T08:55:07+00:00","dateModified":"2025-09-24T07:38:36+00:00","breadcrumb":{"@id":"https:\/\/atelier-design.cz\/de\/ausstellungen\/ausstellung-storch-2025\/#breadcrumb"},"inLanguage":"de-DE","potentialAction":[{"@type":"ReadAction","target":["https:\/\/atelier-design.cz\/de\/ausstellungen\/ausstellung-storch-2025\/"]}]},{"@type":"BreadcrumbList","@id":"https:\/\/atelier-design.cz\/de\/ausstellungen\/ausstellung-storch-2025\/#breadcrumb","itemListElement":[{"@type":"ListItem","position":1,"name":"Ausstellungen","item":"https:\/\/atelier-design.cz\/de\/ausstellungen\/"},{"@type":"ListItem","position":2,"name":"Ausstellung \u0160torch 2025"}]},{"@type":"WebSite","@id":"https:\/\/atelier-design.cz\/#website","url":"https:\/\/atelier-design.cz\/","name":"atelier-design","description":"v\u00fdstavy, veletrhy, prezentace","potentialAction":[{"@type":"SearchAction","target":{"@type":"EntryPoint","urlTemplate":"https:\/\/atelier-design.cz\/?s={search_term_string}"},"query-input":"required name=search_term_string"}],"inLanguage":"de-DE"}]}},"_links":{"self":[{"href":"https:\/\/atelier-design.cz\/de\/wp-json\/wp\/v2\/pages\/4428"}],"collection":[{"href":"https:\/\/atelier-design.cz\/de\/wp-json\/wp\/v2\/pages"}],"about":[{"href":"https:\/\/atelier-design.cz\/de\/wp-json\/wp\/v2\/types\/page"}],"author":[{"embeddable":true,"href":"https:\/\/atelier-design.cz\/de\/wp-json\/wp\/v2\/users\/2"}],"replies":[{"embeddable":true,"href":"https:\/\/atelier-design.cz\/de\/wp-json\/wp\/v2\/comments?post=4428"}],"version-history":[{"count":7,"href":"https:\/\/atelier-design.cz\/de\/wp-json\/wp\/v2\/pages\/4428\/revisions"}],"predecessor-version":[{"id":4439,"href":"https:\/\/atelier-design.cz\/de\/wp-json\/wp\/v2\/pages\/4428\/revisions\/4439"}],"up":[{"embeddable":true,"href":"https:\/\/atelier-design.cz\/de\/wp-json\/wp\/v2\/pages\/2294"}],"wp:attachment":[{"href":"https:\/\/atelier-design.cz\/de\/wp-json\/wp\/v2\/media?parent=4428"}],"curies":[{"name":"wp","href":"https:\/\/api.w.org\/{rel}","templated":true}]}}