{"id":4292,"date":"2025-09-23T14:31:26","date_gmt":"2025-09-23T12:31:26","guid":{"rendered":"https:\/\/atelier-design.cz\/innenraeume\/us-brno-2023\/"},"modified":"2025-09-23T15:11:53","modified_gmt":"2025-09-23T13:11:53","slug":"us-brno-2023","status":"publish","type":"page","link":"https:\/\/atelier-design.cz\/de\/innenraeume\/us-brno-2023\/","title":{"rendered":"\u00daS Brno 2023"},"content":{"rendered":"<div class=\"fusion-fullwidth fullwidth-box fusion-builder-row-1 nonhundred-percent-fullwidth non-hundred-percent-height-scrolling fusion-equal-height-columns\" style=\"background-color: rgba(255,255,255,0);background-position: center center;background-repeat: no-repeat;padding-top:0px;padding-right:0px;padding-bottom:0px;padding-left:0px;margin-bottom: 0px;margin-top: 0px;border-width: 0px 0px 0px 0px;border-color:#eae9e9;border-style:solid;\" ><div class=\"fusion-builder-row fusion-row\"><div class=\"fusion-layout-column fusion_builder_column fusion-builder-column-0 fusion_builder_column_1_1 1_1 fusion-one-full fusion-column-first fusion-column-last bfranim\" style=\"margin-top:0px;margin-bottom:0px;\"><div class=\"fusion-column-wrapper fusion-flex-column-wrapper-legacy\" style=\"background-position:left top;background-repeat:no-repeat;-webkit-background-size:cover;-moz-background-size:cover;-o-background-size:cover;background-size:cover;border-width: 10px 10px 10px 10px;border-color:#ffffff;border-style:solid;padding: 0px 0px 0px 0px;\"><div class=\"fusion-builder-row fusion-builder-row-inner fusion-row\"><div class=\"fusion-layout-column fusion_builder_column_inner fusion-builder-nested-column-0 fusion_builder_column_inner_3_5 3_5 fusion-three-fifth fusion-column-first\" style=\"width:60%;width:calc(60% - ( ( 0 ) * 0.6 ) );margin-right: 0px;margin-top:0px;margin-bottom:0px;\"><div class=\"fusion-column-wrapper fusion-flex-column-wrapper-legacy\" style=\"background-position:center center;background-repeat:no-repeat;-webkit-background-size:cover;-moz-background-size:cover;-o-background-size:cover;background-size:cover;padding: 0px 0px 0px 0px;\"><div class=\"fusion-image-carousel fusion-image-carousel-auto fusion-image-carousel-1\"><div class=\"fusion-carousel\" data-autoplay=\"yes\" data-columns=\"1\" data-itemmargin=\"0\" data-itemwidth=\"180\" data-touchscroll=\"no\" data-imagesize=\"auto\"><div class=\"fusion-carousel-positioner\"><ul class=\"fusion-carousel-holder\"><li class=\"fusion-carousel-item\"><div class=\"fusion-carousel-item-wrapper\"><div class=\"fusion-image-wrapper hover-type-none\"><img width=\"2560\" height=\"1463\" src=\"https:\/\/atelier-design.cz\/wp-content\/uploads\/2025\/09\/exterier-scaled.jpg\" class=\"attachment-full size-full\" alt=\"\" srcset=\"https:\/\/atelier-design.cz\/wp-content\/uploads\/2025\/09\/exterier-200x114.jpg 200w, https:\/\/atelier-design.cz\/wp-content\/uploads\/2025\/09\/exterier-300x171.jpg 300w, https:\/\/atelier-design.cz\/wp-content\/uploads\/2025\/09\/exterier-400x229.jpg 400w, https:\/\/atelier-design.cz\/wp-content\/uploads\/2025\/09\/exterier-600x343.jpg 600w, https:\/\/atelier-design.cz\/wp-content\/uploads\/2025\/09\/exterier-768x439.jpg 768w, https:\/\/atelier-design.cz\/wp-content\/uploads\/2025\/09\/exterier-800x457.jpg 800w, https:\/\/atelier-design.cz\/wp-content\/uploads\/2025\/09\/exterier-1024x585.jpg 1024w, https:\/\/atelier-design.cz\/wp-content\/uploads\/2025\/09\/exterier-1200x686.jpg 1200w, https:\/\/atelier-design.cz\/wp-content\/uploads\/2025\/09\/exterier-1536x878.jpg 1536w, https:\/\/atelier-design.cz\/wp-content\/uploads\/2025\/09\/exterier-scaled.jpg 2560w\" sizes=\"(max-width: 2560px) 100vw, 2560px\" \/><\/div><\/div><\/li><li class=\"fusion-carousel-item\"><div class=\"fusion-carousel-item-wrapper\"><div class=\"fusion-image-wrapper hover-type-none\"><img width=\"2560\" height=\"1463\" src=\"https:\/\/atelier-design.cz\/wp-content\/uploads\/2025\/09\/interier-scaled.jpg\" class=\"attachment-full size-full\" alt=\"\" srcset=\"https:\/\/atelier-design.cz\/wp-content\/uploads\/2025\/09\/interier-200x114.jpg 200w, https:\/\/atelier-design.cz\/wp-content\/uploads\/2025\/09\/interier-300x171.jpg 300w, https:\/\/atelier-design.cz\/wp-content\/uploads\/2025\/09\/interier-400x229.jpg 400w, https:\/\/atelier-design.cz\/wp-content\/uploads\/2025\/09\/interier-600x343.jpg 600w, https:\/\/atelier-design.cz\/wp-content\/uploads\/2025\/09\/interier-768x439.jpg 768w, https:\/\/atelier-design.cz\/wp-content\/uploads\/2025\/09\/interier-800x457.jpg 800w, https:\/\/atelier-design.cz\/wp-content\/uploads\/2025\/09\/interier-1024x585.jpg 1024w, https:\/\/atelier-design.cz\/wp-content\/uploads\/2025\/09\/interier-1200x686.jpg 1200w, https:\/\/atelier-design.cz\/wp-content\/uploads\/2025\/09\/interier-1536x878.jpg 1536w, https:\/\/atelier-design.cz\/wp-content\/uploads\/2025\/09\/interier-scaled.jpg 2560w\" sizes=\"(max-width: 2560px) 100vw, 2560px\" \/><\/div><\/div><\/li><li class=\"fusion-carousel-item\"><div class=\"fusion-carousel-item-wrapper\"><div class=\"fusion-image-wrapper hover-type-none\"><img width=\"1920\" height=\"2560\" src=\"https:\/\/atelier-design.cz\/wp-content\/uploads\/2025\/09\/20230627_143204-scaled-e1758631628144.jpg\" class=\"attachment-full size-full\" alt=\"\" \/><\/div><\/div><\/li><li class=\"fusion-carousel-item\"><div class=\"fusion-carousel-item-wrapper\"><div class=\"fusion-image-wrapper hover-type-none\"><img width=\"2560\" height=\"1920\" src=\"https:\/\/atelier-design.cz\/wp-content\/uploads\/2025\/09\/20230627_143215-scaled-e1758631595567.jpg\" class=\"attachment-full size-full\" alt=\"\" \/><\/div><\/div><\/li><li class=\"fusion-carousel-item\"><div class=\"fusion-carousel-item-wrapper\"><div class=\"fusion-image-wrapper hover-type-none\"><img width=\"2560\" height=\"1920\" src=\"https:\/\/atelier-design.cz\/wp-content\/uploads\/2025\/09\/20230630_161436-scaled-e1758631347136.jpg\" class=\"attachment-full size-full\" alt=\"\" \/><\/div><\/div><\/li><li class=\"fusion-carousel-item\"><div class=\"fusion-carousel-item-wrapper\"><div class=\"fusion-image-wrapper hover-type-none\"><img width=\"2560\" height=\"1920\" src=\"https:\/\/atelier-design.cz\/wp-content\/uploads\/2025\/09\/20230630_171946-scaled-e1758631239640.jpg\" class=\"attachment-full size-full\" alt=\"\" \/><\/div><\/div><\/li><li class=\"fusion-carousel-item\"><div class=\"fusion-carousel-item-wrapper\"><div class=\"fusion-image-wrapper hover-type-none\"><img width=\"2560\" height=\"1920\" src=\"https:\/\/atelier-design.cz\/wp-content\/uploads\/2025\/09\/20230627_195345-scaled-e1758631393331.jpg\" class=\"attachment-full size-full\" alt=\"\" \/><\/div><\/div><\/li><li class=\"fusion-carousel-item\"><div class=\"fusion-carousel-item-wrapper\"><div class=\"fusion-image-wrapper hover-type-none\"><img width=\"2560\" height=\"1920\" src=\"https:\/\/atelier-design.cz\/wp-content\/uploads\/2025\/09\/20230627_195327-scaled-e1758631430323.jpg\" class=\"attachment-full size-full\" alt=\"\" \/><\/div><\/div><\/li><li class=\"fusion-carousel-item\"><div class=\"fusion-carousel-item-wrapper\"><div class=\"fusion-image-wrapper hover-type-none\"><img width=\"2560\" height=\"1920\" src=\"https:\/\/atelier-design.cz\/wp-content\/uploads\/2025\/09\/20230627_195214-scaled-e1758631565549.jpg\" class=\"attachment-full size-full\" alt=\"\" \/><\/div><\/div><\/li><li class=\"fusion-carousel-item\"><div class=\"fusion-carousel-item-wrapper\"><div class=\"fusion-image-wrapper hover-type-none\"><img width=\"2560\" height=\"1920\" src=\"https:\/\/atelier-design.cz\/wp-content\/uploads\/2025\/09\/20230627_195249-scaled-e1758631531847.jpg\" class=\"attachment-full size-full\" alt=\"\" \/><\/div><\/div><\/li><li class=\"fusion-carousel-item\"><div class=\"fusion-carousel-item-wrapper\"><div class=\"fusion-image-wrapper hover-type-none\"><img width=\"2560\" height=\"1920\" src=\"https:\/\/atelier-design.cz\/wp-content\/uploads\/2025\/09\/20230627_195307-scaled-e1758631473779.jpg\" class=\"attachment-full size-full\" alt=\"\" \/><\/div><\/div><\/li><\/ul><div class=\"fusion-carousel-nav\"><button class=\"fusion-nav-prev awb-icon-left\" aria-label=\"Previous\"><\/button><button class=\"fusion-nav-next awb-icon-right\" aria-label=\"Next\"><\/button><\/div><\/div><\/div><\/div><div class=\"fusion-clearfix\"><\/div><\/div><\/div><div class=\"fusion-layout-column fusion_builder_column_inner fusion-builder-nested-column-1 fusion_builder_column_inner_2_5 2_5 fusion-two-fifth fusion-column-last contentWrapper\" style=\"width:40%;width:calc(40% - ( ( 0 ) * 0.4 ) );margin-top:0px;margin-bottom:0px;\"><div class=\"fusion-column-wrapper fusion-flex-column-wrapper-legacy\" style=\"background-position:left top;background-repeat:no-repeat;-webkit-background-size:cover;-moz-background-size:cover;-o-background-size:cover;background-size:cover;padding: 0px 0px 0px 0px;\"><style type=\"text\/css\"><\/style><div class=\"fusion-title title fusion-title-1 fusion-sep-none fusion-title-text fusion-title-size-one\" style=\"margin-top:0px;margin-right:0px;margin-bottom:31px;margin-left:0px;\"><h1 class=\"title-heading-left\" style=\"margin:0;\">\u00daS Brno 2023<\/h1><\/div><div class=\"fusion-text fusion-text-1\"><p>Die Installation einer ausgeschnittenen Grafik an der Wand des Verfassungsgerichts in Br\u00fcnn mit der tschechischen Verfassung ist ein Kunstwerk, das den grundlegenden Text der Verfassung im Gerichtsgeb\u00e4ude visuell zug\u00e4nglich macht.<\/p>\n<p>Der Text soll B\u00fcrgern und Besuchern die Prinzipien eines demokratischen Rechtsstaats und die Funktionsweise seiner wichtigsten Institutionen n\u00e4herbringen.<\/p>\n<\/div><div class=\"fusion-clearfix\"><\/div><\/div><\/div><\/div><div class=\"fusion-clearfix\"><\/div><\/div><\/div><\/div><\/div>\n","protected":false},"excerpt":{"rendered":"","protected":false},"author":2,"featured_media":0,"parent":2176,"menu_order":0,"comment_status":"closed","ping_status":"open","template":"","meta":[],"yoast_head":"<!-- This site is optimized with the Yoast SEO plugin v19.11 - https:\/\/yoast.com\/wordpress\/plugins\/seo\/ -->\n<title>\u00daS Brno 2023 - atelier-design<\/title>\n<meta name=\"robots\" content=\"index, follow, max-snippet:-1, max-image-preview:large, max-video-preview:-1\" \/>\n<link rel=\"canonical\" href=\"https:\/\/atelier-design.cz\/interiery\/us-brno-2023\/\" \/>\n<meta property=\"og:locale\" content=\"de_DE\" \/>\n<meta property=\"og:type\" content=\"article\" \/>\n<meta property=\"og:title\" content=\"\u00daS Brno 2023 - atelier-design\" \/>\n<meta property=\"og:url\" content=\"https:\/\/atelier-design.cz\/interiery\/us-brno-2023\/\" \/>\n<meta property=\"og:site_name\" content=\"atelier-design\" \/>\n<meta property=\"article:modified_time\" content=\"2025-09-23T13:11:53+00:00\" \/>\n<meta name=\"twitter:card\" content=\"summary_large_image\" \/>\n<meta name=\"twitter:label1\" content=\"Gesch\u00e4tzte Lesezeit\" \/>\n\t<meta name=\"twitter:data1\" content=\"10 Minuten\" \/>\n<script type=\"application\/ld+json\" class=\"yoast-schema-graph\">{\"@context\":\"https:\/\/schema.org\",\"@graph\":[{\"@type\":\"WebPage\",\"@id\":\"https:\/\/atelier-design.cz\/interiery\/us-brno-2023\/\",\"url\":\"https:\/\/atelier-design.cz\/interiery\/us-brno-2023\/\",\"name\":\"\u00daS Brno 2023 - atelier-design\",\"isPartOf\":{\"@id\":\"https:\/\/atelier-design.cz\/#website\"},\"datePublished\":\"2025-09-23T12:31:26+00:00\",\"dateModified\":\"2025-09-23T13:11:53+00:00\",\"breadcrumb\":{\"@id\":\"https:\/\/atelier-design.cz\/interiery\/us-brno-2023\/#breadcrumb\"},\"inLanguage\":\"de-DE\",\"potentialAction\":[{\"@type\":\"ReadAction\",\"target\":[\"https:\/\/atelier-design.cz\/interiery\/us-brno-2023\/\"]}]},{\"@type\":\"BreadcrumbList\",\"@id\":\"https:\/\/atelier-design.cz\/interiery\/us-brno-2023\/#breadcrumb\",\"itemListElement\":[{\"@type\":\"ListItem\",\"position\":1,\"name\":\"Innenr\u00e4ume\",\"item\":\"https:\/\/atelier-design.cz\/interiery\/\"},{\"@type\":\"ListItem\",\"position\":2,\"name\":\"\u00daS Brno 2023\"}]},{\"@type\":\"WebSite\",\"@id\":\"https:\/\/atelier-design.cz\/#website\",\"url\":\"https:\/\/atelier-design.cz\/\",\"name\":\"atelier-design\",\"description\":\"v\u00fdstavy, veletrhy, prezentace\",\"potentialAction\":[{\"@type\":\"SearchAction\",\"target\":{\"@type\":\"EntryPoint\",\"urlTemplate\":\"https:\/\/atelier-design.cz\/?s={search_term_string}\"},\"query-input\":\"required name=search_term_string\"}],\"inLanguage\":\"de-DE\"}]}<\/script>\n<!-- \/ Yoast SEO plugin. -->","yoast_head_json":{"title":"\u00daS Brno 2023 - atelier-design","robots":{"index":"index","follow":"follow","max-snippet":"max-snippet:-1","max-image-preview":"max-image-preview:large","max-video-preview":"max-video-preview:-1"},"canonical":"https:\/\/atelier-design.cz\/interiery\/us-brno-2023\/","og_locale":"de_DE","og_type":"article","og_title":"\u00daS Brno 2023 - atelier-design","og_url":"https:\/\/atelier-design.cz\/interiery\/us-brno-2023\/","og_site_name":"atelier-design","article_modified_time":"2025-09-23T13:11:53+00:00","twitter_card":"summary_large_image","twitter_misc":{"Gesch\u00e4tzte Lesezeit":"10 Minuten"},"schema":{"@context":"https:\/\/schema.org","@graph":[{"@type":"WebPage","@id":"https:\/\/atelier-design.cz\/interiery\/us-brno-2023\/","url":"https:\/\/atelier-design.cz\/interiery\/us-brno-2023\/","name":"\u00daS Brno 2023 - atelier-design","isPartOf":{"@id":"https:\/\/atelier-design.cz\/#website"},"datePublished":"2025-09-23T12:31:26+00:00","dateModified":"2025-09-23T13:11:53+00:00","breadcrumb":{"@id":"https:\/\/atelier-design.cz\/interiery\/us-brno-2023\/#breadcrumb"},"inLanguage":"de-DE","potentialAction":[{"@type":"ReadAction","target":["https:\/\/atelier-design.cz\/interiery\/us-brno-2023\/"]}]},{"@type":"BreadcrumbList","@id":"https:\/\/atelier-design.cz\/interiery\/us-brno-2023\/#breadcrumb","itemListElement":[{"@type":"ListItem","position":1,"name":"Innenr\u00e4ume","item":"https:\/\/atelier-design.cz\/interiery\/"},{"@type":"ListItem","position":2,"name":"\u00daS Brno 2023"}]},{"@type":"WebSite","@id":"https:\/\/atelier-design.cz\/#website","url":"https:\/\/atelier-design.cz\/","name":"atelier-design","description":"v\u00fdstavy, veletrhy, prezentace","potentialAction":[{"@type":"SearchAction","target":{"@type":"EntryPoint","urlTemplate":"https:\/\/atelier-design.cz\/?s={search_term_string}"},"query-input":"required name=search_term_string"}],"inLanguage":"de-DE"}]}},"_links":{"self":[{"href":"https:\/\/atelier-design.cz\/de\/wp-json\/wp\/v2\/pages\/4292"}],"collection":[{"href":"https:\/\/atelier-design.cz\/de\/wp-json\/wp\/v2\/pages"}],"about":[{"href":"https:\/\/atelier-design.cz\/de\/wp-json\/wp\/v2\/types\/page"}],"author":[{"embeddable":true,"href":"https:\/\/atelier-design.cz\/de\/wp-json\/wp\/v2\/users\/2"}],"replies":[{"embeddable":true,"href":"https:\/\/atelier-design.cz\/de\/wp-json\/wp\/v2\/comments?post=4292"}],"version-history":[{"count":3,"href":"https:\/\/atelier-design.cz\/de\/wp-json\/wp\/v2\/pages\/4292\/revisions"}],"predecessor-version":[{"id":4298,"href":"https:\/\/atelier-design.cz\/de\/wp-json\/wp\/v2\/pages\/4292\/revisions\/4298"}],"up":[{"embeddable":true,"href":"https:\/\/atelier-design.cz\/de\/wp-json\/wp\/v2\/pages\/2176"}],"wp:attachment":[{"href":"https:\/\/atelier-design.cz\/de\/wp-json\/wp\/v2\/media?parent=4292"}],"curies":[{"name":"wp","href":"https:\/\/api.w.org\/{rel}","templated":true}]}}