{"id":3986,"date":"2023-06-06T12:41:56","date_gmt":"2023-06-06T10:41:56","guid":{"rendered":"https:\/\/atelier-design.cz\/messen\/copenhagen-2023\/"},"modified":"2023-06-16T11:12:39","modified_gmt":"2023-06-16T09:12:39","slug":"copenhagen-2023","status":"publish","type":"page","link":"https:\/\/atelier-design.cz\/de\/messen\/copenhagen-2023\/","title":{"rendered":"Copenhagen 2023"},"content":{"rendered":"<div class=\"fusion-fullwidth fullwidth-box fusion-builder-row-1 nonhundred-percent-fullwidth non-hundred-percent-height-scrolling fusion-equal-height-columns\" style=\"background-color: rgba(255,255,255,0);background-position: center center;background-repeat: no-repeat;padding-top:0px;padding-right:0px;padding-bottom:0px;padding-left:0px;margin-bottom: 0px;margin-top: 0px;border-width: 0px 0px 0px 0px;border-color:#eae9e9;border-style:solid;\" ><div class=\"fusion-builder-row fusion-row\"><div class=\"fusion-layout-column fusion_builder_column fusion-builder-column-0 fusion_builder_column_1_1 1_1 fusion-one-full fusion-column-first fusion-column-last bfranim\" style=\"margin-top:0px;margin-bottom:0px;\"><div class=\"fusion-column-wrapper fusion-flex-column-wrapper-legacy\" style=\"background-position:left top;background-repeat:no-repeat;-webkit-background-size:cover;-moz-background-size:cover;-o-background-size:cover;background-size:cover;border-width: 10px 10px 10px 10px;border-color:#ffffff;border-style:solid;padding: 0px 0px 0px 0px;\"><div class=\"fusion-builder-row fusion-builder-row-inner fusion-row\"><div class=\"fusion-layout-column fusion_builder_column_inner fusion-builder-nested-column-0 fusion_builder_column_inner_3_5 3_5 fusion-three-fifth fusion-column-first\" style=\"width:60%;width:calc(60% - ( ( 0 ) * 0.6 ) );margin-right: 0px;margin-top:0px;margin-bottom:0px;\"><div class=\"fusion-column-wrapper fusion-flex-column-wrapper-legacy\" style=\"background-position:center center;background-repeat:no-repeat;-webkit-background-size:cover;-moz-background-size:cover;-o-background-size:cover;background-size:cover;padding: 0px 0px 0px 0px;\"><div class=\"fusion-image-carousel fusion-image-carousel-auto fusion-image-carousel-1\"><div class=\"fusion-carousel\" data-autoplay=\"yes\" data-columns=\"1\" data-itemmargin=\"0\" data-itemwidth=\"180\" data-touchscroll=\"no\" data-imagesize=\"auto\"><div class=\"fusion-carousel-positioner\"><ul class=\"fusion-carousel-holder\"><li class=\"fusion-carousel-item\"><div class=\"fusion-carousel-item-wrapper\"><div class=\"fusion-image-wrapper hover-type-none\"><img width=\"2560\" height=\"1463\" src=\"https:\/\/atelier-design.cz\/wp-content\/uploads\/2023\/05\/tree2-scaled.jpg\" class=\"attachment-full size-full\" alt=\"\" srcset=\"https:\/\/atelier-design.cz\/wp-content\/uploads\/2023\/05\/tree2-200x114.jpg 200w, https:\/\/atelier-design.cz\/wp-content\/uploads\/2023\/05\/tree2-300x171.jpg 300w, https:\/\/atelier-design.cz\/wp-content\/uploads\/2023\/05\/tree2-400x229.jpg 400w, https:\/\/atelier-design.cz\/wp-content\/uploads\/2023\/05\/tree2-600x343.jpg 600w, https:\/\/atelier-design.cz\/wp-content\/uploads\/2023\/05\/tree2-768x439.jpg 768w, https:\/\/atelier-design.cz\/wp-content\/uploads\/2023\/05\/tree2-800x457.jpg 800w, https:\/\/atelier-design.cz\/wp-content\/uploads\/2023\/05\/tree2-1024x585.jpg 1024w, https:\/\/atelier-design.cz\/wp-content\/uploads\/2023\/05\/tree2-1200x686.jpg 1200w, https:\/\/atelier-design.cz\/wp-content\/uploads\/2023\/05\/tree2-1536x878.jpg 1536w, https:\/\/atelier-design.cz\/wp-content\/uploads\/2023\/05\/tree2-scaled.jpg 2560w\" sizes=\"(max-width: 2560px) 100vw, 2560px\" \/><\/div><\/div><\/li><li class=\"fusion-carousel-item\"><div class=\"fusion-carousel-item-wrapper\"><div class=\"fusion-image-wrapper hover-type-none\"><img width=\"2560\" height=\"1920\" src=\"https:\/\/atelier-design.cz\/wp-content\/uploads\/2023\/06\/three12-scaled-e1686055925503.jpg\" class=\"attachment-full size-full\" alt=\"\" \/><\/div><\/div><\/li><li class=\"fusion-carousel-item\"><div class=\"fusion-carousel-item-wrapper\"><div class=\"fusion-image-wrapper hover-type-none\"><img width=\"2560\" height=\"1920\" src=\"https:\/\/atelier-design.cz\/wp-content\/uploads\/2023\/06\/three7-scaled-e1686056028359.jpg\" class=\"attachment-full size-full\" alt=\"\" \/><\/div><\/div><\/li><li class=\"fusion-carousel-item\"><div class=\"fusion-carousel-item-wrapper\"><div class=\"fusion-image-wrapper hover-type-none\"><img width=\"2560\" height=\"1920\" src=\"https:\/\/atelier-design.cz\/wp-content\/uploads\/2023\/06\/three11-scaled-e1686056159740.jpg\" class=\"attachment-full size-full\" alt=\"\" \/><\/div><\/div><\/li><li class=\"fusion-carousel-item\"><div class=\"fusion-carousel-item-wrapper\"><div class=\"fusion-image-wrapper hover-type-none\"><img width=\"2560\" height=\"1920\" src=\"https:\/\/atelier-design.cz\/wp-content\/uploads\/2023\/06\/three10-scaled-e1686056191492.jpg\" class=\"attachment-full size-full\" alt=\"\" \/><\/div><\/div><\/li><li class=\"fusion-carousel-item\"><div class=\"fusion-carousel-item-wrapper\"><div class=\"fusion-image-wrapper hover-type-none\"><img width=\"2560\" height=\"1920\" src=\"https:\/\/atelier-design.cz\/wp-content\/uploads\/2023\/06\/three9-scaled-e1686056119641.jpg\" class=\"attachment-full size-full\" alt=\"\" \/><\/div><\/div><\/li><li class=\"fusion-carousel-item\"><div class=\"fusion-carousel-item-wrapper\"><div class=\"fusion-image-wrapper hover-type-none\"><img width=\"2560\" height=\"1920\" src=\"https:\/\/atelier-design.cz\/wp-content\/uploads\/2023\/06\/three8-scaled-e1686056083910.jpg\" class=\"attachment-full size-full\" alt=\"\" \/><\/div><\/div><\/li><li class=\"fusion-carousel-item\"><div class=\"fusion-carousel-item-wrapper\"><div class=\"fusion-image-wrapper hover-type-none\"><img width=\"2560\" height=\"1920\" src=\"https:\/\/atelier-design.cz\/wp-content\/uploads\/2023\/06\/three3-scaled-e1686055882358.jpg\" class=\"attachment-full size-full\" alt=\"\" \/><\/div><\/div><\/li><li class=\"fusion-carousel-item\"><div class=\"fusion-carousel-item-wrapper\"><div class=\"fusion-image-wrapper hover-type-none\"><img width=\"2560\" height=\"1920\" src=\"https:\/\/atelier-design.cz\/wp-content\/uploads\/2023\/06\/three4-scaled-e1686055988202.jpg\" class=\"attachment-full size-full\" alt=\"\" \/><\/div><\/div><\/li><li class=\"fusion-carousel-item\"><div class=\"fusion-carousel-item-wrapper\"><div class=\"fusion-image-wrapper hover-type-none\"><img width=\"2560\" height=\"1920\" src=\"https:\/\/atelier-design.cz\/wp-content\/uploads\/2023\/06\/three2-scaled-e1686055848698.jpg\" class=\"attachment-full size-full\" alt=\"\" \/><\/div><\/div><\/li><li class=\"fusion-carousel-item\"><div class=\"fusion-carousel-item-wrapper\"><div class=\"fusion-image-wrapper hover-type-none\"><img width=\"1080\" height=\"608\" src=\"https:\/\/atelier-design.cz\/wp-content\/uploads\/2023\/06\/2-e1686055812924.jpg\" class=\"attachment-full size-full\" alt=\"\" \/><\/div><\/div><\/li><li class=\"fusion-carousel-item\"><div class=\"fusion-carousel-item-wrapper\"><div class=\"fusion-image-wrapper hover-type-none\"><img width=\"2560\" height=\"1920\" src=\"https:\/\/atelier-design.cz\/wp-content\/uploads\/2023\/06\/three1-scaled-e1686055339282.jpg\" class=\"attachment-full size-full\" alt=\"\" \/><\/div><\/div><\/li><li class=\"fusion-carousel-item\"><div class=\"fusion-carousel-item-wrapper\"><div class=\"fusion-image-wrapper hover-type-none\"><img width=\"960\" height=\"1280\" src=\"https:\/\/atelier-design.cz\/wp-content\/uploads\/2023\/06\/mail4-e1686906320330.jpg\" class=\"attachment-full size-full\" alt=\"\" \/><\/div><\/div><\/li><li class=\"fusion-carousel-item\"><div class=\"fusion-carousel-item-wrapper\"><div class=\"fusion-image-wrapper hover-type-none\"><img width=\"960\" height=\"1280\" src=\"https:\/\/atelier-design.cz\/wp-content\/uploads\/2023\/06\/mail3-e1686906367705.jpg\" class=\"attachment-full size-full\" alt=\"\" \/><\/div><\/div><\/li><li class=\"fusion-carousel-item\"><div class=\"fusion-carousel-item-wrapper\"><div class=\"fusion-image-wrapper hover-type-none\"><img width=\"960\" height=\"1280\" src=\"https:\/\/atelier-design.cz\/wp-content\/uploads\/2023\/06\/mail2-e1686906420173.jpg\" class=\"attachment-full size-full\" alt=\"\" \/><\/div><\/div><\/li><li class=\"fusion-carousel-item\"><div class=\"fusion-carousel-item-wrapper\"><div class=\"fusion-image-wrapper hover-type-none\"><img width=\"960\" height=\"1280\" src=\"https:\/\/atelier-design.cz\/wp-content\/uploads\/2023\/06\/mail1-e1686906473641.jpg\" class=\"attachment-full size-full\" alt=\"\" \/><\/div><\/div><\/li><\/ul><div class=\"fusion-carousel-nav\"><button class=\"fusion-nav-prev awb-icon-left\" aria-label=\"Previous\"><\/button><button class=\"fusion-nav-next awb-icon-right\" aria-label=\"Next\"><\/button><\/div><\/div><\/div><\/div><div class=\"fusion-clearfix\"><\/div><\/div><\/div><div class=\"fusion-layout-column fusion_builder_column_inner fusion-builder-nested-column-1 fusion_builder_column_inner_2_5 2_5 fusion-two-fifth fusion-column-last contentWrapper\" style=\"width:40%;width:calc(40% - ( ( 0 ) * 0.4 ) );margin-top:0px;margin-bottom:0px;\"><div class=\"fusion-column-wrapper fusion-flex-column-wrapper-legacy\" style=\"background-position:left top;background-repeat:no-repeat;-webkit-background-size:cover;-moz-background-size:cover;-o-background-size:cover;background-size:cover;padding: 0px 0px 0px 0px;\"><style type=\"text\/css\"><\/style><div class=\"fusion-title title fusion-title-1 fusion-sep-none fusion-title-text fusion-title-size-one\" style=\"margin-top:0px;margin-right:0px;margin-bottom:31px;margin-left:0px;\"><h1 class=\"title-heading-left\" style=\"margin:0;\">Copenhagen 2023<\/h1><\/div><div class=\"fusion-text fusion-text-1\"><div id=\"tw-target-text-container\" class=\"tw-ta-container F0azHf tw-nfl\" tabindex=\"0\">\n<p id=\"tw-target-text\" class=\"tw-data-text tw-text-large tw-ta\" dir=\"ltr\" data-placeholder=\"P\u0159eklad\"><strong><span class=\"Y2IQFc\" lang=\"de\">Realisierung der Ausstellung f\u00fcr die Firma AHEC <\/span><\/strong><\/p>\n<p class=\"tw-data-text tw-text-large tw-ta\" dir=\"ltr\" data-placeholder=\"P\u0159eklad\"><em><span class=\"Y2IQFc\" lang=\"de\">Ausstellung<\/span><\/em><\/p>\n<p class=\"tw-data-text tw-text-large tw-ta\" dir=\"ltr\" data-placeholder=\"P\u0159eklad\"><span class=\"Y2IQFc\" lang=\"de\">3<strong>days<\/strong>of<strong>design <\/strong><\/span><\/p>\n<p class=\"tw-data-text tw-text-large tw-ta\" dir=\"ltr\" data-placeholder=\"P\u0159eklad\"><span class=\"Y2IQFc\" lang=\"de\">J\u00e4hrliches Designfestival <\/span><\/p>\n<p class=\"tw-data-text tw-text-large tw-ta\" dir=\"ltr\" data-placeholder=\"P\u0159eklad\"><span class=\"Y2IQFc\" lang=\"de\">7.-9.6.2023 | Kopenhagen, D\u00e4nemark<\/span><\/p>\n<p class=\"tw-data-text tw-text-large tw-ta\" dir=\"ltr\" data-placeholder=\"P\u0159eklad\"><em><span class=\"Y2IQFc\" lang=\"de\">Autor des Entwurfs <\/span><\/em><\/p>\n<p class=\"tw-data-text tw-text-large tw-ta\" dir=\"ltr\" data-placeholder=\"P\u0159eklad\"><span class=\"Y2IQFc\" lang=\"de\">Miroko Maroko (Mirka Mit\u00edskov\u00e1) <\/span><\/p>\n<p class=\"tw-data-text tw-text-large tw-ta\" dir=\"ltr\" data-placeholder=\"P\u0159eklad\"><em><span class=\"Y2IQFc\" lang=\"de\">Auftraggeber<\/span><\/em><\/p>\n<p class=\"tw-data-text tw-text-large tw-ta\" dir=\"ltr\" data-placeholder=\"P\u0159eklad\"><span class=\"Y2IQFc\" lang=\"de\"> Der American Hardwood Export Council (AHEC) <\/span><\/p>\n<p class=\"tw-data-text tw-text-large tw-ta\" dir=\"ltr\" data-placeholder=\"P\u0159eklad\"><span class=\"Y2IQFc\" lang=\"de\">Three, eine neue Ausstellung, die die kreativen Reisen von drei Designern aufzeichnet, die das Designpotenzial von drei sch\u00f6nen, aber wenig genutzten amerikanischen Harth\u00f6lzern wie Roteiche, Kirsche und Ahorn erkundeten. Jeder der drei ausstellenden Designer repr\u00e4sentiert ein nordisches Land: Anne Brandh\u00f8j aus D\u00e4nemark, Pia H\u00f6gman aus Schweden und Anna Maria \u00d8fstedal Eng aus Norwegen. Alle wurden von AHEC aufgrund ihrer Affinit\u00e4t zu nat\u00fcrlichen Materialien, ihres Engagements f\u00fcr eine nachhaltige Produktion sowie der Sch\u00f6nheit und Poesie ihrer Arbeit ausgew\u00e4hlt. Sie erhielten eines der Harth\u00f6lzer und hatten freie Hand, ihr kreatives Potenzial nach Belieben auszusch\u00f6pfen.<\/span><\/p>\n<\/div>\n<\/div><div class=\"fusion-clearfix\"><\/div><\/div><\/div><\/div><div class=\"fusion-clearfix\"><\/div><\/div><\/div><\/div><\/div>\n","protected":false},"excerpt":{"rendered":"","protected":false},"author":2,"featured_media":0,"parent":2254,"menu_order":0,"comment_status":"closed","ping_status":"open","template":"","meta":[],"yoast_head":"<!-- This site is optimized with the Yoast SEO plugin v19.11 - https:\/\/yoast.com\/wordpress\/plugins\/seo\/ -->\n<title>Copenhagen 2023 - atelier-design<\/title>\n<meta name=\"robots\" content=\"index, follow, max-snippet:-1, max-image-preview:large, max-video-preview:-1\" \/>\n<link rel=\"canonical\" href=\"https:\/\/atelier-design.cz\/veletrhy\/milano-2023-copy-copy\/\" \/>\n<meta property=\"og:locale\" content=\"de_DE\" \/>\n<meta property=\"og:type\" content=\"article\" \/>\n<meta property=\"og:title\" content=\"Copenhagen 2023 - atelier-design\" \/>\n<meta property=\"og:url\" content=\"https:\/\/atelier-design.cz\/veletrhy\/milano-2023-copy-copy\/\" \/>\n<meta property=\"og:site_name\" content=\"atelier-design\" \/>\n<meta property=\"article:modified_time\" content=\"2023-06-16T09:12:39+00:00\" \/>\n<meta name=\"twitter:card\" content=\"summary_large_image\" \/>\n<meta name=\"twitter:label1\" content=\"Gesch\u00e4tzte Lesezeit\" \/>\n\t<meta name=\"twitter:data1\" content=\"11 Minuten\" \/>\n<script type=\"application\/ld+json\" class=\"yoast-schema-graph\">{\"@context\":\"https:\/\/schema.org\",\"@graph\":[{\"@type\":\"WebPage\",\"@id\":\"https:\/\/atelier-design.cz\/veletrhy\/milano-2023-copy-copy\/\",\"url\":\"https:\/\/atelier-design.cz\/veletrhy\/milano-2023-copy-copy\/\",\"name\":\"Copenhagen 2023 - atelier-design\",\"isPartOf\":{\"@id\":\"https:\/\/atelier-design.cz\/#website\"},\"datePublished\":\"2023-06-06T10:41:56+00:00\",\"dateModified\":\"2023-06-16T09:12:39+00:00\",\"breadcrumb\":{\"@id\":\"https:\/\/atelier-design.cz\/veletrhy\/milano-2023-copy-copy\/#breadcrumb\"},\"inLanguage\":\"de-DE\",\"potentialAction\":[{\"@type\":\"ReadAction\",\"target\":[\"https:\/\/atelier-design.cz\/veletrhy\/milano-2023-copy-copy\/\"]}]},{\"@type\":\"BreadcrumbList\",\"@id\":\"https:\/\/atelier-design.cz\/veletrhy\/milano-2023-copy-copy\/#breadcrumb\",\"itemListElement\":[{\"@type\":\"ListItem\",\"position\":1,\"name\":\"Messen\",\"item\":\"https:\/\/atelier-design.cz\/de\/messen\/\"},{\"@type\":\"ListItem\",\"position\":2,\"name\":\"Copenhagen 2023\"}]},{\"@type\":\"WebSite\",\"@id\":\"https:\/\/atelier-design.cz\/#website\",\"url\":\"https:\/\/atelier-design.cz\/\",\"name\":\"atelier-design\",\"description\":\"v\u00fdstavy, veletrhy, prezentace\",\"potentialAction\":[{\"@type\":\"SearchAction\",\"target\":{\"@type\":\"EntryPoint\",\"urlTemplate\":\"https:\/\/atelier-design.cz\/?s={search_term_string}\"},\"query-input\":\"required name=search_term_string\"}],\"inLanguage\":\"de-DE\"}]}<\/script>\n<!-- \/ Yoast SEO plugin. -->","yoast_head_json":{"title":"Copenhagen 2023 - atelier-design","robots":{"index":"index","follow":"follow","max-snippet":"max-snippet:-1","max-image-preview":"max-image-preview:large","max-video-preview":"max-video-preview:-1"},"canonical":"https:\/\/atelier-design.cz\/veletrhy\/milano-2023-copy-copy\/","og_locale":"de_DE","og_type":"article","og_title":"Copenhagen 2023 - atelier-design","og_url":"https:\/\/atelier-design.cz\/veletrhy\/milano-2023-copy-copy\/","og_site_name":"atelier-design","article_modified_time":"2023-06-16T09:12:39+00:00","twitter_card":"summary_large_image","twitter_misc":{"Gesch\u00e4tzte Lesezeit":"11 Minuten"},"schema":{"@context":"https:\/\/schema.org","@graph":[{"@type":"WebPage","@id":"https:\/\/atelier-design.cz\/veletrhy\/milano-2023-copy-copy\/","url":"https:\/\/atelier-design.cz\/veletrhy\/milano-2023-copy-copy\/","name":"Copenhagen 2023 - atelier-design","isPartOf":{"@id":"https:\/\/atelier-design.cz\/#website"},"datePublished":"2023-06-06T10:41:56+00:00","dateModified":"2023-06-16T09:12:39+00:00","breadcrumb":{"@id":"https:\/\/atelier-design.cz\/veletrhy\/milano-2023-copy-copy\/#breadcrumb"},"inLanguage":"de-DE","potentialAction":[{"@type":"ReadAction","target":["https:\/\/atelier-design.cz\/veletrhy\/milano-2023-copy-copy\/"]}]},{"@type":"BreadcrumbList","@id":"https:\/\/atelier-design.cz\/veletrhy\/milano-2023-copy-copy\/#breadcrumb","itemListElement":[{"@type":"ListItem","position":1,"name":"Messen","item":"https:\/\/atelier-design.cz\/de\/messen\/"},{"@type":"ListItem","position":2,"name":"Copenhagen 2023"}]},{"@type":"WebSite","@id":"https:\/\/atelier-design.cz\/#website","url":"https:\/\/atelier-design.cz\/","name":"atelier-design","description":"v\u00fdstavy, veletrhy, prezentace","potentialAction":[{"@type":"SearchAction","target":{"@type":"EntryPoint","urlTemplate":"https:\/\/atelier-design.cz\/?s={search_term_string}"},"query-input":"required name=search_term_string"}],"inLanguage":"de-DE"}]}},"_links":{"self":[{"href":"https:\/\/atelier-design.cz\/de\/wp-json\/wp\/v2\/pages\/3986"}],"collection":[{"href":"https:\/\/atelier-design.cz\/de\/wp-json\/wp\/v2\/pages"}],"about":[{"href":"https:\/\/atelier-design.cz\/de\/wp-json\/wp\/v2\/types\/page"}],"author":[{"embeddable":true,"href":"https:\/\/atelier-design.cz\/de\/wp-json\/wp\/v2\/users\/2"}],"replies":[{"embeddable":true,"href":"https:\/\/atelier-design.cz\/de\/wp-json\/wp\/v2\/comments?post=3986"}],"version-history":[{"count":6,"href":"https:\/\/atelier-design.cz\/de\/wp-json\/wp\/v2\/pages\/3986\/revisions"}],"predecessor-version":[{"id":4019,"href":"https:\/\/atelier-design.cz\/de\/wp-json\/wp\/v2\/pages\/3986\/revisions\/4019"}],"up":[{"embeddable":true,"href":"https:\/\/atelier-design.cz\/de\/wp-json\/wp\/v2\/pages\/2254"}],"wp:attachment":[{"href":"https:\/\/atelier-design.cz\/de\/wp-json\/wp\/v2\/media?parent=3986"}],"curies":[{"name":"wp","href":"https:\/\/api.w.org\/{rel}","templated":true}]}}