{"id":3832,"date":"2023-05-23T15:19:08","date_gmt":"2023-05-23T13:19:08","guid":{"rendered":"https:\/\/atelier-design.cz\/messen\/pva-expo-prag-2023\/"},"modified":"2023-05-23T15:46:05","modified_gmt":"2023-05-23T13:46:05","slug":"pva-expo-prag-2023","status":"publish","type":"page","link":"https:\/\/atelier-design.cz\/de\/messen\/pva-expo-prag-2023\/","title":{"rendered":"PVA EXPO Prag 2023"},"content":{"rendered":"<div class=\"fusion-fullwidth fullwidth-box fusion-builder-row-1 nonhundred-percent-fullwidth non-hundred-percent-height-scrolling fusion-equal-height-columns\" style=\"background-color: rgba(255,255,255,0);background-position: center center;background-repeat: no-repeat;padding-top:0px;padding-right:0px;padding-bottom:0px;padding-left:0px;margin-bottom: 0px;margin-top: 0px;border-width: 0px 0px 0px 0px;border-color:#eae9e9;border-style:solid;\" ><div class=\"fusion-builder-row fusion-row\"><div class=\"fusion-layout-column fusion_builder_column fusion-builder-column-0 fusion_builder_column_1_1 1_1 fusion-one-full fusion-column-first fusion-column-last bfranim\" style=\"margin-top:0px;margin-bottom:0px;\"><div class=\"fusion-column-wrapper fusion-flex-column-wrapper-legacy\" style=\"background-position:left top;background-repeat:no-repeat;-webkit-background-size:cover;-moz-background-size:cover;-o-background-size:cover;background-size:cover;border-width: 10px 10px 10px 10px;border-color:#ffffff;border-style:solid;padding: 0px 0px 0px 0px;\"><div class=\"fusion-builder-row fusion-builder-row-inner fusion-row\"><div class=\"fusion-layout-column fusion_builder_column_inner fusion-builder-nested-column-0 fusion_builder_column_inner_3_5 3_5 fusion-three-fifth fusion-column-first\" style=\"width:60%;width:calc(60% - ( ( 0 ) * 0.6 ) );margin-right: 0px;margin-top:0px;margin-bottom:0px;\"><div class=\"fusion-column-wrapper fusion-flex-column-wrapper-legacy\" style=\"background-position:center center;background-repeat:no-repeat;-webkit-background-size:cover;-moz-background-size:cover;-o-background-size:cover;background-size:cover;padding: 0px 0px 0px 0px;\"><div class=\"fusion-image-carousel fusion-image-carousel-auto fusion-image-carousel-1\"><div class=\"fusion-carousel\" data-autoplay=\"yes\" data-columns=\"1\" data-itemmargin=\"0\" data-itemwidth=\"180\" data-touchscroll=\"no\" data-imagesize=\"auto\"><div class=\"fusion-carousel-positioner\"><ul class=\"fusion-carousel-holder\"><li class=\"fusion-carousel-item\"><div class=\"fusion-carousel-item-wrapper\"><div class=\"fusion-image-wrapper hover-type-none\"><img width=\"2560\" height=\"1463\" src=\"https:\/\/atelier-design.cz\/wp-content\/uploads\/2023\/05\/vlcek1-scaled.jpg\" class=\"attachment-full size-full\" alt=\"\" srcset=\"https:\/\/atelier-design.cz\/wp-content\/uploads\/2023\/05\/vlcek1-200x114.jpg 200w, https:\/\/atelier-design.cz\/wp-content\/uploads\/2023\/05\/vlcek1-300x171.jpg 300w, https:\/\/atelier-design.cz\/wp-content\/uploads\/2023\/05\/vlcek1-400x229.jpg 400w, https:\/\/atelier-design.cz\/wp-content\/uploads\/2023\/05\/vlcek1-600x343.jpg 600w, https:\/\/atelier-design.cz\/wp-content\/uploads\/2023\/05\/vlcek1-768x439.jpg 768w, https:\/\/atelier-design.cz\/wp-content\/uploads\/2023\/05\/vlcek1-800x457.jpg 800w, https:\/\/atelier-design.cz\/wp-content\/uploads\/2023\/05\/vlcek1-1024x585.jpg 1024w, https:\/\/atelier-design.cz\/wp-content\/uploads\/2023\/05\/vlcek1-1200x686.jpg 1200w, https:\/\/atelier-design.cz\/wp-content\/uploads\/2023\/05\/vlcek1-1536x878.jpg 1536w, https:\/\/atelier-design.cz\/wp-content\/uploads\/2023\/05\/vlcek1-scaled.jpg 2560w\" sizes=\"(max-width: 2560px) 100vw, 2560px\" \/><\/div><\/div><\/li><li class=\"fusion-carousel-item\"><div class=\"fusion-carousel-item-wrapper\"><div class=\"fusion-image-wrapper hover-type-none\"><img width=\"2560\" height=\"1463\" src=\"https:\/\/atelier-design.cz\/wp-content\/uploads\/2023\/05\/vlcek2-scaled.jpg\" class=\"attachment-full size-full\" alt=\"\" srcset=\"https:\/\/atelier-design.cz\/wp-content\/uploads\/2023\/05\/vlcek2-200x114.jpg 200w, https:\/\/atelier-design.cz\/wp-content\/uploads\/2023\/05\/vlcek2-300x171.jpg 300w, https:\/\/atelier-design.cz\/wp-content\/uploads\/2023\/05\/vlcek2-400x229.jpg 400w, https:\/\/atelier-design.cz\/wp-content\/uploads\/2023\/05\/vlcek2-600x343.jpg 600w, https:\/\/atelier-design.cz\/wp-content\/uploads\/2023\/05\/vlcek2-768x439.jpg 768w, https:\/\/atelier-design.cz\/wp-content\/uploads\/2023\/05\/vlcek2-800x457.jpg 800w, https:\/\/atelier-design.cz\/wp-content\/uploads\/2023\/05\/vlcek2-1024x585.jpg 1024w, https:\/\/atelier-design.cz\/wp-content\/uploads\/2023\/05\/vlcek2-1200x686.jpg 1200w, https:\/\/atelier-design.cz\/wp-content\/uploads\/2023\/05\/vlcek2-1536x878.jpg 1536w, https:\/\/atelier-design.cz\/wp-content\/uploads\/2023\/05\/vlcek2-scaled.jpg 2560w\" sizes=\"(max-width: 2560px) 100vw, 2560px\" \/><\/div><\/div><\/li><li class=\"fusion-carousel-item\"><div class=\"fusion-carousel-item-wrapper\"><div class=\"fusion-image-wrapper hover-type-none\"><img width=\"2560\" height=\"1463\" src=\"https:\/\/atelier-design.cz\/wp-content\/uploads\/2023\/05\/vlcek3-scaled.jpg\" class=\"attachment-full size-full\" alt=\"\" srcset=\"https:\/\/atelier-design.cz\/wp-content\/uploads\/2023\/05\/vlcek3-200x114.jpg 200w, https:\/\/atelier-design.cz\/wp-content\/uploads\/2023\/05\/vlcek3-300x171.jpg 300w, https:\/\/atelier-design.cz\/wp-content\/uploads\/2023\/05\/vlcek3-400x229.jpg 400w, https:\/\/atelier-design.cz\/wp-content\/uploads\/2023\/05\/vlcek3-600x343.jpg 600w, https:\/\/atelier-design.cz\/wp-content\/uploads\/2023\/05\/vlcek3-768x439.jpg 768w, https:\/\/atelier-design.cz\/wp-content\/uploads\/2023\/05\/vlcek3-800x457.jpg 800w, https:\/\/atelier-design.cz\/wp-content\/uploads\/2023\/05\/vlcek3-1024x585.jpg 1024w, https:\/\/atelier-design.cz\/wp-content\/uploads\/2023\/05\/vlcek3-1200x686.jpg 1200w, https:\/\/atelier-design.cz\/wp-content\/uploads\/2023\/05\/vlcek3-1536x878.jpg 1536w, https:\/\/atelier-design.cz\/wp-content\/uploads\/2023\/05\/vlcek3-scaled.jpg 2560w\" sizes=\"(max-width: 2560px) 100vw, 2560px\" \/><\/div><\/div><\/li><li class=\"fusion-carousel-item\"><div class=\"fusion-carousel-item-wrapper\"><div class=\"fusion-image-wrapper hover-type-none\"><img width=\"2560\" height=\"1463\" src=\"https:\/\/atelier-design.cz\/wp-content\/uploads\/2023\/05\/vlcek4-scaled.jpg\" class=\"attachment-full size-full\" alt=\"\" srcset=\"https:\/\/atelier-design.cz\/wp-content\/uploads\/2023\/05\/vlcek4-200x114.jpg 200w, https:\/\/atelier-design.cz\/wp-content\/uploads\/2023\/05\/vlcek4-300x171.jpg 300w, https:\/\/atelier-design.cz\/wp-content\/uploads\/2023\/05\/vlcek4-400x229.jpg 400w, https:\/\/atelier-design.cz\/wp-content\/uploads\/2023\/05\/vlcek4-600x343.jpg 600w, https:\/\/atelier-design.cz\/wp-content\/uploads\/2023\/05\/vlcek4-768x439.jpg 768w, https:\/\/atelier-design.cz\/wp-content\/uploads\/2023\/05\/vlcek4-800x457.jpg 800w, https:\/\/atelier-design.cz\/wp-content\/uploads\/2023\/05\/vlcek4-1024x585.jpg 1024w, https:\/\/atelier-design.cz\/wp-content\/uploads\/2023\/05\/vlcek4-1200x686.jpg 1200w, https:\/\/atelier-design.cz\/wp-content\/uploads\/2023\/05\/vlcek4-1536x878.jpg 1536w, https:\/\/atelier-design.cz\/wp-content\/uploads\/2023\/05\/vlcek4-scaled.jpg 2560w\" sizes=\"(max-width: 2560px) 100vw, 2560px\" \/><\/div><\/div><\/li><li class=\"fusion-carousel-item\"><div class=\"fusion-carousel-item-wrapper\"><div class=\"fusion-image-wrapper hover-type-none\"><img width=\"2560\" height=\"1463\" src=\"https:\/\/atelier-design.cz\/wp-content\/uploads\/2023\/05\/vlcek5-scaled.jpg\" class=\"attachment-full size-full\" alt=\"\" srcset=\"https:\/\/atelier-design.cz\/wp-content\/uploads\/2023\/05\/vlcek5-200x114.jpg 200w, https:\/\/atelier-design.cz\/wp-content\/uploads\/2023\/05\/vlcek5-300x171.jpg 300w, https:\/\/atelier-design.cz\/wp-content\/uploads\/2023\/05\/vlcek5-400x229.jpg 400w, https:\/\/atelier-design.cz\/wp-content\/uploads\/2023\/05\/vlcek5-600x343.jpg 600w, https:\/\/atelier-design.cz\/wp-content\/uploads\/2023\/05\/vlcek5-768x439.jpg 768w, https:\/\/atelier-design.cz\/wp-content\/uploads\/2023\/05\/vlcek5-800x457.jpg 800w, https:\/\/atelier-design.cz\/wp-content\/uploads\/2023\/05\/vlcek5-1024x585.jpg 1024w, https:\/\/atelier-design.cz\/wp-content\/uploads\/2023\/05\/vlcek5-1200x686.jpg 1200w, https:\/\/atelier-design.cz\/wp-content\/uploads\/2023\/05\/vlcek5-1536x878.jpg 1536w, https:\/\/atelier-design.cz\/wp-content\/uploads\/2023\/05\/vlcek5-scaled.jpg 2560w\" sizes=\"(max-width: 2560px) 100vw, 2560px\" \/><\/div><\/div><\/li><li class=\"fusion-carousel-item\"><div class=\"fusion-carousel-item-wrapper\"><div class=\"fusion-image-wrapper hover-type-none\"><img width=\"2560\" height=\"1463\" src=\"https:\/\/atelier-design.cz\/wp-content\/uploads\/2023\/05\/vlcek6-scaled.jpg\" class=\"attachment-full size-full\" alt=\"\" srcset=\"https:\/\/atelier-design.cz\/wp-content\/uploads\/2023\/05\/vlcek6-200x114.jpg 200w, https:\/\/atelier-design.cz\/wp-content\/uploads\/2023\/05\/vlcek6-300x171.jpg 300w, https:\/\/atelier-design.cz\/wp-content\/uploads\/2023\/05\/vlcek6-400x229.jpg 400w, https:\/\/atelier-design.cz\/wp-content\/uploads\/2023\/05\/vlcek6-600x343.jpg 600w, https:\/\/atelier-design.cz\/wp-content\/uploads\/2023\/05\/vlcek6-768x439.jpg 768w, https:\/\/atelier-design.cz\/wp-content\/uploads\/2023\/05\/vlcek6-800x457.jpg 800w, https:\/\/atelier-design.cz\/wp-content\/uploads\/2023\/05\/vlcek6-1024x585.jpg 1024w, https:\/\/atelier-design.cz\/wp-content\/uploads\/2023\/05\/vlcek6-1200x686.jpg 1200w, https:\/\/atelier-design.cz\/wp-content\/uploads\/2023\/05\/vlcek6-1536x878.jpg 1536w, https:\/\/atelier-design.cz\/wp-content\/uploads\/2023\/05\/vlcek6-scaled.jpg 2560w\" sizes=\"(max-width: 2560px) 100vw, 2560px\" \/><\/div><\/div><\/li><li class=\"fusion-carousel-item\"><div class=\"fusion-carousel-item-wrapper\"><div class=\"fusion-image-wrapper hover-type-none\"><img width=\"2560\" height=\"1463\" src=\"https:\/\/atelier-design.cz\/wp-content\/uploads\/2023\/05\/vlcek8-scaled.jpg\" class=\"attachment-full size-full\" alt=\"\" srcset=\"https:\/\/atelier-design.cz\/wp-content\/uploads\/2023\/05\/vlcek8-200x114.jpg 200w, https:\/\/atelier-design.cz\/wp-content\/uploads\/2023\/05\/vlcek8-300x171.jpg 300w, https:\/\/atelier-design.cz\/wp-content\/uploads\/2023\/05\/vlcek8-400x229.jpg 400w, https:\/\/atelier-design.cz\/wp-content\/uploads\/2023\/05\/vlcek8-600x343.jpg 600w, https:\/\/atelier-design.cz\/wp-content\/uploads\/2023\/05\/vlcek8-768x439.jpg 768w, https:\/\/atelier-design.cz\/wp-content\/uploads\/2023\/05\/vlcek8-800x457.jpg 800w, https:\/\/atelier-design.cz\/wp-content\/uploads\/2023\/05\/vlcek8-1024x585.jpg 1024w, https:\/\/atelier-design.cz\/wp-content\/uploads\/2023\/05\/vlcek8-1200x686.jpg 1200w, https:\/\/atelier-design.cz\/wp-content\/uploads\/2023\/05\/vlcek8-1536x878.jpg 1536w, https:\/\/atelier-design.cz\/wp-content\/uploads\/2023\/05\/vlcek8-scaled.jpg 2560w\" sizes=\"(max-width: 2560px) 100vw, 2560px\" \/><\/div><\/div><\/li><\/ul><div class=\"fusion-carousel-nav\"><button class=\"fusion-nav-prev awb-icon-left\" aria-label=\"Previous\"><\/button><button class=\"fusion-nav-next awb-icon-right\" aria-label=\"Next\"><\/button><\/div><\/div><\/div><\/div><div class=\"fusion-clearfix\"><\/div><\/div><\/div><div class=\"fusion-layout-column fusion_builder_column_inner fusion-builder-nested-column-1 fusion_builder_column_inner_2_5 2_5 fusion-two-fifth fusion-column-last contentWrapper\" style=\"width:40%;width:calc(40% - ( ( 0 ) * 0.4 ) );margin-top:0px;margin-bottom:0px;\"><div class=\"fusion-column-wrapper fusion-flex-column-wrapper-legacy\" style=\"background-position:left top;background-repeat:no-repeat;-webkit-background-size:cover;-moz-background-size:cover;-o-background-size:cover;background-size:cover;padding: 0px 0px 0px 0px;\"><style type=\"text\/css\"><\/style><div class=\"fusion-title title fusion-title-1 fusion-sep-none fusion-title-text fusion-title-size-one\" style=\"margin-top:0px;margin-right:0px;margin-bottom:31px;margin-left:0px;\"><h1 class=\"title-heading-left\" style=\"margin:0;\">PVA EXPO Prag 2023<\/h1><\/div><div class=\"fusion-text fusion-text-1\"><div id=\"tw-target-text-container\" class=\"tw-ta-container F0azHf tw-nfl\" tabindex=\"0\">\n<p id=\"tw-target-text\" class=\"tw-data-text tw-text-large tw-ta\" dir=\"ltr\" data-placeholder=\"P\u0159eklad\"><strong><span class=\"Y2IQFc\" lang=\"de\">Realisierung der Ausstellung f\u00fcr die Firma VL\u010cEK SOLUTION s.r.o.<\/span><\/strong><\/p>\n<p class=\"tw-data-text tw-text-large tw-ta\" dir=\"ltr\" data-placeholder=\"P\u0159eklad\"><em><span class=\"Y2IQFc\" lang=\"de\">Ausstellung<\/span><\/em><\/p>\n<p class=\"tw-data-text tw-text-large tw-ta\" dir=\"ltr\" data-placeholder=\"P\u0159eklad\"><span class=\"Y2IQFc\" lang=\"de\">WASSERVERSORGUNG-KANALLEITUNG<\/span><\/p>\n<p class=\"tw-data-text tw-text-large tw-ta\" dir=\"ltr\" data-placeholder=\"P\u0159eklad\"><span class=\"Y2IQFc\" lang=\"de\">22. Internationale Ausstellung f\u00fcr Wasserwirtschaft <\/span><\/p>\n<p class=\"tw-data-text tw-text-large tw-ta\" dir=\"ltr\" data-placeholder=\"P\u0159eklad\"><span class=\"Y2IQFc\" lang=\"de\">23.-25.5.2023 | PVA EXPO PRAG <\/span><\/p>\n<p class=\"tw-data-text tw-text-large tw-ta\" dir=\"ltr\" data-placeholder=\"P\u0159eklad\"><em><span class=\"Y2IQFc\" lang=\"de\">Autor des Entwurfs <\/span><\/em><\/p>\n<p class=\"tw-data-text tw-text-large tw-ta\" dir=\"ltr\" data-placeholder=\"P\u0159eklad\"><span class=\"Y2IQFc\" lang=\"de\">Mgr.A. Peter Macek <\/span><\/p>\n<p class=\"tw-data-text tw-text-large tw-ta\" dir=\"ltr\" data-placeholder=\"P\u0159eklad\"><span class=\"Y2IQFc\" lang=\"de\">Ein atypischer Messestand, der nach den Anforderungen des Kunden gefertigt wird. Wiederverwendbare Konstruktionen aus Stahlprofilen, Textilbanner mit Vollfarbdruck und F\u00fcllungen aus Lochblech bilden eine variable Struktur mit eleganter Optik. Die <\/span><span class=\"Y2IQFc\" lang=\"de\">originelle <\/span><span class=\"Y2IQFc\" lang=\"de\">L\u00f6sung besteht darin, den Raum f\u00fcr die Pr\u00e4sentation der Produkte von VL\u010cEK SOLUTION zu nutzen, indem schwere Gusseisenteile an einer der Standw\u00e4nde aufgeh\u00e4ngt werden.<\/span><\/p>\n<p class=\"tw-data-text tw-text-large tw-ta\" dir=\"ltr\" data-placeholder=\"P\u0159eklad\"><em>Auftraggeber<\/em><\/p>\n<p class=\"tw-data-text tw-text-large tw-ta\" dir=\"ltr\" data-placeholder=\"P\u0159eklad\"><span class=\"Y2IQFc\" lang=\"de\">Das Unternehmen VL\u010cEK SOLUTION s.r.o. ist seit fast 30 Jahren eines der bedeutendsten europ\u00e4ischen Unternehmen im Bereich der Entwicklung, Produktion und des Vertriebs von Bauprodukten aus Gusseisen, die vor allem f\u00fcr die Entw\u00e4sserung von Br\u00fccken, Verkehrsfl\u00e4chen und die Abdeckung von Sch\u00e4chten bestimmt sind.<\/span><\/p>\n<\/div>\n<\/div><div class=\"fusion-clearfix\"><\/div><\/div><\/div><\/div><div class=\"fusion-clearfix\"><\/div><\/div><\/div><\/div><\/div>\n","protected":false},"excerpt":{"rendered":"","protected":false},"author":2,"featured_media":0,"parent":2254,"menu_order":0,"comment_status":"closed","ping_status":"open","template":"","meta":[],"yoast_head":"<!-- This site is optimized with the Yoast SEO plugin v19.11 - https:\/\/yoast.com\/wordpress\/plugins\/seo\/ -->\n<title>PVA EXPO Prag 2023 - atelier-design<\/title>\n<meta name=\"robots\" content=\"index, follow, max-snippet:-1, max-image-preview:large, max-video-preview:-1\" \/>\n<link rel=\"canonical\" href=\"https:\/\/atelier-design.cz\/veletrhy\/milano-2023-copy\/\" \/>\n<meta property=\"og:locale\" content=\"de_DE\" \/>\n<meta property=\"og:type\" content=\"article\" \/>\n<meta property=\"og:title\" content=\"PVA EXPO Prag 2023 - atelier-design\" \/>\n<meta property=\"og:url\" content=\"https:\/\/atelier-design.cz\/veletrhy\/milano-2023-copy\/\" \/>\n<meta property=\"og:site_name\" content=\"atelier-design\" \/>\n<meta property=\"article:modified_time\" content=\"2023-05-23T13:46:05+00:00\" \/>\n<meta name=\"twitter:card\" content=\"summary_large_image\" \/>\n<meta name=\"twitter:label1\" content=\"Gesch\u00e4tzte Lesezeit\" \/>\n\t<meta name=\"twitter:data1\" content=\"10 Minuten\" \/>\n<script type=\"application\/ld+json\" class=\"yoast-schema-graph\">{\"@context\":\"https:\/\/schema.org\",\"@graph\":[{\"@type\":\"WebPage\",\"@id\":\"https:\/\/atelier-design.cz\/veletrhy\/milano-2023-copy\/\",\"url\":\"https:\/\/atelier-design.cz\/veletrhy\/milano-2023-copy\/\",\"name\":\"PVA EXPO Prag 2023 - atelier-design\",\"isPartOf\":{\"@id\":\"https:\/\/atelier-design.cz\/#website\"},\"datePublished\":\"2023-05-23T13:19:08+00:00\",\"dateModified\":\"2023-05-23T13:46:05+00:00\",\"breadcrumb\":{\"@id\":\"https:\/\/atelier-design.cz\/veletrhy\/milano-2023-copy\/#breadcrumb\"},\"inLanguage\":\"de-DE\",\"potentialAction\":[{\"@type\":\"ReadAction\",\"target\":[\"https:\/\/atelier-design.cz\/veletrhy\/milano-2023-copy\/\"]}]},{\"@type\":\"BreadcrumbList\",\"@id\":\"https:\/\/atelier-design.cz\/veletrhy\/milano-2023-copy\/#breadcrumb\",\"itemListElement\":[{\"@type\":\"ListItem\",\"position\":1,\"name\":\"Messen\",\"item\":\"https:\/\/atelier-design.cz\/de\/messen\/\"},{\"@type\":\"ListItem\",\"position\":2,\"name\":\"PVA EXPO Prag 2023\"}]},{\"@type\":\"WebSite\",\"@id\":\"https:\/\/atelier-design.cz\/#website\",\"url\":\"https:\/\/atelier-design.cz\/\",\"name\":\"atelier-design\",\"description\":\"v\u00fdstavy, veletrhy, prezentace\",\"potentialAction\":[{\"@type\":\"SearchAction\",\"target\":{\"@type\":\"EntryPoint\",\"urlTemplate\":\"https:\/\/atelier-design.cz\/?s={search_term_string}\"},\"query-input\":\"required name=search_term_string\"}],\"inLanguage\":\"de-DE\"}]}<\/script>\n<!-- \/ Yoast SEO plugin. -->","yoast_head_json":{"title":"PVA EXPO Prag 2023 - atelier-design","robots":{"index":"index","follow":"follow","max-snippet":"max-snippet:-1","max-image-preview":"max-image-preview:large","max-video-preview":"max-video-preview:-1"},"canonical":"https:\/\/atelier-design.cz\/veletrhy\/milano-2023-copy\/","og_locale":"de_DE","og_type":"article","og_title":"PVA EXPO Prag 2023 - atelier-design","og_url":"https:\/\/atelier-design.cz\/veletrhy\/milano-2023-copy\/","og_site_name":"atelier-design","article_modified_time":"2023-05-23T13:46:05+00:00","twitter_card":"summary_large_image","twitter_misc":{"Gesch\u00e4tzte Lesezeit":"10 Minuten"},"schema":{"@context":"https:\/\/schema.org","@graph":[{"@type":"WebPage","@id":"https:\/\/atelier-design.cz\/veletrhy\/milano-2023-copy\/","url":"https:\/\/atelier-design.cz\/veletrhy\/milano-2023-copy\/","name":"PVA EXPO Prag 2023 - atelier-design","isPartOf":{"@id":"https:\/\/atelier-design.cz\/#website"},"datePublished":"2023-05-23T13:19:08+00:00","dateModified":"2023-05-23T13:46:05+00:00","breadcrumb":{"@id":"https:\/\/atelier-design.cz\/veletrhy\/milano-2023-copy\/#breadcrumb"},"inLanguage":"de-DE","potentialAction":[{"@type":"ReadAction","target":["https:\/\/atelier-design.cz\/veletrhy\/milano-2023-copy\/"]}]},{"@type":"BreadcrumbList","@id":"https:\/\/atelier-design.cz\/veletrhy\/milano-2023-copy\/#breadcrumb","itemListElement":[{"@type":"ListItem","position":1,"name":"Messen","item":"https:\/\/atelier-design.cz\/de\/messen\/"},{"@type":"ListItem","position":2,"name":"PVA EXPO Prag 2023"}]},{"@type":"WebSite","@id":"https:\/\/atelier-design.cz\/#website","url":"https:\/\/atelier-design.cz\/","name":"atelier-design","description":"v\u00fdstavy, veletrhy, prezentace","potentialAction":[{"@type":"SearchAction","target":{"@type":"EntryPoint","urlTemplate":"https:\/\/atelier-design.cz\/?s={search_term_string}"},"query-input":"required name=search_term_string"}],"inLanguage":"de-DE"}]}},"_links":{"self":[{"href":"https:\/\/atelier-design.cz\/de\/wp-json\/wp\/v2\/pages\/3832"}],"collection":[{"href":"https:\/\/atelier-design.cz\/de\/wp-json\/wp\/v2\/pages"}],"about":[{"href":"https:\/\/atelier-design.cz\/de\/wp-json\/wp\/v2\/types\/page"}],"author":[{"embeddable":true,"href":"https:\/\/atelier-design.cz\/de\/wp-json\/wp\/v2\/users\/2"}],"replies":[{"embeddable":true,"href":"https:\/\/atelier-design.cz\/de\/wp-json\/wp\/v2\/comments?post=3832"}],"version-history":[{"count":2,"href":"https:\/\/atelier-design.cz\/de\/wp-json\/wp\/v2\/pages\/3832\/revisions"}],"predecessor-version":[{"id":3834,"href":"https:\/\/atelier-design.cz\/de\/wp-json\/wp\/v2\/pages\/3832\/revisions\/3834"}],"up":[{"embeddable":true,"href":"https:\/\/atelier-design.cz\/de\/wp-json\/wp\/v2\/pages\/2254"}],"wp:attachment":[{"href":"https:\/\/atelier-design.cz\/de\/wp-json\/wp\/v2\/media?parent=3832"}],"curies":[{"name":"wp","href":"https:\/\/api.w.org\/{rel}","templated":true}]}}