{"id":3770,"date":"2023-04-19T13:09:09","date_gmt":"2023-04-19T11:09:09","guid":{"rendered":"https:\/\/atelier-design.cz\/messen\/mailand-2023\/"},"modified":"2023-05-23T12:38:12","modified_gmt":"2023-05-23T10:38:12","slug":"mailand-2023","status":"publish","type":"page","link":"https:\/\/atelier-design.cz\/de\/messen\/mailand-2023\/","title":{"rendered":"Mailand 2023"},"content":{"rendered":"<div class=\"fusion-fullwidth fullwidth-box fusion-builder-row-1 nonhundred-percent-fullwidth non-hundred-percent-height-scrolling fusion-equal-height-columns\" style=\"background-color: rgba(255,255,255,0);background-position: center center;background-repeat: no-repeat;padding-top:0px;padding-right:0px;padding-bottom:0px;padding-left:0px;margin-bottom: 0px;margin-top: 0px;border-width: 0px 0px 0px 0px;border-color:#eae9e9;border-style:solid;\" ><div class=\"fusion-builder-row fusion-row\"><div class=\"fusion-layout-column fusion_builder_column fusion-builder-column-0 fusion_builder_column_1_1 1_1 fusion-one-full fusion-column-first fusion-column-last bfranim\" style=\"margin-top:0px;margin-bottom:0px;\"><div class=\"fusion-column-wrapper fusion-flex-column-wrapper-legacy\" style=\"background-position:left top;background-repeat:no-repeat;-webkit-background-size:cover;-moz-background-size:cover;-o-background-size:cover;background-size:cover;border-width: 10px 10px 10px 10px;border-color:#ffffff;border-style:solid;padding: 0px 0px 0px 0px;\"><div class=\"fusion-builder-row fusion-builder-row-inner fusion-row\"><div class=\"fusion-layout-column fusion_builder_column_inner fusion-builder-nested-column-0 fusion_builder_column_inner_3_5 3_5 fusion-three-fifth fusion-column-first\" style=\"width:60%;width:calc(60% - ( ( 0 ) * 0.6 ) );margin-right: 0px;margin-top:0px;margin-bottom:0px;\"><div class=\"fusion-column-wrapper fusion-flex-column-wrapper-legacy\" style=\"background-position:center center;background-repeat:no-repeat;-webkit-background-size:cover;-moz-background-size:cover;-o-background-size:cover;background-size:cover;padding: 0px 0px 0px 0px;\"><div class=\"fusion-image-carousel fusion-image-carousel-auto fusion-image-carousel-1\"><div class=\"fusion-carousel\" data-autoplay=\"yes\" data-columns=\"1\" data-itemmargin=\"0\" data-itemwidth=\"180\" data-touchscroll=\"no\" data-imagesize=\"auto\"><div class=\"fusion-carousel-positioner\"><ul class=\"fusion-carousel-holder\"><li class=\"fusion-carousel-item\"><div class=\"fusion-carousel-item-wrapper\"><div class=\"fusion-image-wrapper hover-type-none\"><img width=\"2560\" height=\"1463\" src=\"https:\/\/atelier-design.cz\/wp-content\/uploads\/2023\/05\/bomma4-scaled.jpg\" class=\"attachment-full size-full\" alt=\"\" srcset=\"https:\/\/atelier-design.cz\/wp-content\/uploads\/2023\/05\/bomma4-200x114.jpg 200w, https:\/\/atelier-design.cz\/wp-content\/uploads\/2023\/05\/bomma4-300x171.jpg 300w, https:\/\/atelier-design.cz\/wp-content\/uploads\/2023\/05\/bomma4-400x229.jpg 400w, https:\/\/atelier-design.cz\/wp-content\/uploads\/2023\/05\/bomma4-600x343.jpg 600w, https:\/\/atelier-design.cz\/wp-content\/uploads\/2023\/05\/bomma4-768x439.jpg 768w, https:\/\/atelier-design.cz\/wp-content\/uploads\/2023\/05\/bomma4-800x457.jpg 800w, https:\/\/atelier-design.cz\/wp-content\/uploads\/2023\/05\/bomma4-1024x585.jpg 1024w, https:\/\/atelier-design.cz\/wp-content\/uploads\/2023\/05\/bomma4-1200x686.jpg 1200w, https:\/\/atelier-design.cz\/wp-content\/uploads\/2023\/05\/bomma4-1536x878.jpg 1536w, https:\/\/atelier-design.cz\/wp-content\/uploads\/2023\/05\/bomma4-scaled.jpg 2560w\" sizes=\"(max-width: 2560px) 100vw, 2560px\" \/><\/div><\/div><\/li><li class=\"fusion-carousel-item\"><div class=\"fusion-carousel-item-wrapper\"><div class=\"fusion-image-wrapper hover-type-none\"><img width=\"2560\" height=\"1463\" src=\"https:\/\/atelier-design.cz\/wp-content\/uploads\/2023\/05\/bomma1-scaled.jpg\" class=\"attachment-full size-full\" alt=\"\" srcset=\"https:\/\/atelier-design.cz\/wp-content\/uploads\/2023\/05\/bomma1-200x114.jpg 200w, https:\/\/atelier-design.cz\/wp-content\/uploads\/2023\/05\/bomma1-300x171.jpg 300w, https:\/\/atelier-design.cz\/wp-content\/uploads\/2023\/05\/bomma1-400x229.jpg 400w, https:\/\/atelier-design.cz\/wp-content\/uploads\/2023\/05\/bomma1-600x343.jpg 600w, https:\/\/atelier-design.cz\/wp-content\/uploads\/2023\/05\/bomma1-768x439.jpg 768w, https:\/\/atelier-design.cz\/wp-content\/uploads\/2023\/05\/bomma1-800x457.jpg 800w, https:\/\/atelier-design.cz\/wp-content\/uploads\/2023\/05\/bomma1-1024x585.jpg 1024w, https:\/\/atelier-design.cz\/wp-content\/uploads\/2023\/05\/bomma1-1200x686.jpg 1200w, https:\/\/atelier-design.cz\/wp-content\/uploads\/2023\/05\/bomma1-1536x878.jpg 1536w, https:\/\/atelier-design.cz\/wp-content\/uploads\/2023\/05\/bomma1-scaled.jpg 2560w\" sizes=\"(max-width: 2560px) 100vw, 2560px\" \/><\/div><\/div><\/li><li class=\"fusion-carousel-item\"><div class=\"fusion-carousel-item-wrapper\"><div class=\"fusion-image-wrapper hover-type-none\"><img width=\"2560\" height=\"1463\" src=\"https:\/\/atelier-design.cz\/wp-content\/uploads\/2023\/05\/bomma2-scaled.jpg\" class=\"attachment-full size-full\" alt=\"\" srcset=\"https:\/\/atelier-design.cz\/wp-content\/uploads\/2023\/05\/bomma2-200x114.jpg 200w, https:\/\/atelier-design.cz\/wp-content\/uploads\/2023\/05\/bomma2-300x171.jpg 300w, https:\/\/atelier-design.cz\/wp-content\/uploads\/2023\/05\/bomma2-400x229.jpg 400w, https:\/\/atelier-design.cz\/wp-content\/uploads\/2023\/05\/bomma2-600x343.jpg 600w, https:\/\/atelier-design.cz\/wp-content\/uploads\/2023\/05\/bomma2-768x439.jpg 768w, https:\/\/atelier-design.cz\/wp-content\/uploads\/2023\/05\/bomma2-800x457.jpg 800w, https:\/\/atelier-design.cz\/wp-content\/uploads\/2023\/05\/bomma2-1024x585.jpg 1024w, https:\/\/atelier-design.cz\/wp-content\/uploads\/2023\/05\/bomma2-1200x686.jpg 1200w, https:\/\/atelier-design.cz\/wp-content\/uploads\/2023\/05\/bomma2-1536x878.jpg 1536w, https:\/\/atelier-design.cz\/wp-content\/uploads\/2023\/05\/bomma2-scaled.jpg 2560w\" sizes=\"(max-width: 2560px) 100vw, 2560px\" \/><\/div><\/div><\/li><li class=\"fusion-carousel-item\"><div class=\"fusion-carousel-item-wrapper\"><div class=\"fusion-image-wrapper hover-type-none\"><img width=\"2560\" height=\"1463\" src=\"https:\/\/atelier-design.cz\/wp-content\/uploads\/2023\/05\/bomma3-scaled.jpg\" class=\"attachment-full size-full\" alt=\"\" srcset=\"https:\/\/atelier-design.cz\/wp-content\/uploads\/2023\/05\/bomma3-200x114.jpg 200w, https:\/\/atelier-design.cz\/wp-content\/uploads\/2023\/05\/bomma3-300x171.jpg 300w, https:\/\/atelier-design.cz\/wp-content\/uploads\/2023\/05\/bomma3-400x229.jpg 400w, https:\/\/atelier-design.cz\/wp-content\/uploads\/2023\/05\/bomma3-600x343.jpg 600w, https:\/\/atelier-design.cz\/wp-content\/uploads\/2023\/05\/bomma3-768x439.jpg 768w, https:\/\/atelier-design.cz\/wp-content\/uploads\/2023\/05\/bomma3-800x457.jpg 800w, https:\/\/atelier-design.cz\/wp-content\/uploads\/2023\/05\/bomma3-1024x585.jpg 1024w, https:\/\/atelier-design.cz\/wp-content\/uploads\/2023\/05\/bomma3-1200x686.jpg 1200w, https:\/\/atelier-design.cz\/wp-content\/uploads\/2023\/05\/bomma3-1536x878.jpg 1536w, https:\/\/atelier-design.cz\/wp-content\/uploads\/2023\/05\/bomma3-scaled.jpg 2560w\" sizes=\"(max-width: 2560px) 100vw, 2560px\" \/><\/div><\/div><\/li><\/ul><div class=\"fusion-carousel-nav\"><button class=\"fusion-nav-prev awb-icon-left\" aria-label=\"Previous\"><\/button><button class=\"fusion-nav-next awb-icon-right\" aria-label=\"Next\"><\/button><\/div><\/div><\/div><\/div><div class=\"fusion-clearfix\"><\/div><\/div><\/div><div class=\"fusion-layout-column fusion_builder_column_inner fusion-builder-nested-column-1 fusion_builder_column_inner_2_5 2_5 fusion-two-fifth fusion-column-last contentWrapper\" style=\"width:40%;width:calc(40% - ( ( 0 ) * 0.4 ) );margin-top:0px;margin-bottom:0px;\"><div class=\"fusion-column-wrapper fusion-flex-column-wrapper-legacy\" style=\"background-position:left top;background-repeat:no-repeat;-webkit-background-size:cover;-moz-background-size:cover;-o-background-size:cover;background-size:cover;padding: 0px 0px 0px 0px;\"><style type=\"text\/css\"><\/style><div class=\"fusion-title title fusion-title-1 fusion-sep-none fusion-title-text fusion-title-size-one\" style=\"margin-top:0px;margin-right:0px;margin-bottom:31px;margin-left:0px;\"><h1 class=\"title-heading-left\" style=\"margin:0;\">Mailand 2023<\/h1><\/div><div class=\"fusion-text fusion-text-1\"><p id=\"tw-target-text\" class=\"tw-data-text tw-text-large tw-ta\" dir=\"ltr\" data-placeholder=\"P\u0159eklad\"><strong><span class=\"Y2IQFc\" lang=\"de\">Realisierung der Ausstellung f\u00fcr die Firma Bomma<\/span><\/strong><\/p>\n<p class=\"tw-data-text tw-text-large tw-ta\" dir=\"ltr\" data-placeholder=\"P\u0159eklad\"><em><span class=\"Y2IQFc\" lang=\"de\">Messe<\/span><\/em><\/p>\n<p class=\"tw-data-text tw-text-large tw-ta\" dir=\"ltr\" data-placeholder=\"P\u0159eklad\"><span class=\"Y2IQFc\" lang=\"de\"> Mail\u00e4nder Designwoche 2023, Salone del Mobile \u2013 Euroluce 2023 vom 18. bis 23. April 2023.<\/span><\/p>\n<p class=\"tw-data-text tw-text-large tw-ta\" dir=\"ltr\" data-placeholder=\"P\u0159eklad\"><em><span class=\"Y2IQFc\" lang=\"de\">Autoren<\/span><\/em><\/p>\n<p class=\"tw-data-text tw-text-large tw-ta\" dir=\"ltr\" data-placeholder=\"P\u0159eklad\"><span class=\"Y2IQFc\" lang=\"de\">Studio Solaris BOMMA pr\u00e4sentierte vier neue Kollektionen Buoy, Ama, Divina und ein Sondereditionsprodukt De Castelli X Pyrite sowie ein neues Standkonzept auf einer Fl\u00e4che von 250 m2. Studio Solaris hat den Stand so gestaltet, dass die Lampen im Kontrast kr\u00e4ftiger Farben hervorstechen und der Besucher gleichzeitig die M\u00f6glichkeit hat, die Variabilit\u00e4t des Einsatzes der Lampe im Innenraum zu entdecken.<\/span><\/p>\n<\/div><div class=\"fusion-clearfix\"><\/div><\/div><\/div><\/div><div class=\"fusion-clearfix\"><\/div><\/div><\/div><\/div><\/div>\n","protected":false},"excerpt":{"rendered":"","protected":false},"author":2,"featured_media":0,"parent":2254,"menu_order":0,"comment_status":"closed","ping_status":"open","template":"","meta":[],"yoast_head":"<!-- This site is optimized with the Yoast SEO plugin v19.11 - https:\/\/yoast.com\/wordpress\/plugins\/seo\/ -->\n<title>Mailand 2023 - atelier-design<\/title>\n<meta name=\"robots\" content=\"index, follow, max-snippet:-1, max-image-preview:large, max-video-preview:-1\" \/>\n<link rel=\"canonical\" href=\"https:\/\/atelier-design.cz\/veletrhy\/milano-2023\/\" \/>\n<meta property=\"og:locale\" content=\"de_DE\" \/>\n<meta property=\"og:type\" content=\"article\" \/>\n<meta property=\"og:title\" content=\"Mailand 2023 - atelier-design\" \/>\n<meta property=\"og:url\" content=\"https:\/\/atelier-design.cz\/veletrhy\/milano-2023\/\" \/>\n<meta property=\"og:site_name\" content=\"atelier-design\" \/>\n<meta property=\"article:modified_time\" content=\"2023-05-23T10:38:12+00:00\" \/>\n<meta name=\"twitter:card\" content=\"summary_large_image\" \/>\n<meta name=\"twitter:label1\" content=\"Gesch\u00e4tzte Lesezeit\" \/>\n\t<meta name=\"twitter:data1\" content=\"9 Minuten\" \/>\n<script type=\"application\/ld+json\" class=\"yoast-schema-graph\">{\"@context\":\"https:\/\/schema.org\",\"@graph\":[{\"@type\":\"WebPage\",\"@id\":\"https:\/\/atelier-design.cz\/veletrhy\/milano-2023\/\",\"url\":\"https:\/\/atelier-design.cz\/veletrhy\/milano-2023\/\",\"name\":\"Mailand 2023 - atelier-design\",\"isPartOf\":{\"@id\":\"https:\/\/atelier-design.cz\/#website\"},\"datePublished\":\"2023-04-19T11:09:09+00:00\",\"dateModified\":\"2023-05-23T10:38:12+00:00\",\"breadcrumb\":{\"@id\":\"https:\/\/atelier-design.cz\/veletrhy\/milano-2023\/#breadcrumb\"},\"inLanguage\":\"de-DE\",\"potentialAction\":[{\"@type\":\"ReadAction\",\"target\":[\"https:\/\/atelier-design.cz\/veletrhy\/milano-2023\/\"]}]},{\"@type\":\"BreadcrumbList\",\"@id\":\"https:\/\/atelier-design.cz\/veletrhy\/milano-2023\/#breadcrumb\",\"itemListElement\":[{\"@type\":\"ListItem\",\"position\":1,\"name\":\"Messen\",\"item\":\"https:\/\/atelier-design.cz\/de\/messen\/\"},{\"@type\":\"ListItem\",\"position\":2,\"name\":\"Mailand 2023\"}]},{\"@type\":\"WebSite\",\"@id\":\"https:\/\/atelier-design.cz\/#website\",\"url\":\"https:\/\/atelier-design.cz\/\",\"name\":\"atelier-design\",\"description\":\"v\u00fdstavy, veletrhy, prezentace\",\"potentialAction\":[{\"@type\":\"SearchAction\",\"target\":{\"@type\":\"EntryPoint\",\"urlTemplate\":\"https:\/\/atelier-design.cz\/?s={search_term_string}\"},\"query-input\":\"required name=search_term_string\"}],\"inLanguage\":\"de-DE\"}]}<\/script>\n<!-- \/ Yoast SEO plugin. -->","yoast_head_json":{"title":"Mailand 2023 - atelier-design","robots":{"index":"index","follow":"follow","max-snippet":"max-snippet:-1","max-image-preview":"max-image-preview:large","max-video-preview":"max-video-preview:-1"},"canonical":"https:\/\/atelier-design.cz\/veletrhy\/milano-2023\/","og_locale":"de_DE","og_type":"article","og_title":"Mailand 2023 - atelier-design","og_url":"https:\/\/atelier-design.cz\/veletrhy\/milano-2023\/","og_site_name":"atelier-design","article_modified_time":"2023-05-23T10:38:12+00:00","twitter_card":"summary_large_image","twitter_misc":{"Gesch\u00e4tzte Lesezeit":"9 Minuten"},"schema":{"@context":"https:\/\/schema.org","@graph":[{"@type":"WebPage","@id":"https:\/\/atelier-design.cz\/veletrhy\/milano-2023\/","url":"https:\/\/atelier-design.cz\/veletrhy\/milano-2023\/","name":"Mailand 2023 - atelier-design","isPartOf":{"@id":"https:\/\/atelier-design.cz\/#website"},"datePublished":"2023-04-19T11:09:09+00:00","dateModified":"2023-05-23T10:38:12+00:00","breadcrumb":{"@id":"https:\/\/atelier-design.cz\/veletrhy\/milano-2023\/#breadcrumb"},"inLanguage":"de-DE","potentialAction":[{"@type":"ReadAction","target":["https:\/\/atelier-design.cz\/veletrhy\/milano-2023\/"]}]},{"@type":"BreadcrumbList","@id":"https:\/\/atelier-design.cz\/veletrhy\/milano-2023\/#breadcrumb","itemListElement":[{"@type":"ListItem","position":1,"name":"Messen","item":"https:\/\/atelier-design.cz\/de\/messen\/"},{"@type":"ListItem","position":2,"name":"Mailand 2023"}]},{"@type":"WebSite","@id":"https:\/\/atelier-design.cz\/#website","url":"https:\/\/atelier-design.cz\/","name":"atelier-design","description":"v\u00fdstavy, veletrhy, prezentace","potentialAction":[{"@type":"SearchAction","target":{"@type":"EntryPoint","urlTemplate":"https:\/\/atelier-design.cz\/?s={search_term_string}"},"query-input":"required name=search_term_string"}],"inLanguage":"de-DE"}]}},"_links":{"self":[{"href":"https:\/\/atelier-design.cz\/de\/wp-json\/wp\/v2\/pages\/3770"}],"collection":[{"href":"https:\/\/atelier-design.cz\/de\/wp-json\/wp\/v2\/pages"}],"about":[{"href":"https:\/\/atelier-design.cz\/de\/wp-json\/wp\/v2\/types\/page"}],"author":[{"embeddable":true,"href":"https:\/\/atelier-design.cz\/de\/wp-json\/wp\/v2\/users\/2"}],"replies":[{"embeddable":true,"href":"https:\/\/atelier-design.cz\/de\/wp-json\/wp\/v2\/comments?post=3770"}],"version-history":[{"count":2,"href":"https:\/\/atelier-design.cz\/de\/wp-json\/wp\/v2\/pages\/3770\/revisions"}],"predecessor-version":[{"id":3772,"href":"https:\/\/atelier-design.cz\/de\/wp-json\/wp\/v2\/pages\/3770\/revisions\/3772"}],"up":[{"embeddable":true,"href":"https:\/\/atelier-design.cz\/de\/wp-json\/wp\/v2\/pages\/2254"}],"wp:attachment":[{"href":"https:\/\/atelier-design.cz\/de\/wp-json\/wp\/v2\/media?parent=3770"}],"curies":[{"name":"wp","href":"https:\/\/api.w.org\/{rel}","templated":true}]}}