{"id":3459,"date":"2023-01-31T09:04:48","date_gmt":"2023-01-31T08:04:48","guid":{"rendered":"https:\/\/atelier-design.cz\/gesellschaft\/schreinerei\/"},"modified":"2023-02-02T15:57:31","modified_gmt":"2023-02-02T14:57:31","slug":"schreinerei","status":"publish","type":"page","link":"https:\/\/atelier-design.cz\/de\/gesellschaft\/ausruestung\/schreinerei\/","title":{"rendered":"Schreinerei"},"content":{"rendered":"<div class=\"fusion-fullwidth fullwidth-box fusion-builder-row-1 nonhundred-percent-fullwidth non-hundred-percent-height-scrolling fusion-equal-height-columns\" style=\"background-color: rgba(255,255,255,0);background-position: center center;background-repeat: no-repeat;padding-top:0px;padding-right:0px;padding-bottom:0px;padding-left:0px;margin-bottom: 0px;margin-top: 0px;border-width: 0px 0px 0px 0px;border-color:#eae9e9;border-style:solid;\" ><div class=\"fusion-builder-row fusion-row\"><div class=\"fusion-layout-column fusion_builder_column fusion-builder-column-0 fusion_builder_column_1_1 1_1 fusion-one-full fusion-column-first fusion-column-last bfranim\" style=\"margin-top:0px;margin-bottom:0px;\"><div class=\"fusion-column-wrapper fusion-flex-column-wrapper-legacy\" style=\"background-position:left top;background-repeat:no-repeat;-webkit-background-size:cover;-moz-background-size:cover;-o-background-size:cover;background-size:cover;border-width: 10px 10px 10px 10px;border-color:#ffffff;border-style:solid;padding: 0px 0px 0px 0px;\"><div class=\"fusion-builder-row fusion-builder-row-inner fusion-row\"><div class=\"fusion-layout-column fusion_builder_column_inner fusion-builder-nested-column-0 fusion_builder_column_inner_3_5 3_5 fusion-three-fifth fusion-column-first\" style=\"width:60%;width:calc(60% - ( ( 0 ) * 0.6 ) );margin-right: 0px;margin-top:0px;margin-bottom:0px;\"><div class=\"fusion-column-wrapper fusion-flex-column-wrapper-legacy\" style=\"background-position:center center;background-repeat:no-repeat;-webkit-background-size:cover;-moz-background-size:cover;-o-background-size:cover;background-size:cover;padding: 0px 0px 0px 0px;\"><div class=\"fusion-image-carousel fusion-image-carousel-auto fusion-image-carousel-1\"><div class=\"fusion-carousel\" data-autoplay=\"yes\" data-columns=\"1\" data-itemmargin=\"0\" data-itemwidth=\"180\" data-touchscroll=\"no\" data-imagesize=\"auto\"><div class=\"fusion-carousel-positioner\"><ul class=\"fusion-carousel-holder\"><li class=\"fusion-carousel-item\"><div class=\"fusion-carousel-item-wrapper\"><div class=\"fusion-image-wrapper hover-type-none\"><img width=\"1200\" height=\"685\" src=\"https:\/\/atelier-design.cz\/wp-content\/uploads\/2022\/09\/Firma-areal-6.jpg\" class=\"attachment-full size-full\" alt=\"\" srcset=\"https:\/\/atelier-design.cz\/wp-content\/uploads\/2022\/09\/Firma-areal-6-200x114.jpg 200w, https:\/\/atelier-design.cz\/wp-content\/uploads\/2022\/09\/Firma-areal-6-300x171.jpg 300w, https:\/\/atelier-design.cz\/wp-content\/uploads\/2022\/09\/Firma-areal-6-400x228.jpg 400w, https:\/\/atelier-design.cz\/wp-content\/uploads\/2022\/09\/Firma-areal-6-600x343.jpg 600w, https:\/\/atelier-design.cz\/wp-content\/uploads\/2022\/09\/Firma-areal-6-768x438.jpg 768w, https:\/\/atelier-design.cz\/wp-content\/uploads\/2022\/09\/Firma-areal-6-800x457.jpg 800w, https:\/\/atelier-design.cz\/wp-content\/uploads\/2022\/09\/Firma-areal-6-1024x585.jpg 1024w, https:\/\/atelier-design.cz\/wp-content\/uploads\/2022\/09\/Firma-areal-6.jpg 1200w\" sizes=\"(max-width: 1200px) 100vw, 1200px\" \/><\/div><\/div><\/li><li class=\"fusion-carousel-item\"><div class=\"fusion-carousel-item-wrapper\"><div class=\"fusion-image-wrapper hover-type-none\"><img width=\"1200\" height=\"685\" src=\"https:\/\/atelier-design.cz\/wp-content\/uploads\/2022\/09\/Firma-areal-8.jpg\" class=\"attachment-full size-full\" alt=\"\" srcset=\"https:\/\/atelier-design.cz\/wp-content\/uploads\/2022\/09\/Firma-areal-8-200x114.jpg 200w, https:\/\/atelier-design.cz\/wp-content\/uploads\/2022\/09\/Firma-areal-8-300x171.jpg 300w, https:\/\/atelier-design.cz\/wp-content\/uploads\/2022\/09\/Firma-areal-8-400x228.jpg 400w, https:\/\/atelier-design.cz\/wp-content\/uploads\/2022\/09\/Firma-areal-8-600x343.jpg 600w, https:\/\/atelier-design.cz\/wp-content\/uploads\/2022\/09\/Firma-areal-8-768x438.jpg 768w, https:\/\/atelier-design.cz\/wp-content\/uploads\/2022\/09\/Firma-areal-8-800x457.jpg 800w, https:\/\/atelier-design.cz\/wp-content\/uploads\/2022\/09\/Firma-areal-8-1024x585.jpg 1024w, https:\/\/atelier-design.cz\/wp-content\/uploads\/2022\/09\/Firma-areal-8.jpg 1200w\" sizes=\"(max-width: 1200px) 100vw, 1200px\" \/><\/div><\/div><\/li><li class=\"fusion-carousel-item\"><div class=\"fusion-carousel-item-wrapper\"><div class=\"fusion-image-wrapper hover-type-none\"><img width=\"1200\" height=\"685\" src=\"https:\/\/atelier-design.cz\/wp-content\/uploads\/2022\/09\/Firma-areal-9.jpg\" class=\"attachment-full size-full\" alt=\"\" srcset=\"https:\/\/atelier-design.cz\/wp-content\/uploads\/2022\/09\/Firma-areal-9-200x114.jpg 200w, https:\/\/atelier-design.cz\/wp-content\/uploads\/2022\/09\/Firma-areal-9-300x171.jpg 300w, https:\/\/atelier-design.cz\/wp-content\/uploads\/2022\/09\/Firma-areal-9-400x228.jpg 400w, https:\/\/atelier-design.cz\/wp-content\/uploads\/2022\/09\/Firma-areal-9-600x343.jpg 600w, https:\/\/atelier-design.cz\/wp-content\/uploads\/2022\/09\/Firma-areal-9-768x438.jpg 768w, https:\/\/atelier-design.cz\/wp-content\/uploads\/2022\/09\/Firma-areal-9-800x457.jpg 800w, https:\/\/atelier-design.cz\/wp-content\/uploads\/2022\/09\/Firma-areal-9-1024x585.jpg 1024w, https:\/\/atelier-design.cz\/wp-content\/uploads\/2022\/09\/Firma-areal-9.jpg 1200w\" sizes=\"(max-width: 1200px) 100vw, 1200px\" \/><\/div><\/div><\/li><li class=\"fusion-carousel-item\"><div class=\"fusion-carousel-item-wrapper\"><div class=\"fusion-image-wrapper hover-type-none\"><img width=\"1200\" height=\"685\" src=\"https:\/\/atelier-design.cz\/wp-content\/uploads\/2022\/09\/Firma-areal-7.jpg\" class=\"attachment-full size-full\" alt=\"\" srcset=\"https:\/\/atelier-design.cz\/wp-content\/uploads\/2022\/09\/Firma-areal-7-200x114.jpg 200w, https:\/\/atelier-design.cz\/wp-content\/uploads\/2022\/09\/Firma-areal-7-300x171.jpg 300w, https:\/\/atelier-design.cz\/wp-content\/uploads\/2022\/09\/Firma-areal-7-400x228.jpg 400w, https:\/\/atelier-design.cz\/wp-content\/uploads\/2022\/09\/Firma-areal-7-600x343.jpg 600w, https:\/\/atelier-design.cz\/wp-content\/uploads\/2022\/09\/Firma-areal-7-768x438.jpg 768w, https:\/\/atelier-design.cz\/wp-content\/uploads\/2022\/09\/Firma-areal-7-800x457.jpg 800w, https:\/\/atelier-design.cz\/wp-content\/uploads\/2022\/09\/Firma-areal-7-1024x585.jpg 1024w, https:\/\/atelier-design.cz\/wp-content\/uploads\/2022\/09\/Firma-areal-7.jpg 1200w\" sizes=\"(max-width: 1200px) 100vw, 1200px\" \/><\/div><\/div><\/li><li class=\"fusion-carousel-item\"><div class=\"fusion-carousel-item-wrapper\"><div class=\"fusion-image-wrapper hover-type-none\"><img width=\"1200\" height=\"685\" src=\"https:\/\/atelier-design.cz\/wp-content\/uploads\/2022\/09\/Firma-vybaveni-3.jpg\" class=\"attachment-full size-full\" alt=\"\" srcset=\"https:\/\/atelier-design.cz\/wp-content\/uploads\/2022\/09\/Firma-vybaveni-3-200x114.jpg 200w, https:\/\/atelier-design.cz\/wp-content\/uploads\/2022\/09\/Firma-vybaveni-3-300x171.jpg 300w, https:\/\/atelier-design.cz\/wp-content\/uploads\/2022\/09\/Firma-vybaveni-3-400x228.jpg 400w, https:\/\/atelier-design.cz\/wp-content\/uploads\/2022\/09\/Firma-vybaveni-3-600x343.jpg 600w, https:\/\/atelier-design.cz\/wp-content\/uploads\/2022\/09\/Firma-vybaveni-3-768x438.jpg 768w, https:\/\/atelier-design.cz\/wp-content\/uploads\/2022\/09\/Firma-vybaveni-3-800x457.jpg 800w, https:\/\/atelier-design.cz\/wp-content\/uploads\/2022\/09\/Firma-vybaveni-3-1024x585.jpg 1024w, https:\/\/atelier-design.cz\/wp-content\/uploads\/2022\/09\/Firma-vybaveni-3.jpg 1200w\" sizes=\"(max-width: 1200px) 100vw, 1200px\" \/><\/div><\/div><\/li><li class=\"fusion-carousel-item\"><div class=\"fusion-carousel-item-wrapper\"><div class=\"fusion-image-wrapper hover-type-none\"><img width=\"2016\" height=\"1154\" src=\"https:\/\/atelier-design.cz\/wp-content\/uploads\/2022\/10\/20200929_163013-e1666854121371.jpg\" class=\"attachment-full size-full\" alt=\"\" srcset=\"https:\/\/atelier-design.cz\/wp-content\/uploads\/2022\/10\/20200929_163013-e1666854121371-200x114.jpg 200w, https:\/\/atelier-design.cz\/wp-content\/uploads\/2022\/10\/20200929_163013-e1666854121371-300x172.jpg 300w, https:\/\/atelier-design.cz\/wp-content\/uploads\/2022\/10\/20200929_163013-e1666854121371-400x229.jpg 400w, https:\/\/atelier-design.cz\/wp-content\/uploads\/2022\/10\/20200929_163013-e1666854121371-600x343.jpg 600w, https:\/\/atelier-design.cz\/wp-content\/uploads\/2022\/10\/20200929_163013-e1666854121371-768x440.jpg 768w, https:\/\/atelier-design.cz\/wp-content\/uploads\/2022\/10\/20200929_163013-e1666854121371-800x458.jpg 800w, https:\/\/atelier-design.cz\/wp-content\/uploads\/2022\/10\/20200929_163013-e1666854121371-1024x586.jpg 1024w, https:\/\/atelier-design.cz\/wp-content\/uploads\/2022\/10\/20200929_163013-e1666854121371-1200x687.jpg 1200w, https:\/\/atelier-design.cz\/wp-content\/uploads\/2022\/10\/20200929_163013-e1666854121371-1536x879.jpg 1536w, https:\/\/atelier-design.cz\/wp-content\/uploads\/2022\/10\/20200929_163013-e1666854121371.jpg 2016w\" sizes=\"(max-width: 2016px) 100vw, 2016px\" \/><\/div><\/div><\/li><li class=\"fusion-carousel-item\"><div class=\"fusion-carousel-item-wrapper\"><div class=\"fusion-image-wrapper hover-type-none\"><img width=\"2016\" height=\"1154\" src=\"https:\/\/atelier-design.cz\/wp-content\/uploads\/2022\/10\/20201028_122936-e1666854195332.jpg\" class=\"attachment-full size-full\" alt=\"\" srcset=\"https:\/\/atelier-design.cz\/wp-content\/uploads\/2022\/10\/20201028_122936-e1666854195332-200x114.jpg 200w, https:\/\/atelier-design.cz\/wp-content\/uploads\/2022\/10\/20201028_122936-e1666854195332-300x172.jpg 300w, https:\/\/atelier-design.cz\/wp-content\/uploads\/2022\/10\/20201028_122936-e1666854195332-400x229.jpg 400w, https:\/\/atelier-design.cz\/wp-content\/uploads\/2022\/10\/20201028_122936-e1666854195332-600x343.jpg 600w, https:\/\/atelier-design.cz\/wp-content\/uploads\/2022\/10\/20201028_122936-e1666854195332-768x440.jpg 768w, https:\/\/atelier-design.cz\/wp-content\/uploads\/2022\/10\/20201028_122936-e1666854195332-800x458.jpg 800w, https:\/\/atelier-design.cz\/wp-content\/uploads\/2022\/10\/20201028_122936-e1666854195332-1024x586.jpg 1024w, https:\/\/atelier-design.cz\/wp-content\/uploads\/2022\/10\/20201028_122936-e1666854195332-1200x687.jpg 1200w, https:\/\/atelier-design.cz\/wp-content\/uploads\/2022\/10\/20201028_122936-e1666854195332-1536x879.jpg 1536w, https:\/\/atelier-design.cz\/wp-content\/uploads\/2022\/10\/20201028_122936-e1666854195332.jpg 2016w\" sizes=\"(max-width: 2016px) 100vw, 2016px\" \/><\/div><\/div><\/li><li class=\"fusion-carousel-item\"><div class=\"fusion-carousel-item-wrapper\"><div class=\"fusion-image-wrapper hover-type-none\"><img width=\"2105\" height=\"1203\" src=\"https:\/\/atelier-design.cz\/wp-content\/uploads\/2022\/10\/IMG_9700-scaled-e1666787839757.jpg\" class=\"attachment-full size-full\" alt=\"\" srcset=\"https:\/\/atelier-design.cz\/wp-content\/uploads\/2022\/10\/IMG_9700-scaled-e1666787839757-200x114.jpg 200w, https:\/\/atelier-design.cz\/wp-content\/uploads\/2022\/10\/IMG_9700-scaled-e1666787839757-300x171.jpg 300w, https:\/\/atelier-design.cz\/wp-content\/uploads\/2022\/10\/IMG_9700-scaled-e1666787839757-400x229.jpg 400w, https:\/\/atelier-design.cz\/wp-content\/uploads\/2022\/10\/IMG_9700-scaled-e1666787839757-600x343.jpg 600w, https:\/\/atelier-design.cz\/wp-content\/uploads\/2022\/10\/IMG_9700-scaled-e1666787839757-768x439.jpg 768w, https:\/\/atelier-design.cz\/wp-content\/uploads\/2022\/10\/IMG_9700-scaled-e1666787839757-800x457.jpg 800w, https:\/\/atelier-design.cz\/wp-content\/uploads\/2022\/10\/IMG_9700-scaled-e1666787839757-1024x585.jpg 1024w, https:\/\/atelier-design.cz\/wp-content\/uploads\/2022\/10\/IMG_9700-scaled-e1666787839757-1200x686.jpg 1200w, https:\/\/atelier-design.cz\/wp-content\/uploads\/2022\/10\/IMG_9700-scaled-e1666787839757-1536x878.jpg 1536w, https:\/\/atelier-design.cz\/wp-content\/uploads\/2022\/10\/IMG_9700-scaled-e1666787839757.jpg 2105w\" sizes=\"(max-width: 2105px) 100vw, 2105px\" \/><\/div><\/div><\/li><li class=\"fusion-carousel-item\"><div class=\"fusion-carousel-item-wrapper\"><div class=\"fusion-image-wrapper hover-type-none\"><img width=\"2560\" height=\"1707\" src=\"https:\/\/atelier-design.cz\/wp-content\/uploads\/2022\/12\/Popo-7-scaled-e1669972730292.jpg\" class=\"attachment-full size-full\" alt=\"\" \/><\/div><\/div><\/li><\/ul><div class=\"fusion-carousel-nav\"><button class=\"fusion-nav-prev awb-icon-left\" aria-label=\"Previous\"><\/button><button class=\"fusion-nav-next awb-icon-right\" aria-label=\"Next\"><\/button><\/div><\/div><\/div><\/div><div class=\"fusion-clearfix\"><\/div><\/div><\/div><div class=\"fusion-layout-column fusion_builder_column_inner fusion-builder-nested-column-1 fusion_builder_column_inner_2_5 2_5 fusion-two-fifth fusion-column-last contentWrapper\" style=\"width:40%;width:calc(40% - ( ( 0 ) * 0.4 ) );margin-top:0px;margin-bottom:0px;\"><div class=\"fusion-column-wrapper fusion-flex-column-wrapper-legacy\" style=\"background-position:left top;background-repeat:no-repeat;-webkit-background-size:cover;-moz-background-size:cover;-o-background-size:cover;background-size:cover;padding: 0px 0px 0px 0px;\"><style type=\"text\/css\"><\/style><div class=\"fusion-title title fusion-title-1 fusion-sep-none fusion-title-text fusion-title-size-one\" style=\"margin-top:0px;margin-right:0px;margin-bottom:31px;margin-left:0px;\"><h1 class=\"title-heading-left\" style=\"margin:0;\">Schreinerei<\/h1><\/div><div class=\"fusion-text fusion-text-1\"><p id=\"tw-target-text\" class=\"tw-data-text tw-text-large tw-ta\" dir=\"ltr\" data-placeholder=\"P\u0159eklad\"><span class=\"Y2IQFc\" lang=\"de\">Wir fertigen nach Ma\u00df atypische Konstruktionen aus Holz f\u00fcr den Innen- und Au\u00dfenbereich. Wir konzentrieren uns haupts\u00e4chlich auf interessante Projekte in Zusammenarbeit mit Architekten und Designern. Wir produzieren aus Massiv- und Plattenmaterialien, die wir mit anderen Materialien wie Metall, Kunststoff und anderen kombinieren. Wir verf\u00fcgen \u00fcber eine ausgestattete Schreinerei und professionelles Personal mit langj\u00e4hriger Erfahrung auf diesem Gebiet. Wir besitzen ein CNC-Bearbeitungszentrum f\u00fcr gro\u00dfformatiges Plattenmaterial, Holzbearbeitungsmaschinen und eine Kantenanleimmaschine. Wir bieten komplette Dienstleistungen einschlie\u00dflich Montage.<\/span><\/p>\n<\/div><div class=\"fusion-clearfix\"><\/div><\/div><\/div><\/div><div class=\"fusion-clearfix\"><\/div><\/div><\/div><\/div><\/div>\n","protected":false},"excerpt":{"rendered":"","protected":false},"author":2,"featured_media":0,"parent":2166,"menu_order":0,"comment_status":"closed","ping_status":"open","template":"","meta":[],"yoast_head":"<!-- This site is optimized with the Yoast SEO plugin v19.11 - https:\/\/yoast.com\/wordpress\/plugins\/seo\/ -->\n<title>Schreinerei - atelier-design<\/title>\n<meta name=\"robots\" content=\"index, follow, max-snippet:-1, max-image-preview:large, max-video-preview:-1\" \/>\n<link rel=\"canonical\" href=\"https:\/\/atelier-design.cz\/firma\/vybaveni\/truhlarska-dilna\/\" \/>\n<meta property=\"og:locale\" content=\"de_DE\" \/>\n<meta property=\"og:type\" content=\"article\" \/>\n<meta property=\"og:title\" content=\"Schreinerei - atelier-design\" \/>\n<meta property=\"og:url\" content=\"https:\/\/atelier-design.cz\/firma\/vybaveni\/truhlarska-dilna\/\" \/>\n<meta property=\"og:site_name\" content=\"atelier-design\" \/>\n<meta property=\"article:modified_time\" content=\"2023-02-02T14:57:31+00:00\" \/>\n<meta name=\"twitter:card\" content=\"summary_large_image\" \/>\n<meta name=\"twitter:label1\" content=\"Gesch\u00e4tzte Lesezeit\" \/>\n\t<meta name=\"twitter:data1\" content=\"10 Minuten\" \/>\n<script type=\"application\/ld+json\" class=\"yoast-schema-graph\">{\"@context\":\"https:\/\/schema.org\",\"@graph\":[{\"@type\":\"WebPage\",\"@id\":\"https:\/\/atelier-design.cz\/firma\/vybaveni\/truhlarska-dilna\/\",\"url\":\"https:\/\/atelier-design.cz\/firma\/vybaveni\/truhlarska-dilna\/\",\"name\":\"Schreinerei - atelier-design\",\"isPartOf\":{\"@id\":\"https:\/\/atelier-design.cz\/#website\"},\"datePublished\":\"2023-01-31T08:04:48+00:00\",\"dateModified\":\"2023-02-02T14:57:31+00:00\",\"breadcrumb\":{\"@id\":\"https:\/\/atelier-design.cz\/firma\/vybaveni\/truhlarska-dilna\/#breadcrumb\"},\"inLanguage\":\"de-DE\",\"potentialAction\":[{\"@type\":\"ReadAction\",\"target\":[\"https:\/\/atelier-design.cz\/firma\/vybaveni\/truhlarska-dilna\/\"]}]},{\"@type\":\"BreadcrumbList\",\"@id\":\"https:\/\/atelier-design.cz\/firma\/vybaveni\/truhlarska-dilna\/#breadcrumb\",\"itemListElement\":[{\"@type\":\"ListItem\",\"position\":1,\"name\":\"Gesellschaft\",\"item\":\"https:\/\/atelier-design.cz\/\"},{\"@type\":\"ListItem\",\"position\":2,\"name\":\"Ausstattung\",\"item\":\"https:\/\/atelier-design.cz\/firma\/vybaveni\/\"},{\"@type\":\"ListItem\",\"position\":3,\"name\":\"Schreinerei\"}]},{\"@type\":\"WebSite\",\"@id\":\"https:\/\/atelier-design.cz\/#website\",\"url\":\"https:\/\/atelier-design.cz\/\",\"name\":\"atelier-design\",\"description\":\"v\u00fdstavy, veletrhy, prezentace\",\"potentialAction\":[{\"@type\":\"SearchAction\",\"target\":{\"@type\":\"EntryPoint\",\"urlTemplate\":\"https:\/\/atelier-design.cz\/?s={search_term_string}\"},\"query-input\":\"required name=search_term_string\"}],\"inLanguage\":\"de-DE\"}]}<\/script>\n<!-- \/ Yoast SEO plugin. -->","yoast_head_json":{"title":"Schreinerei - atelier-design","robots":{"index":"index","follow":"follow","max-snippet":"max-snippet:-1","max-image-preview":"max-image-preview:large","max-video-preview":"max-video-preview:-1"},"canonical":"https:\/\/atelier-design.cz\/firma\/vybaveni\/truhlarska-dilna\/","og_locale":"de_DE","og_type":"article","og_title":"Schreinerei - atelier-design","og_url":"https:\/\/atelier-design.cz\/firma\/vybaveni\/truhlarska-dilna\/","og_site_name":"atelier-design","article_modified_time":"2023-02-02T14:57:31+00:00","twitter_card":"summary_large_image","twitter_misc":{"Gesch\u00e4tzte Lesezeit":"10 Minuten"},"schema":{"@context":"https:\/\/schema.org","@graph":[{"@type":"WebPage","@id":"https:\/\/atelier-design.cz\/firma\/vybaveni\/truhlarska-dilna\/","url":"https:\/\/atelier-design.cz\/firma\/vybaveni\/truhlarska-dilna\/","name":"Schreinerei - atelier-design","isPartOf":{"@id":"https:\/\/atelier-design.cz\/#website"},"datePublished":"2023-01-31T08:04:48+00:00","dateModified":"2023-02-02T14:57:31+00:00","breadcrumb":{"@id":"https:\/\/atelier-design.cz\/firma\/vybaveni\/truhlarska-dilna\/#breadcrumb"},"inLanguage":"de-DE","potentialAction":[{"@type":"ReadAction","target":["https:\/\/atelier-design.cz\/firma\/vybaveni\/truhlarska-dilna\/"]}]},{"@type":"BreadcrumbList","@id":"https:\/\/atelier-design.cz\/firma\/vybaveni\/truhlarska-dilna\/#breadcrumb","itemListElement":[{"@type":"ListItem","position":1,"name":"Gesellschaft","item":"https:\/\/atelier-design.cz\/"},{"@type":"ListItem","position":2,"name":"Ausstattung","item":"https:\/\/atelier-design.cz\/firma\/vybaveni\/"},{"@type":"ListItem","position":3,"name":"Schreinerei"}]},{"@type":"WebSite","@id":"https:\/\/atelier-design.cz\/#website","url":"https:\/\/atelier-design.cz\/","name":"atelier-design","description":"v\u00fdstavy, veletrhy, prezentace","potentialAction":[{"@type":"SearchAction","target":{"@type":"EntryPoint","urlTemplate":"https:\/\/atelier-design.cz\/?s={search_term_string}"},"query-input":"required name=search_term_string"}],"inLanguage":"de-DE"}]}},"_links":{"self":[{"href":"https:\/\/atelier-design.cz\/de\/wp-json\/wp\/v2\/pages\/3459"}],"collection":[{"href":"https:\/\/atelier-design.cz\/de\/wp-json\/wp\/v2\/pages"}],"about":[{"href":"https:\/\/atelier-design.cz\/de\/wp-json\/wp\/v2\/types\/page"}],"author":[{"embeddable":true,"href":"https:\/\/atelier-design.cz\/de\/wp-json\/wp\/v2\/users\/2"}],"replies":[{"embeddable":true,"href":"https:\/\/atelier-design.cz\/de\/wp-json\/wp\/v2\/comments?post=3459"}],"version-history":[{"count":6,"href":"https:\/\/atelier-design.cz\/de\/wp-json\/wp\/v2\/pages\/3459\/revisions"}],"predecessor-version":[{"id":3618,"href":"https:\/\/atelier-design.cz\/de\/wp-json\/wp\/v2\/pages\/3459\/revisions\/3618"}],"up":[{"embeddable":true,"href":"https:\/\/atelier-design.cz\/de\/wp-json\/wp\/v2\/pages\/2166"}],"wp:attachment":[{"href":"https:\/\/atelier-design.cz\/de\/wp-json\/wp\/v2\/media?parent=3459"}],"curies":[{"name":"wp","href":"https:\/\/api.w.org\/{rel}","templated":true}]}}