{"id":3453,"date":"2023-01-31T09:48:35","date_gmt":"2023-01-31T08:48:35","guid":{"rendered":"https:\/\/atelier-design.cz\/gesellschaft\/modellbau\/"},"modified":"2023-02-07T10:10:08","modified_gmt":"2023-02-07T09:10:08","slug":"modellbau","status":"publish","type":"page","link":"https:\/\/atelier-design.cz\/de\/gesellschaft\/ausruestung\/modellbau\/","title":{"rendered":"Modellbau"},"content":{"rendered":"<div class=\"fusion-fullwidth fullwidth-box fusion-builder-row-1 nonhundred-percent-fullwidth non-hundred-percent-height-scrolling fusion-equal-height-columns\" style=\"background-color: rgba(255,255,255,0);background-position: center center;background-repeat: no-repeat;padding-top:0px;padding-right:0px;padding-bottom:0px;padding-left:0px;margin-bottom: 0px;margin-top: 0px;border-width: 0px 0px 0px 0px;border-color:#eae9e9;border-style:solid;\" ><div class=\"fusion-builder-row fusion-row\"><div class=\"fusion-layout-column fusion_builder_column fusion-builder-column-0 fusion_builder_column_1_1 1_1 fusion-one-full fusion-column-first fusion-column-last bfranim\" style=\"margin-top:0px;margin-bottom:0px;\"><div class=\"fusion-column-wrapper fusion-flex-column-wrapper-legacy\" style=\"background-position:left top;background-repeat:no-repeat;-webkit-background-size:cover;-moz-background-size:cover;-o-background-size:cover;background-size:cover;border-width: 10px 10px 10px 10px;border-color:#ffffff;border-style:solid;padding: 0px 0px 0px 0px;\"><div class=\"fusion-builder-row fusion-builder-row-inner fusion-row\"><div class=\"fusion-layout-column fusion_builder_column_inner fusion-builder-nested-column-0 fusion_builder_column_inner_3_5 3_5 fusion-three-fifth fusion-column-first\" style=\"width:60%;width:calc(60% - ( ( 0 ) * 0.6 ) );margin-right: 0px;margin-top:0px;margin-bottom:0px;\"><div class=\"fusion-column-wrapper fusion-flex-column-wrapper-legacy\" style=\"background-position:center center;background-repeat:no-repeat;-webkit-background-size:cover;-moz-background-size:cover;-o-background-size:cover;background-size:cover;padding: 0px 0px 0px 0px;\"><div class=\"fusion-image-carousel fusion-image-carousel-auto fusion-image-carousel-1\"><div class=\"fusion-carousel\" data-autoplay=\"yes\" data-columns=\"1\" data-itemmargin=\"0\" data-itemwidth=\"180\" data-touchscroll=\"no\" data-imagesize=\"auto\"><div class=\"fusion-carousel-positioner\"><ul class=\"fusion-carousel-holder\"><li class=\"fusion-carousel-item\"><div class=\"fusion-carousel-item-wrapper\"><div class=\"fusion-image-wrapper hover-type-none\"><img width=\"2560\" height=\"1463\" src=\"https:\/\/atelier-design.cz\/wp-content\/uploads\/2023\/01\/klastorna_optimized-1-scaled.jpg\" class=\"attachment-full size-full\" alt=\"\" srcset=\"https:\/\/atelier-design.cz\/wp-content\/uploads\/2023\/01\/klastorna_optimized-1-200x114.jpg 200w, https:\/\/atelier-design.cz\/wp-content\/uploads\/2023\/01\/klastorna_optimized-1-300x171.jpg 300w, https:\/\/atelier-design.cz\/wp-content\/uploads\/2023\/01\/klastorna_optimized-1-400x229.jpg 400w, https:\/\/atelier-design.cz\/wp-content\/uploads\/2023\/01\/klastorna_optimized-1-600x343.jpg 600w, https:\/\/atelier-design.cz\/wp-content\/uploads\/2023\/01\/klastorna_optimized-1-768x439.jpg 768w, https:\/\/atelier-design.cz\/wp-content\/uploads\/2023\/01\/klastorna_optimized-1-800x457.jpg 800w, https:\/\/atelier-design.cz\/wp-content\/uploads\/2023\/01\/klastorna_optimized-1-1024x585.jpg 1024w, https:\/\/atelier-design.cz\/wp-content\/uploads\/2023\/01\/klastorna_optimized-1-1200x686.jpg 1200w, https:\/\/atelier-design.cz\/wp-content\/uploads\/2023\/01\/klastorna_optimized-1-1536x878.jpg 1536w, https:\/\/atelier-design.cz\/wp-content\/uploads\/2023\/01\/klastorna_optimized-1-scaled.jpg 2560w\" sizes=\"(max-width: 2560px) 100vw, 2560px\" \/><\/div><\/div><\/li><li class=\"fusion-carousel-item\"><div class=\"fusion-carousel-item-wrapper\"><div class=\"fusion-image-wrapper hover-type-none\"><img width=\"1600\" height=\"900\" src=\"https:\/\/atelier-design.cz\/wp-content\/uploads\/2022\/10\/13makinof.jpg\" class=\"attachment-full size-full\" alt=\"\" srcset=\"https:\/\/atelier-design.cz\/wp-content\/uploads\/2022\/10\/13makinof-200x113.jpg 200w, https:\/\/atelier-design.cz\/wp-content\/uploads\/2022\/10\/13makinof-300x169.jpg 300w, https:\/\/atelier-design.cz\/wp-content\/uploads\/2022\/10\/13makinof-400x225.jpg 400w, https:\/\/atelier-design.cz\/wp-content\/uploads\/2022\/10\/13makinof-600x338.jpg 600w, https:\/\/atelier-design.cz\/wp-content\/uploads\/2022\/10\/13makinof-768x432.jpg 768w, https:\/\/atelier-design.cz\/wp-content\/uploads\/2022\/10\/13makinof-800x450.jpg 800w, https:\/\/atelier-design.cz\/wp-content\/uploads\/2022\/10\/13makinof-1024x576.jpg 1024w, https:\/\/atelier-design.cz\/wp-content\/uploads\/2022\/10\/13makinof-1200x675.jpg 1200w, https:\/\/atelier-design.cz\/wp-content\/uploads\/2022\/10\/13makinof-1536x864.jpg 1536w, https:\/\/atelier-design.cz\/wp-content\/uploads\/2022\/10\/13makinof.jpg 1600w\" sizes=\"(max-width: 1600px) 100vw, 1600px\" \/><\/div><\/div><\/li><li class=\"fusion-carousel-item\"><div class=\"fusion-carousel-item-wrapper\"><div class=\"fusion-image-wrapper hover-type-none\"><img width=\"1600\" height=\"900\" src=\"https:\/\/atelier-design.cz\/wp-content\/uploads\/2022\/10\/23draperka.jpg\" class=\"attachment-full size-full\" alt=\"\" srcset=\"https:\/\/atelier-design.cz\/wp-content\/uploads\/2022\/10\/23draperka-200x113.jpg 200w, https:\/\/atelier-design.cz\/wp-content\/uploads\/2022\/10\/23draperka-300x169.jpg 300w, https:\/\/atelier-design.cz\/wp-content\/uploads\/2022\/10\/23draperka-400x225.jpg 400w, https:\/\/atelier-design.cz\/wp-content\/uploads\/2022\/10\/23draperka-600x338.jpg 600w, https:\/\/atelier-design.cz\/wp-content\/uploads\/2022\/10\/23draperka-768x432.jpg 768w, https:\/\/atelier-design.cz\/wp-content\/uploads\/2022\/10\/23draperka-800x450.jpg 800w, https:\/\/atelier-design.cz\/wp-content\/uploads\/2022\/10\/23draperka-1024x576.jpg 1024w, https:\/\/atelier-design.cz\/wp-content\/uploads\/2022\/10\/23draperka-1200x675.jpg 1200w, https:\/\/atelier-design.cz\/wp-content\/uploads\/2022\/10\/23draperka-1536x864.jpg 1536w, https:\/\/atelier-design.cz\/wp-content\/uploads\/2022\/10\/23draperka.jpg 1600w\" sizes=\"(max-width: 1600px) 100vw, 1600px\" \/><\/div><\/div><\/li><li class=\"fusion-carousel-item\"><div class=\"fusion-carousel-item-wrapper\"><div class=\"fusion-image-wrapper hover-type-none\"><img width=\"2560\" height=\"1707\" src=\"https:\/\/atelier-design.cz\/wp-content\/uploads\/2023\/01\/img_6885_optimized-scaled-e1675158765264.jpg\" class=\"attachment-full size-full\" alt=\"\" \/><\/div><\/div><\/li><li class=\"fusion-carousel-item\"><div class=\"fusion-carousel-item-wrapper\"><div class=\"fusion-image-wrapper hover-type-none\"><img width=\"2560\" height=\"1463\" src=\"https:\/\/atelier-design.cz\/wp-content\/uploads\/2023\/01\/avp_optimized-scaled.jpg\" class=\"attachment-full size-full\" alt=\"\" srcset=\"https:\/\/atelier-design.cz\/wp-content\/uploads\/2023\/01\/avp_optimized-200x114.jpg 200w, https:\/\/atelier-design.cz\/wp-content\/uploads\/2023\/01\/avp_optimized-300x171.jpg 300w, https:\/\/atelier-design.cz\/wp-content\/uploads\/2023\/01\/avp_optimized-400x229.jpg 400w, https:\/\/atelier-design.cz\/wp-content\/uploads\/2023\/01\/avp_optimized-600x343.jpg 600w, https:\/\/atelier-design.cz\/wp-content\/uploads\/2023\/01\/avp_optimized-768x439.jpg 768w, https:\/\/atelier-design.cz\/wp-content\/uploads\/2023\/01\/avp_optimized-800x457.jpg 800w, https:\/\/atelier-design.cz\/wp-content\/uploads\/2023\/01\/avp_optimized-1024x585.jpg 1024w, https:\/\/atelier-design.cz\/wp-content\/uploads\/2023\/01\/avp_optimized-1200x686.jpg 1200w, https:\/\/atelier-design.cz\/wp-content\/uploads\/2023\/01\/avp_optimized-1536x878.jpg 1536w, https:\/\/atelier-design.cz\/wp-content\/uploads\/2023\/01\/avp_optimized-scaled.jpg 2560w\" sizes=\"(max-width: 2560px) 100vw, 2560px\" \/><\/div><\/div><\/li><li class=\"fusion-carousel-item\"><div class=\"fusion-carousel-item-wrapper\"><div class=\"fusion-image-wrapper hover-type-none\"><img width=\"2560\" height=\"1707\" src=\"https:\/\/atelier-design.cz\/wp-content\/uploads\/2023\/01\/img_0134_optimized-scaled-e1675158846502.jpg\" class=\"attachment-full size-full\" alt=\"\" \/><\/div><\/div><\/li><li class=\"fusion-carousel-item\"><div class=\"fusion-carousel-item-wrapper\"><div class=\"fusion-image-wrapper hover-type-none\"><img width=\"2560\" height=\"1707\" src=\"https:\/\/atelier-design.cz\/wp-content\/uploads\/2023\/01\/img_0138_optimized-scaled-e1675158811692.jpg\" class=\"attachment-full size-full\" alt=\"\" \/><\/div><\/div><\/li><li class=\"fusion-carousel-item\"><div class=\"fusion-carousel-item-wrapper\"><div class=\"fusion-image-wrapper hover-type-none\"><img width=\"2560\" height=\"1707\" src=\"https:\/\/atelier-design.cz\/wp-content\/uploads\/2023\/01\/img_0132_optimized-scaled-e1675158877455.jpg\" class=\"attachment-full size-full\" alt=\"\" \/><\/div><\/div><\/li><li class=\"fusion-carousel-item\"><div class=\"fusion-carousel-item-wrapper\"><div class=\"fusion-image-wrapper hover-type-none\"><img width=\"900\" height=\"614\" src=\"https:\/\/atelier-design.cz\/wp-content\/uploads\/2023\/01\/Mraky2-e1675159201328.jpg\" class=\"attachment-full size-full\" alt=\"\" \/><\/div><\/div><\/li><li class=\"fusion-carousel-item\"><div class=\"fusion-carousel-item-wrapper\"><div class=\"fusion-image-wrapper hover-type-none\"><img width=\"2560\" height=\"1463\" src=\"https:\/\/atelier-design.cz\/wp-content\/uploads\/2023\/01\/vazy_optimized-scaled.jpg\" class=\"attachment-full size-full\" alt=\"\" srcset=\"https:\/\/atelier-design.cz\/wp-content\/uploads\/2023\/01\/vazy_optimized-200x114.jpg 200w, https:\/\/atelier-design.cz\/wp-content\/uploads\/2023\/01\/vazy_optimized-300x171.jpg 300w, https:\/\/atelier-design.cz\/wp-content\/uploads\/2023\/01\/vazy_optimized-400x229.jpg 400w, https:\/\/atelier-design.cz\/wp-content\/uploads\/2023\/01\/vazy_optimized-600x343.jpg 600w, https:\/\/atelier-design.cz\/wp-content\/uploads\/2023\/01\/vazy_optimized-768x439.jpg 768w, https:\/\/atelier-design.cz\/wp-content\/uploads\/2023\/01\/vazy_optimized-800x457.jpg 800w, https:\/\/atelier-design.cz\/wp-content\/uploads\/2023\/01\/vazy_optimized-1024x585.jpg 1024w, https:\/\/atelier-design.cz\/wp-content\/uploads\/2023\/01\/vazy_optimized-1200x686.jpg 1200w, https:\/\/atelier-design.cz\/wp-content\/uploads\/2023\/01\/vazy_optimized-1536x878.jpg 1536w, https:\/\/atelier-design.cz\/wp-content\/uploads\/2023\/01\/vazy_optimized-scaled.jpg 2560w\" sizes=\"(max-width: 2560px) 100vw, 2560px\" \/><\/div><\/div><\/li><li class=\"fusion-carousel-item\"><div class=\"fusion-carousel-item-wrapper\"><div class=\"fusion-image-wrapper hover-type-none\"><img width=\"900\" height=\"675\" src=\"https:\/\/atelier-design.cz\/wp-content\/uploads\/2023\/01\/Hofman-vaza1b-e1675159305499.jpg\" class=\"attachment-full size-full\" alt=\"\" \/><\/div><\/div><\/li><li class=\"fusion-carousel-item\"><div class=\"fusion-carousel-item-wrapper\"><div class=\"fusion-image-wrapper hover-type-none\"><img width=\"2560\" height=\"1463\" src=\"https:\/\/atelier-design.cz\/wp-content\/uploads\/2023\/01\/holand_optimized-scaled.jpg\" class=\"attachment-full size-full\" alt=\"\" srcset=\"https:\/\/atelier-design.cz\/wp-content\/uploads\/2023\/01\/holand_optimized-200x114.jpg 200w, https:\/\/atelier-design.cz\/wp-content\/uploads\/2023\/01\/holand_optimized-300x171.jpg 300w, https:\/\/atelier-design.cz\/wp-content\/uploads\/2023\/01\/holand_optimized-400x229.jpg 400w, https:\/\/atelier-design.cz\/wp-content\/uploads\/2023\/01\/holand_optimized-600x343.jpg 600w, https:\/\/atelier-design.cz\/wp-content\/uploads\/2023\/01\/holand_optimized-768x439.jpg 768w, https:\/\/atelier-design.cz\/wp-content\/uploads\/2023\/01\/holand_optimized-800x457.jpg 800w, https:\/\/atelier-design.cz\/wp-content\/uploads\/2023\/01\/holand_optimized-1024x585.jpg 1024w, https:\/\/atelier-design.cz\/wp-content\/uploads\/2023\/01\/holand_optimized-1200x686.jpg 1200w, https:\/\/atelier-design.cz\/wp-content\/uploads\/2023\/01\/holand_optimized-1536x878.jpg 1536w, https:\/\/atelier-design.cz\/wp-content\/uploads\/2023\/01\/holand_optimized-scaled.jpg 2560w\" sizes=\"(max-width: 2560px) 100vw, 2560px\" \/><\/div><\/div><\/li><li class=\"fusion-carousel-item\"><div class=\"fusion-carousel-item-wrapper\"><div class=\"fusion-image-wrapper hover-type-none\"><img width=\"900\" height=\"514\" src=\"https:\/\/atelier-design.cz\/wp-content\/uploads\/2023\/01\/Plivatko1-e1675159166272.jpg\" class=\"attachment-full size-full\" alt=\"\" \/><\/div><\/div><\/li><li class=\"fusion-carousel-item\"><div class=\"fusion-carousel-item-wrapper\"><div class=\"fusion-image-wrapper hover-type-none\"><img width=\"900\" height=\"541\" src=\"https:\/\/atelier-design.cz\/wp-content\/uploads\/2023\/01\/Kachle1-e1675159279518.jpg\" class=\"attachment-full size-full\" alt=\"\" \/><\/div><\/div><\/li><li class=\"fusion-carousel-item\"><div class=\"fusion-carousel-item-wrapper\"><div class=\"fusion-image-wrapper hover-type-none\"><img width=\"2560\" height=\"1463\" src=\"https:\/\/atelier-design.cz\/wp-content\/uploads\/2023\/01\/k4_optimized-scaled.jpg\" class=\"attachment-full size-full\" alt=\"\" srcset=\"https:\/\/atelier-design.cz\/wp-content\/uploads\/2023\/01\/k4_optimized-200x114.jpg 200w, https:\/\/atelier-design.cz\/wp-content\/uploads\/2023\/01\/k4_optimized-300x171.jpg 300w, https:\/\/atelier-design.cz\/wp-content\/uploads\/2023\/01\/k4_optimized-400x229.jpg 400w, https:\/\/atelier-design.cz\/wp-content\/uploads\/2023\/01\/k4_optimized-600x343.jpg 600w, https:\/\/atelier-design.cz\/wp-content\/uploads\/2023\/01\/k4_optimized-768x439.jpg 768w, https:\/\/atelier-design.cz\/wp-content\/uploads\/2023\/01\/k4_optimized-800x457.jpg 800w, https:\/\/atelier-design.cz\/wp-content\/uploads\/2023\/01\/k4_optimized-1024x585.jpg 1024w, https:\/\/atelier-design.cz\/wp-content\/uploads\/2023\/01\/k4_optimized-1200x686.jpg 1200w, https:\/\/atelier-design.cz\/wp-content\/uploads\/2023\/01\/k4_optimized-1536x878.jpg 1536w, https:\/\/atelier-design.cz\/wp-content\/uploads\/2023\/01\/k4_optimized-scaled.jpg 2560w\" sizes=\"(max-width: 2560px) 100vw, 2560px\" \/><\/div><\/div><\/li><li class=\"fusion-carousel-item\"><div class=\"fusion-carousel-item-wrapper\"><div class=\"fusion-image-wrapper hover-type-none\"><img width=\"1100\" height=\"754\" src=\"https:\/\/atelier-design.cz\/wp-content\/uploads\/2023\/01\/Vilova-3-e1675158956439.jpg\" class=\"attachment-full size-full\" alt=\"\" \/><\/div><\/div><\/li><li class=\"fusion-carousel-item\"><div class=\"fusion-carousel-item-wrapper\"><div class=\"fusion-image-wrapper hover-type-none\"><img width=\"1100\" height=\"825\" src=\"https:\/\/atelier-design.cz\/wp-content\/uploads\/2023\/01\/Vilova-1-e1675159000280.jpg\" class=\"attachment-full size-full\" alt=\"\" \/><\/div><\/div><\/li><li class=\"fusion-carousel-item\"><div class=\"fusion-carousel-item-wrapper\"><div class=\"fusion-image-wrapper hover-type-none\"><img width=\"1200\" height=\"687\" src=\"https:\/\/atelier-design.cz\/wp-content\/uploads\/2022\/04\/stuky-4-e1675158038625.jpg\" class=\"attachment-full size-full\" alt=\"\" srcset=\"https:\/\/atelier-design.cz\/wp-content\/uploads\/2022\/04\/stuky-4-e1675158038625-200x115.jpg 200w, https:\/\/atelier-design.cz\/wp-content\/uploads\/2022\/04\/stuky-4-e1675158038625-300x172.jpg 300w, https:\/\/atelier-design.cz\/wp-content\/uploads\/2022\/04\/stuky-4-e1675158038625-400x229.jpg 400w, https:\/\/atelier-design.cz\/wp-content\/uploads\/2022\/04\/stuky-4-e1675158038625-600x344.jpg 600w, https:\/\/atelier-design.cz\/wp-content\/uploads\/2022\/04\/stuky-4-e1675158038625-768x440.jpg 768w, https:\/\/atelier-design.cz\/wp-content\/uploads\/2022\/04\/stuky-4-e1675158038625-800x458.jpg 800w, https:\/\/atelier-design.cz\/wp-content\/uploads\/2022\/04\/stuky-4-e1675158038625-1024x586.jpg 1024w, https:\/\/atelier-design.cz\/wp-content\/uploads\/2022\/04\/stuky-4-e1675158038625.jpg 1200w\" sizes=\"(max-width: 1200px) 100vw, 1200px\" \/><\/div><\/div><\/li><li class=\"fusion-carousel-item\"><div class=\"fusion-carousel-item-wrapper\"><div class=\"fusion-image-wrapper hover-type-none\"><img width=\"1200\" height=\"687\" src=\"https:\/\/atelier-design.cz\/wp-content\/uploads\/2022\/04\/stuky-3-e1675158088493.jpg\" class=\"attachment-full size-full\" alt=\"\" srcset=\"https:\/\/atelier-design.cz\/wp-content\/uploads\/2022\/04\/stuky-3-e1675158088493-200x115.jpg 200w, https:\/\/atelier-design.cz\/wp-content\/uploads\/2022\/04\/stuky-3-e1675158088493-300x172.jpg 300w, https:\/\/atelier-design.cz\/wp-content\/uploads\/2022\/04\/stuky-3-e1675158088493-400x229.jpg 400w, https:\/\/atelier-design.cz\/wp-content\/uploads\/2022\/04\/stuky-3-e1675158088493-600x344.jpg 600w, https:\/\/atelier-design.cz\/wp-content\/uploads\/2022\/04\/stuky-3-e1675158088493-768x440.jpg 768w, https:\/\/atelier-design.cz\/wp-content\/uploads\/2022\/04\/stuky-3-e1675158088493-800x458.jpg 800w, https:\/\/atelier-design.cz\/wp-content\/uploads\/2022\/04\/stuky-3-e1675158088493-1024x586.jpg 1024w, https:\/\/atelier-design.cz\/wp-content\/uploads\/2022\/04\/stuky-3-e1675158088493.jpg 1200w\" sizes=\"(max-width: 1200px) 100vw, 1200px\" \/><\/div><\/div><\/li><li class=\"fusion-carousel-item\"><div class=\"fusion-carousel-item-wrapper\"><div class=\"fusion-image-wrapper hover-type-none\"><img width=\"2048\" height=\"1536\" src=\"https:\/\/atelier-design.cz\/wp-content\/uploads\/2023\/01\/Ricany-III-e1675159093121.jpg\" class=\"attachment-full size-full\" alt=\"\" \/><\/div><\/div><\/li><\/ul><div class=\"fusion-carousel-nav\"><button class=\"fusion-nav-prev awb-icon-left\" aria-label=\"Previous\"><\/button><button class=\"fusion-nav-next awb-icon-right\" aria-label=\"Next\"><\/button><\/div><\/div><\/div><\/div><div class=\"fusion-clearfix\"><\/div><\/div><\/div><div class=\"fusion-layout-column fusion_builder_column_inner fusion-builder-nested-column-1 fusion_builder_column_inner_2_5 2_5 fusion-two-fifth fusion-column-last contentWrapper\" style=\"width:40%;width:calc(40% - ( ( 0 ) * 0.4 ) );margin-top:0px;margin-bottom:0px;\"><div class=\"fusion-column-wrapper fusion-flex-column-wrapper-legacy\" style=\"background-position:left top;background-repeat:no-repeat;-webkit-background-size:cover;-moz-background-size:cover;-o-background-size:cover;background-size:cover;padding: 0px 0px 0px 0px;\"><style type=\"text\/css\"><\/style><div class=\"fusion-title title fusion-title-1 fusion-sep-none fusion-title-text fusion-title-size-one\" style=\"margin-top:0px;margin-right:0px;margin-bottom:31px;margin-left:0px;\"><h1 class=\"title-heading-left\" style=\"margin:0;\">Modellbau<\/h1><\/div><div class=\"fusion-text fusion-text-1\"><p id=\"tw-target-text\" class=\"tw-data-text tw-text-large tw-ta\" dir=\"ltr\" data-placeholder=\"P\u0159eklad\"><span class=\"Y2IQFc\" lang=\"de\">Seit den Anf\u00e4ngen des Unternehmens verf\u00fcgen wir \u00fcber eine eigene Modellbauwerkstatt, die heute f\u00fcr eine Vielzahl unserer Realisierungen in allen Bereichen fester Bestandteil unseres t\u00e4glichen Handelns ist.<\/span><\/p>\n<\/div><div class=\"fusion-clearfix\"><\/div><\/div><\/div><\/div><div class=\"fusion-clearfix\"><\/div><\/div><\/div><\/div><\/div>\n","protected":false},"excerpt":{"rendered":"","protected":false},"author":2,"featured_media":0,"parent":2166,"menu_order":0,"comment_status":"closed","ping_status":"open","template":"","meta":[],"yoast_head":"<!-- This site is optimized with the Yoast SEO plugin v19.11 - https:\/\/yoast.com\/wordpress\/plugins\/seo\/ -->\n<title>Modellbau - atelier-design<\/title>\n<meta name=\"robots\" content=\"index, follow, max-snippet:-1, max-image-preview:large, max-video-preview:-1\" \/>\n<link rel=\"canonical\" href=\"https:\/\/atelier-design.cz\/firma\/vybaveni\/modelovna\/\" \/>\n<meta property=\"og:locale\" content=\"de_DE\" \/>\n<meta property=\"og:type\" content=\"article\" \/>\n<meta property=\"og:title\" content=\"Modellbau - atelier-design\" \/>\n<meta property=\"og:url\" content=\"https:\/\/atelier-design.cz\/firma\/vybaveni\/modelovna\/\" \/>\n<meta property=\"og:site_name\" content=\"atelier-design\" \/>\n<meta property=\"article:modified_time\" content=\"2023-02-07T09:10:08+00:00\" \/>\n<meta name=\"twitter:card\" content=\"summary_large_image\" \/>\n<meta name=\"twitter:label1\" content=\"Gesch\u00e4tzte Lesezeit\" \/>\n\t<meta name=\"twitter:data1\" content=\"11 Minuten\" \/>\n<script type=\"application\/ld+json\" class=\"yoast-schema-graph\">{\"@context\":\"https:\/\/schema.org\",\"@graph\":[{\"@type\":\"WebPage\",\"@id\":\"https:\/\/atelier-design.cz\/firma\/vybaveni\/modelovna\/\",\"url\":\"https:\/\/atelier-design.cz\/firma\/vybaveni\/modelovna\/\",\"name\":\"Modellbau - atelier-design\",\"isPartOf\":{\"@id\":\"https:\/\/atelier-design.cz\/#website\"},\"datePublished\":\"2023-01-31T08:48:35+00:00\",\"dateModified\":\"2023-02-07T09:10:08+00:00\",\"breadcrumb\":{\"@id\":\"https:\/\/atelier-design.cz\/firma\/vybaveni\/modelovna\/#breadcrumb\"},\"inLanguage\":\"de-DE\",\"potentialAction\":[{\"@type\":\"ReadAction\",\"target\":[\"https:\/\/atelier-design.cz\/firma\/vybaveni\/modelovna\/\"]}]},{\"@type\":\"BreadcrumbList\",\"@id\":\"https:\/\/atelier-design.cz\/firma\/vybaveni\/modelovna\/#breadcrumb\",\"itemListElement\":[{\"@type\":\"ListItem\",\"position\":1,\"name\":\"Gesellschaft\",\"item\":\"https:\/\/atelier-design.cz\/\"},{\"@type\":\"ListItem\",\"position\":2,\"name\":\"Ausstattung\",\"item\":\"https:\/\/atelier-design.cz\/firma\/vybaveni\/\"},{\"@type\":\"ListItem\",\"position\":3,\"name\":\"Modellbau\"}]},{\"@type\":\"WebSite\",\"@id\":\"https:\/\/atelier-design.cz\/#website\",\"url\":\"https:\/\/atelier-design.cz\/\",\"name\":\"atelier-design\",\"description\":\"v\u00fdstavy, veletrhy, prezentace\",\"potentialAction\":[{\"@type\":\"SearchAction\",\"target\":{\"@type\":\"EntryPoint\",\"urlTemplate\":\"https:\/\/atelier-design.cz\/?s={search_term_string}\"},\"query-input\":\"required name=search_term_string\"}],\"inLanguage\":\"de-DE\"}]}<\/script>\n<!-- \/ Yoast SEO plugin. -->","yoast_head_json":{"title":"Modellbau - atelier-design","robots":{"index":"index","follow":"follow","max-snippet":"max-snippet:-1","max-image-preview":"max-image-preview:large","max-video-preview":"max-video-preview:-1"},"canonical":"https:\/\/atelier-design.cz\/firma\/vybaveni\/modelovna\/","og_locale":"de_DE","og_type":"article","og_title":"Modellbau - atelier-design","og_url":"https:\/\/atelier-design.cz\/firma\/vybaveni\/modelovna\/","og_site_name":"atelier-design","article_modified_time":"2023-02-07T09:10:08+00:00","twitter_card":"summary_large_image","twitter_misc":{"Gesch\u00e4tzte Lesezeit":"11 Minuten"},"schema":{"@context":"https:\/\/schema.org","@graph":[{"@type":"WebPage","@id":"https:\/\/atelier-design.cz\/firma\/vybaveni\/modelovna\/","url":"https:\/\/atelier-design.cz\/firma\/vybaveni\/modelovna\/","name":"Modellbau - atelier-design","isPartOf":{"@id":"https:\/\/atelier-design.cz\/#website"},"datePublished":"2023-01-31T08:48:35+00:00","dateModified":"2023-02-07T09:10:08+00:00","breadcrumb":{"@id":"https:\/\/atelier-design.cz\/firma\/vybaveni\/modelovna\/#breadcrumb"},"inLanguage":"de-DE","potentialAction":[{"@type":"ReadAction","target":["https:\/\/atelier-design.cz\/firma\/vybaveni\/modelovna\/"]}]},{"@type":"BreadcrumbList","@id":"https:\/\/atelier-design.cz\/firma\/vybaveni\/modelovna\/#breadcrumb","itemListElement":[{"@type":"ListItem","position":1,"name":"Gesellschaft","item":"https:\/\/atelier-design.cz\/"},{"@type":"ListItem","position":2,"name":"Ausstattung","item":"https:\/\/atelier-design.cz\/firma\/vybaveni\/"},{"@type":"ListItem","position":3,"name":"Modellbau"}]},{"@type":"WebSite","@id":"https:\/\/atelier-design.cz\/#website","url":"https:\/\/atelier-design.cz\/","name":"atelier-design","description":"v\u00fdstavy, veletrhy, prezentace","potentialAction":[{"@type":"SearchAction","target":{"@type":"EntryPoint","urlTemplate":"https:\/\/atelier-design.cz\/?s={search_term_string}"},"query-input":"required name=search_term_string"}],"inLanguage":"de-DE"}]}},"_links":{"self":[{"href":"https:\/\/atelier-design.cz\/de\/wp-json\/wp\/v2\/pages\/3453"}],"collection":[{"href":"https:\/\/atelier-design.cz\/de\/wp-json\/wp\/v2\/pages"}],"about":[{"href":"https:\/\/atelier-design.cz\/de\/wp-json\/wp\/v2\/types\/page"}],"author":[{"embeddable":true,"href":"https:\/\/atelier-design.cz\/de\/wp-json\/wp\/v2\/users\/2"}],"replies":[{"embeddable":true,"href":"https:\/\/atelier-design.cz\/de\/wp-json\/wp\/v2\/comments?post=3453"}],"version-history":[{"count":4,"href":"https:\/\/atelier-design.cz\/de\/wp-json\/wp\/v2\/pages\/3453\/revisions"}],"predecessor-version":[{"id":3622,"href":"https:\/\/atelier-design.cz\/de\/wp-json\/wp\/v2\/pages\/3453\/revisions\/3622"}],"up":[{"embeddable":true,"href":"https:\/\/atelier-design.cz\/de\/wp-json\/wp\/v2\/pages\/2166"}],"wp:attachment":[{"href":"https:\/\/atelier-design.cz\/de\/wp-json\/wp\/v2\/media?parent=3453"}],"curies":[{"name":"wp","href":"https:\/\/api.w.org\/{rel}","templated":true}]}}