{"id":2302,"date":"2022-04-29T08:13:44","date_gmt":"2022-04-29T06:13:44","guid":{"rendered":"http:\/\/atelier-design.cz\/ausstellungen\/mailaender-expo-2015\/"},"modified":"2022-12-05T11:54:49","modified_gmt":"2022-12-05T10:54:49","slug":"mailaender-expo-2015","status":"publish","type":"page","link":"https:\/\/atelier-design.cz\/de\/ausstellungen\/mailaender-expo-2015\/","title":{"rendered":"Mail\u00e4nder Expo 2015"},"content":{"rendered":"<div class=\"fusion-fullwidth fullwidth-box fusion-builder-row-1 nonhundred-percent-fullwidth non-hundred-percent-height-scrolling fusion-equal-height-columns\" style=\"background-color: rgba(255,255,255,0);background-position: center center;background-repeat: no-repeat;padding-top:0px;padding-right:0px;padding-bottom:0px;padding-left:0px;margin-bottom: 0px;margin-top: 0px;border-width: 0px 0px 0px 0px;border-color:#eae9e9;border-style:solid;\" ><div class=\"fusion-builder-row fusion-row\"><div class=\"fusion-layout-column fusion_builder_column fusion-builder-column-0 fusion_builder_column_1_1 1_1 fusion-one-full fusion-column-first fusion-column-last bfranim\" style=\"margin-top:0px;margin-bottom:0px;\"><div class=\"fusion-column-wrapper fusion-flex-column-wrapper-legacy\" style=\"background-position:left top;background-repeat:no-repeat;-webkit-background-size:cover;-moz-background-size:cover;-o-background-size:cover;background-size:cover;border-width: 10px 10px 10px 10px;border-color:#ffffff;border-style:solid;padding: 0px 0px 0px 0px;\"><div class=\"fusion-builder-row fusion-builder-row-inner fusion-row\"><div class=\"fusion-layout-column fusion_builder_column_inner fusion-builder-nested-column-0 fusion_builder_column_inner_3_5 3_5 fusion-three-fifth fusion-column-first\" style=\"width:60%;width:calc(60% - ( ( 0 ) * 0.6 ) );margin-right: 0px;margin-top:0px;margin-bottom:0px;\"><div class=\"fusion-column-wrapper fusion-flex-column-wrapper-legacy\" style=\"background-position:center center;background-repeat:no-repeat;-webkit-background-size:cover;-moz-background-size:cover;-o-background-size:cover;background-size:cover;padding: 0px 0px 0px 0px;\"><div class=\"fusion-image-carousel fusion-image-carousel-auto fusion-image-carousel-1\"><div class=\"fusion-carousel\" data-autoplay=\"yes\" data-columns=\"1\" data-itemmargin=\"0\" data-itemwidth=\"180\" data-touchscroll=\"no\" data-imagesize=\"auto\"><div class=\"fusion-carousel-positioner\"><ul class=\"fusion-carousel-holder\"><li class=\"fusion-carousel-item\"><div class=\"fusion-carousel-item-wrapper\"><div class=\"fusion-image-wrapper hover-type-none\"><img width=\"1943\" height=\"1112\" src=\"https:\/\/atelier-design.cz\/wp-content\/uploads\/2022\/10\/IMG_2793-e1666857262977.jpg\" class=\"attachment-full size-full\" alt=\"\" srcset=\"https:\/\/atelier-design.cz\/wp-content\/uploads\/2022\/10\/IMG_2793-e1666857262977-200x114.jpg 200w, https:\/\/atelier-design.cz\/wp-content\/uploads\/2022\/10\/IMG_2793-e1666857262977-300x172.jpg 300w, https:\/\/atelier-design.cz\/wp-content\/uploads\/2022\/10\/IMG_2793-e1666857262977-400x229.jpg 400w, https:\/\/atelier-design.cz\/wp-content\/uploads\/2022\/10\/IMG_2793-e1666857262977-600x343.jpg 600w, https:\/\/atelier-design.cz\/wp-content\/uploads\/2022\/10\/IMG_2793-e1666857262977-768x440.jpg 768w, https:\/\/atelier-design.cz\/wp-content\/uploads\/2022\/10\/IMG_2793-e1666857262977-800x458.jpg 800w, https:\/\/atelier-design.cz\/wp-content\/uploads\/2022\/10\/IMG_2793-e1666857262977-1024x586.jpg 1024w, https:\/\/atelier-design.cz\/wp-content\/uploads\/2022\/10\/IMG_2793-e1666857262977-1200x687.jpg 1200w, https:\/\/atelier-design.cz\/wp-content\/uploads\/2022\/10\/IMG_2793-e1666857262977-1536x879.jpg 1536w, https:\/\/atelier-design.cz\/wp-content\/uploads\/2022\/10\/IMG_2793-e1666857262977.jpg 1943w\" sizes=\"(max-width: 1943px) 100vw, 1943px\" \/><\/div><\/div><\/li><li class=\"fusion-carousel-item\"><div class=\"fusion-carousel-item-wrapper\"><div class=\"fusion-image-wrapper hover-type-none\"><img width=\"1943\" height=\"1112\" src=\"https:\/\/atelier-design.cz\/wp-content\/uploads\/2022\/10\/IMG_2785-e1666857097940.jpg\" class=\"attachment-full size-full\" alt=\"\" srcset=\"https:\/\/atelier-design.cz\/wp-content\/uploads\/2022\/10\/IMG_2785-e1666857097940-200x114.jpg 200w, https:\/\/atelier-design.cz\/wp-content\/uploads\/2022\/10\/IMG_2785-e1666857097940-300x172.jpg 300w, https:\/\/atelier-design.cz\/wp-content\/uploads\/2022\/10\/IMG_2785-e1666857097940-400x229.jpg 400w, https:\/\/atelier-design.cz\/wp-content\/uploads\/2022\/10\/IMG_2785-e1666857097940-600x343.jpg 600w, https:\/\/atelier-design.cz\/wp-content\/uploads\/2022\/10\/IMG_2785-e1666857097940-768x440.jpg 768w, https:\/\/atelier-design.cz\/wp-content\/uploads\/2022\/10\/IMG_2785-e1666857097940-800x458.jpg 800w, https:\/\/atelier-design.cz\/wp-content\/uploads\/2022\/10\/IMG_2785-e1666857097940-1024x586.jpg 1024w, https:\/\/atelier-design.cz\/wp-content\/uploads\/2022\/10\/IMG_2785-e1666857097940-1200x687.jpg 1200w, https:\/\/atelier-design.cz\/wp-content\/uploads\/2022\/10\/IMG_2785-e1666857097940-1536x879.jpg 1536w, https:\/\/atelier-design.cz\/wp-content\/uploads\/2022\/10\/IMG_2785-e1666857097940.jpg 1943w\" sizes=\"(max-width: 1943px) 100vw, 1943px\" \/><\/div><\/div><\/li><li class=\"fusion-carousel-item\"><div class=\"fusion-carousel-item-wrapper\"><div class=\"fusion-image-wrapper hover-type-none\"><img width=\"1880\" height=\"1074\" src=\"https:\/\/atelier-design.cz\/wp-content\/uploads\/2022\/10\/IMG_2786-e1666857154656.jpg\" class=\"attachment-full size-full\" alt=\"\" srcset=\"https:\/\/atelier-design.cz\/wp-content\/uploads\/2022\/10\/IMG_2786-e1666857154656-200x114.jpg 200w, https:\/\/atelier-design.cz\/wp-content\/uploads\/2022\/10\/IMG_2786-e1666857154656-300x171.jpg 300w, https:\/\/atelier-design.cz\/wp-content\/uploads\/2022\/10\/IMG_2786-e1666857154656-400x229.jpg 400w, https:\/\/atelier-design.cz\/wp-content\/uploads\/2022\/10\/IMG_2786-e1666857154656-600x343.jpg 600w, https:\/\/atelier-design.cz\/wp-content\/uploads\/2022\/10\/IMG_2786-e1666857154656-768x439.jpg 768w, https:\/\/atelier-design.cz\/wp-content\/uploads\/2022\/10\/IMG_2786-e1666857154656-800x457.jpg 800w, https:\/\/atelier-design.cz\/wp-content\/uploads\/2022\/10\/IMG_2786-e1666857154656-1024x585.jpg 1024w, https:\/\/atelier-design.cz\/wp-content\/uploads\/2022\/10\/IMG_2786-e1666857154656-1200x686.jpg 1200w, https:\/\/atelier-design.cz\/wp-content\/uploads\/2022\/10\/IMG_2786-e1666857154656-1536x877.jpg 1536w, https:\/\/atelier-design.cz\/wp-content\/uploads\/2022\/10\/IMG_2786-e1666857154656.jpg 1880w\" sizes=\"(max-width: 1880px) 100vw, 1880px\" \/><\/div><\/div><\/li><li class=\"fusion-carousel-item\"><div class=\"fusion-carousel-item-wrapper\"><div class=\"fusion-image-wrapper hover-type-none\"><img width=\"1943\" height=\"1112\" src=\"https:\/\/atelier-design.cz\/wp-content\/uploads\/2022\/10\/IMG_2787-e1666857180953.jpg\" class=\"attachment-full size-full\" alt=\"\" srcset=\"https:\/\/atelier-design.cz\/wp-content\/uploads\/2022\/10\/IMG_2787-e1666857180953-200x114.jpg 200w, https:\/\/atelier-design.cz\/wp-content\/uploads\/2022\/10\/IMG_2787-e1666857180953-300x172.jpg 300w, https:\/\/atelier-design.cz\/wp-content\/uploads\/2022\/10\/IMG_2787-e1666857180953-400x229.jpg 400w, https:\/\/atelier-design.cz\/wp-content\/uploads\/2022\/10\/IMG_2787-e1666857180953-600x343.jpg 600w, https:\/\/atelier-design.cz\/wp-content\/uploads\/2022\/10\/IMG_2787-e1666857180953-768x440.jpg 768w, https:\/\/atelier-design.cz\/wp-content\/uploads\/2022\/10\/IMG_2787-e1666857180953-800x458.jpg 800w, https:\/\/atelier-design.cz\/wp-content\/uploads\/2022\/10\/IMG_2787-e1666857180953-1024x586.jpg 1024w, https:\/\/atelier-design.cz\/wp-content\/uploads\/2022\/10\/IMG_2787-e1666857180953-1200x687.jpg 1200w, https:\/\/atelier-design.cz\/wp-content\/uploads\/2022\/10\/IMG_2787-e1666857180953-1536x879.jpg 1536w, https:\/\/atelier-design.cz\/wp-content\/uploads\/2022\/10\/IMG_2787-e1666857180953.jpg 1943w\" sizes=\"(max-width: 1943px) 100vw, 1943px\" \/><\/div><\/div><\/li><li class=\"fusion-carousel-item\"><div class=\"fusion-carousel-item-wrapper\"><div class=\"fusion-image-wrapper hover-type-none\"><img width=\"1943\" height=\"1112\" src=\"https:\/\/atelier-design.cz\/wp-content\/uploads\/2022\/10\/IMG_2789-e1666857216549.jpg\" class=\"attachment-full size-full\" alt=\"\" srcset=\"https:\/\/atelier-design.cz\/wp-content\/uploads\/2022\/10\/IMG_2789-e1666857216549-200x114.jpg 200w, https:\/\/atelier-design.cz\/wp-content\/uploads\/2022\/10\/IMG_2789-e1666857216549-300x172.jpg 300w, https:\/\/atelier-design.cz\/wp-content\/uploads\/2022\/10\/IMG_2789-e1666857216549-400x229.jpg 400w, https:\/\/atelier-design.cz\/wp-content\/uploads\/2022\/10\/IMG_2789-e1666857216549-600x343.jpg 600w, https:\/\/atelier-design.cz\/wp-content\/uploads\/2022\/10\/IMG_2789-e1666857216549-768x440.jpg 768w, https:\/\/atelier-design.cz\/wp-content\/uploads\/2022\/10\/IMG_2789-e1666857216549-800x458.jpg 800w, https:\/\/atelier-design.cz\/wp-content\/uploads\/2022\/10\/IMG_2789-e1666857216549-1024x586.jpg 1024w, https:\/\/atelier-design.cz\/wp-content\/uploads\/2022\/10\/IMG_2789-e1666857216549-1200x687.jpg 1200w, https:\/\/atelier-design.cz\/wp-content\/uploads\/2022\/10\/IMG_2789-e1666857216549-1536x879.jpg 1536w, https:\/\/atelier-design.cz\/wp-content\/uploads\/2022\/10\/IMG_2789-e1666857216549.jpg 1943w\" sizes=\"(max-width: 1943px) 100vw, 1943px\" \/><\/div><\/div><\/li><li class=\"fusion-carousel-item\"><div class=\"fusion-carousel-item-wrapper\"><div class=\"fusion-image-wrapper hover-type-none\"><img width=\"1296\" height=\"743\" src=\"https:\/\/atelier-design.cz\/wp-content\/uploads\/2022\/10\/IMG_2799-e1666857305583.jpg\" class=\"attachment-full size-full\" alt=\"\" srcset=\"https:\/\/atelier-design.cz\/wp-content\/uploads\/2022\/10\/IMG_2799-e1666857305583-200x115.jpg 200w, https:\/\/atelier-design.cz\/wp-content\/uploads\/2022\/10\/IMG_2799-e1666857305583-300x172.jpg 300w, https:\/\/atelier-design.cz\/wp-content\/uploads\/2022\/10\/IMG_2799-e1666857305583-400x229.jpg 400w, https:\/\/atelier-design.cz\/wp-content\/uploads\/2022\/10\/IMG_2799-e1666857305583-600x344.jpg 600w, https:\/\/atelier-design.cz\/wp-content\/uploads\/2022\/10\/IMG_2799-e1666857305583-768x440.jpg 768w, https:\/\/atelier-design.cz\/wp-content\/uploads\/2022\/10\/IMG_2799-e1666857305583-800x459.jpg 800w, https:\/\/atelier-design.cz\/wp-content\/uploads\/2022\/10\/IMG_2799-e1666857305583-1024x587.jpg 1024w, https:\/\/atelier-design.cz\/wp-content\/uploads\/2022\/10\/IMG_2799-e1666857305583-1200x688.jpg 1200w, https:\/\/atelier-design.cz\/wp-content\/uploads\/2022\/10\/IMG_2799-e1666857305583.jpg 1296w\" sizes=\"(max-width: 1296px) 100vw, 1296px\" \/><\/div><\/div><\/li><li class=\"fusion-carousel-item\"><div class=\"fusion-carousel-item-wrapper\"><div class=\"fusion-image-wrapper hover-type-none\"><img width=\"1943\" height=\"1112\" src=\"https:\/\/atelier-design.cz\/wp-content\/uploads\/2022\/10\/IMG_2800-e1666857333426.jpg\" class=\"attachment-full size-full\" alt=\"\" srcset=\"https:\/\/atelier-design.cz\/wp-content\/uploads\/2022\/10\/IMG_2800-e1666857333426-200x114.jpg 200w, https:\/\/atelier-design.cz\/wp-content\/uploads\/2022\/10\/IMG_2800-e1666857333426-300x172.jpg 300w, https:\/\/atelier-design.cz\/wp-content\/uploads\/2022\/10\/IMG_2800-e1666857333426-400x229.jpg 400w, https:\/\/atelier-design.cz\/wp-content\/uploads\/2022\/10\/IMG_2800-e1666857333426-600x343.jpg 600w, https:\/\/atelier-design.cz\/wp-content\/uploads\/2022\/10\/IMG_2800-e1666857333426-768x440.jpg 768w, https:\/\/atelier-design.cz\/wp-content\/uploads\/2022\/10\/IMG_2800-e1666857333426-800x458.jpg 800w, https:\/\/atelier-design.cz\/wp-content\/uploads\/2022\/10\/IMG_2800-e1666857333426-1024x586.jpg 1024w, https:\/\/atelier-design.cz\/wp-content\/uploads\/2022\/10\/IMG_2800-e1666857333426-1200x687.jpg 1200w, https:\/\/atelier-design.cz\/wp-content\/uploads\/2022\/10\/IMG_2800-e1666857333426-1536x879.jpg 1536w, https:\/\/atelier-design.cz\/wp-content\/uploads\/2022\/10\/IMG_2800-e1666857333426.jpg 1943w\" sizes=\"(max-width: 1943px) 100vw, 1943px\" \/><\/div><\/div><\/li><li class=\"fusion-carousel-item\"><div class=\"fusion-carousel-item-wrapper\"><div class=\"fusion-image-wrapper hover-type-none\"><img width=\"1943\" height=\"1112\" src=\"https:\/\/atelier-design.cz\/wp-content\/uploads\/2022\/10\/IMG_2801-e1666857364858.jpg\" class=\"attachment-full size-full\" alt=\"\" srcset=\"https:\/\/atelier-design.cz\/wp-content\/uploads\/2022\/10\/IMG_2801-e1666857364858-200x114.jpg 200w, https:\/\/atelier-design.cz\/wp-content\/uploads\/2022\/10\/IMG_2801-e1666857364858-300x172.jpg 300w, https:\/\/atelier-design.cz\/wp-content\/uploads\/2022\/10\/IMG_2801-e1666857364858-400x229.jpg 400w, https:\/\/atelier-design.cz\/wp-content\/uploads\/2022\/10\/IMG_2801-e1666857364858-600x343.jpg 600w, https:\/\/atelier-design.cz\/wp-content\/uploads\/2022\/10\/IMG_2801-e1666857364858-768x440.jpg 768w, https:\/\/atelier-design.cz\/wp-content\/uploads\/2022\/10\/IMG_2801-e1666857364858-800x458.jpg 800w, https:\/\/atelier-design.cz\/wp-content\/uploads\/2022\/10\/IMG_2801-e1666857364858-1024x586.jpg 1024w, https:\/\/atelier-design.cz\/wp-content\/uploads\/2022\/10\/IMG_2801-e1666857364858-1200x687.jpg 1200w, https:\/\/atelier-design.cz\/wp-content\/uploads\/2022\/10\/IMG_2801-e1666857364858-1536x879.jpg 1536w, https:\/\/atelier-design.cz\/wp-content\/uploads\/2022\/10\/IMG_2801-e1666857364858.jpg 1943w\" sizes=\"(max-width: 1943px) 100vw, 1943px\" \/><\/div><\/div><\/li><li class=\"fusion-carousel-item\"><div class=\"fusion-carousel-item-wrapper\"><div class=\"fusion-image-wrapper hover-type-none\"><img width=\"1296\" height=\"743\" src=\"https:\/\/atelier-design.cz\/wp-content\/uploads\/2022\/10\/IMG_2804-e1666857424285.jpg\" class=\"attachment-full size-full\" alt=\"\" srcset=\"https:\/\/atelier-design.cz\/wp-content\/uploads\/2022\/10\/IMG_2804-e1666857424285-200x115.jpg 200w, https:\/\/atelier-design.cz\/wp-content\/uploads\/2022\/10\/IMG_2804-e1666857424285-300x172.jpg 300w, https:\/\/atelier-design.cz\/wp-content\/uploads\/2022\/10\/IMG_2804-e1666857424285-400x229.jpg 400w, https:\/\/atelier-design.cz\/wp-content\/uploads\/2022\/10\/IMG_2804-e1666857424285-600x344.jpg 600w, https:\/\/atelier-design.cz\/wp-content\/uploads\/2022\/10\/IMG_2804-e1666857424285-768x440.jpg 768w, https:\/\/atelier-design.cz\/wp-content\/uploads\/2022\/10\/IMG_2804-e1666857424285-800x459.jpg 800w, https:\/\/atelier-design.cz\/wp-content\/uploads\/2022\/10\/IMG_2804-e1666857424285-1024x587.jpg 1024w, https:\/\/atelier-design.cz\/wp-content\/uploads\/2022\/10\/IMG_2804-e1666857424285-1200x688.jpg 1200w, https:\/\/atelier-design.cz\/wp-content\/uploads\/2022\/10\/IMG_2804-e1666857424285.jpg 1296w\" sizes=\"(max-width: 1296px) 100vw, 1296px\" \/><\/div><\/div><\/li><li class=\"fusion-carousel-item\"><div class=\"fusion-carousel-item-wrapper\"><div class=\"fusion-image-wrapper hover-type-none\"><img width=\"1296\" height=\"743\" src=\"https:\/\/atelier-design.cz\/wp-content\/uploads\/2022\/10\/IMG_2805-e1666857448823.jpg\" class=\"attachment-full size-full\" alt=\"\" srcset=\"https:\/\/atelier-design.cz\/wp-content\/uploads\/2022\/10\/IMG_2805-e1666857448823-200x115.jpg 200w, https:\/\/atelier-design.cz\/wp-content\/uploads\/2022\/10\/IMG_2805-e1666857448823-300x172.jpg 300w, https:\/\/atelier-design.cz\/wp-content\/uploads\/2022\/10\/IMG_2805-e1666857448823-400x229.jpg 400w, https:\/\/atelier-design.cz\/wp-content\/uploads\/2022\/10\/IMG_2805-e1666857448823-600x344.jpg 600w, https:\/\/atelier-design.cz\/wp-content\/uploads\/2022\/10\/IMG_2805-e1666857448823-768x440.jpg 768w, https:\/\/atelier-design.cz\/wp-content\/uploads\/2022\/10\/IMG_2805-e1666857448823-800x459.jpg 800w, https:\/\/atelier-design.cz\/wp-content\/uploads\/2022\/10\/IMG_2805-e1666857448823-1024x587.jpg 1024w, https:\/\/atelier-design.cz\/wp-content\/uploads\/2022\/10\/IMG_2805-e1666857448823-1200x688.jpg 1200w, https:\/\/atelier-design.cz\/wp-content\/uploads\/2022\/10\/IMG_2805-e1666857448823.jpg 1296w\" sizes=\"(max-width: 1296px) 100vw, 1296px\" \/><\/div><\/div><\/li><li class=\"fusion-carousel-item\"><div class=\"fusion-carousel-item-wrapper\"><div class=\"fusion-image-wrapper hover-type-none\"><img width=\"1943\" height=\"1112\" src=\"https:\/\/atelier-design.cz\/wp-content\/uploads\/2022\/10\/IMG_2812-e1666857475878.jpg\" class=\"attachment-full size-full\" alt=\"\" srcset=\"https:\/\/atelier-design.cz\/wp-content\/uploads\/2022\/10\/IMG_2812-e1666857475878-200x114.jpg 200w, https:\/\/atelier-design.cz\/wp-content\/uploads\/2022\/10\/IMG_2812-e1666857475878-300x172.jpg 300w, https:\/\/atelier-design.cz\/wp-content\/uploads\/2022\/10\/IMG_2812-e1666857475878-400x229.jpg 400w, https:\/\/atelier-design.cz\/wp-content\/uploads\/2022\/10\/IMG_2812-e1666857475878-600x343.jpg 600w, https:\/\/atelier-design.cz\/wp-content\/uploads\/2022\/10\/IMG_2812-e1666857475878-768x440.jpg 768w, https:\/\/atelier-design.cz\/wp-content\/uploads\/2022\/10\/IMG_2812-e1666857475878-800x458.jpg 800w, https:\/\/atelier-design.cz\/wp-content\/uploads\/2022\/10\/IMG_2812-e1666857475878-1024x586.jpg 1024w, https:\/\/atelier-design.cz\/wp-content\/uploads\/2022\/10\/IMG_2812-e1666857475878-1200x687.jpg 1200w, https:\/\/atelier-design.cz\/wp-content\/uploads\/2022\/10\/IMG_2812-e1666857475878-1536x879.jpg 1536w, https:\/\/atelier-design.cz\/wp-content\/uploads\/2022\/10\/IMG_2812-e1666857475878.jpg 1943w\" sizes=\"(max-width: 1943px) 100vw, 1943px\" \/><\/div><\/div><\/li><li class=\"fusion-carousel-item\"><div class=\"fusion-carousel-item-wrapper\"><div class=\"fusion-image-wrapper hover-type-none\"><img width=\"1943\" height=\"1112\" src=\"https:\/\/atelier-design.cz\/wp-content\/uploads\/2022\/10\/IMG_2813-e1666857511463.jpg\" class=\"attachment-full size-full\" alt=\"\" srcset=\"https:\/\/atelier-design.cz\/wp-content\/uploads\/2022\/10\/IMG_2813-e1666857511463-200x114.jpg 200w, https:\/\/atelier-design.cz\/wp-content\/uploads\/2022\/10\/IMG_2813-e1666857511463-300x172.jpg 300w, https:\/\/atelier-design.cz\/wp-content\/uploads\/2022\/10\/IMG_2813-e1666857511463-400x229.jpg 400w, https:\/\/atelier-design.cz\/wp-content\/uploads\/2022\/10\/IMG_2813-e1666857511463-600x343.jpg 600w, https:\/\/atelier-design.cz\/wp-content\/uploads\/2022\/10\/IMG_2813-e1666857511463-768x440.jpg 768w, https:\/\/atelier-design.cz\/wp-content\/uploads\/2022\/10\/IMG_2813-e1666857511463-800x458.jpg 800w, https:\/\/atelier-design.cz\/wp-content\/uploads\/2022\/10\/IMG_2813-e1666857511463-1024x586.jpg 1024w, https:\/\/atelier-design.cz\/wp-content\/uploads\/2022\/10\/IMG_2813-e1666857511463-1200x687.jpg 1200w, https:\/\/atelier-design.cz\/wp-content\/uploads\/2022\/10\/IMG_2813-e1666857511463-1536x879.jpg 1536w, https:\/\/atelier-design.cz\/wp-content\/uploads\/2022\/10\/IMG_2813-e1666857511463.jpg 1943w\" sizes=\"(max-width: 1943px) 100vw, 1943px\" \/><\/div><\/div><\/li><\/ul><div class=\"fusion-carousel-nav\"><button class=\"fusion-nav-prev awb-icon-left\" aria-label=\"Previous\"><\/button><button class=\"fusion-nav-next awb-icon-right\" aria-label=\"Next\"><\/button><\/div><\/div><\/div><\/div><div class=\"fusion-clearfix\"><\/div><\/div><\/div><div class=\"fusion-layout-column fusion_builder_column_inner fusion-builder-nested-column-1 fusion_builder_column_inner_2_5 2_5 fusion-two-fifth fusion-column-last contentWrapper\" style=\"width:40%;width:calc(40% - ( ( 0 ) * 0.4 ) );margin-top:0px;margin-bottom:0px;\"><div class=\"fusion-column-wrapper fusion-flex-column-wrapper-legacy\" style=\"background-position:left top;background-repeat:no-repeat;-webkit-background-size:cover;-moz-background-size:cover;-o-background-size:cover;background-size:cover;padding: 0px 0px 0px 0px;\"><style type=\"text\/css\"><\/style><div class=\"fusion-title title fusion-title-1 fusion-sep-none fusion-title-text fusion-title-size-one\" style=\"margin-top:0px;margin-right:0px;margin-bottom:31px;margin-left:0px;\"><h1 class=\"title-heading-left\" style=\"margin:0;\">Mail\u00e4nder Expo 2015<\/h1><\/div><div class=\"fusion-text fusion-text-1\"><p id=\"tw-target-text\" class=\"tw-data-text tw-text-large tw-ta\" dir=\"ltr\" data-placeholder=\"P\u0159eklad\"><span class=\"Y2IQFc\" lang=\"de\">Die Expo ist die Olympiade der Wissenschaft, Technologie und Ideen. Die Ausstellung findet alle f\u00fcnf Jahre statt. Die Hauptthemen der Expo 2015 waren Nahrung f\u00fcr den Planeten und Energie f\u00fcr das Leben. Im Geb\u00e4ude des Tschechischen Nationalpavillons haben wir eine Ausstellung der Sanit\u00e4rkeramik Jika eingerichtet. Im Au\u00dfenbereich am Pool des Pavillons, als Anh\u00e4nger f\u00fcr die oben erw\u00e4hnte Ausstellung, eine Skulptur eines goldenen Mannes, der auf einer Toilettensch\u00fcssel sitzt. Der mit Goldfarbe versehene Abguss einer realen Person wurde vom K\u00fcnstler Petr Macek geschaffen.<\/span><\/p>\n<\/div><div class=\"fusion-clearfix\"><\/div><\/div><\/div><\/div><div class=\"fusion-clearfix\"><\/div><\/div><\/div><\/div><\/div>\n","protected":false},"excerpt":{"rendered":"","protected":false},"author":3,"featured_media":0,"parent":2294,"menu_order":0,"comment_status":"closed","ping_status":"open","template":"","meta":[],"yoast_head":"<!-- This site is optimized with the Yoast SEO plugin v19.11 - https:\/\/yoast.com\/wordpress\/plugins\/seo\/ -->\n<title>Mail\u00e4nder Expo 2015 - atelier-design<\/title>\n<meta name=\"robots\" content=\"index, follow, max-snippet:-1, max-image-preview:large, max-video-preview:-1\" \/>\n<link rel=\"canonical\" href=\"https:\/\/atelier-design.cz\/de\/ausstellungen\/mailaender-expo-2015\/\" \/>\n<meta property=\"og:locale\" content=\"de_DE\" \/>\n<meta property=\"og:type\" content=\"article\" \/>\n<meta property=\"og:title\" content=\"Mail\u00e4nder Expo 2015 - atelier-design\" \/>\n<meta property=\"og:url\" content=\"https:\/\/atelier-design.cz\/de\/ausstellungen\/mailaender-expo-2015\/\" \/>\n<meta property=\"og:site_name\" content=\"atelier-design\" \/>\n<meta property=\"article:modified_time\" content=\"2022-12-05T10:54:49+00:00\" \/>\n<meta name=\"twitter:card\" content=\"summary_large_image\" \/>\n<meta name=\"twitter:label1\" content=\"Gesch\u00e4tzte Lesezeit\" \/>\n\t<meta name=\"twitter:data1\" content=\"10 Minuten\" \/>\n<script type=\"application\/ld+json\" class=\"yoast-schema-graph\">{\"@context\":\"https:\/\/schema.org\",\"@graph\":[{\"@type\":\"WebPage\",\"@id\":\"https:\/\/atelier-design.cz\/de\/ausstellungen\/mailaender-expo-2015\/\",\"url\":\"https:\/\/atelier-design.cz\/de\/ausstellungen\/mailaender-expo-2015\/\",\"name\":\"Mail\u00e4nder Expo 2015 - atelier-design\",\"isPartOf\":{\"@id\":\"https:\/\/atelier-design.cz\/#website\"},\"datePublished\":\"2022-04-29T06:13:44+00:00\",\"dateModified\":\"2022-12-05T10:54:49+00:00\",\"breadcrumb\":{\"@id\":\"https:\/\/atelier-design.cz\/de\/ausstellungen\/mailaender-expo-2015\/#breadcrumb\"},\"inLanguage\":\"de-DE\",\"potentialAction\":[{\"@type\":\"ReadAction\",\"target\":[\"https:\/\/atelier-design.cz\/de\/ausstellungen\/mailaender-expo-2015\/\"]}]},{\"@type\":\"BreadcrumbList\",\"@id\":\"https:\/\/atelier-design.cz\/de\/ausstellungen\/mailaender-expo-2015\/#breadcrumb\",\"itemListElement\":[{\"@type\":\"ListItem\",\"position\":1,\"name\":\"Ausstellungen\",\"item\":\"https:\/\/atelier-design.cz\/de\/ausstellungen\/\"},{\"@type\":\"ListItem\",\"position\":2,\"name\":\"Mail\u00e4nder Expo 2015\"}]},{\"@type\":\"WebSite\",\"@id\":\"https:\/\/atelier-design.cz\/#website\",\"url\":\"https:\/\/atelier-design.cz\/\",\"name\":\"atelier-design\",\"description\":\"v\u00fdstavy, veletrhy, prezentace\",\"potentialAction\":[{\"@type\":\"SearchAction\",\"target\":{\"@type\":\"EntryPoint\",\"urlTemplate\":\"https:\/\/atelier-design.cz\/?s={search_term_string}\"},\"query-input\":\"required name=search_term_string\"}],\"inLanguage\":\"de-DE\"}]}<\/script>\n<!-- \/ Yoast SEO plugin. -->","yoast_head_json":{"title":"Mail\u00e4nder Expo 2015 - atelier-design","robots":{"index":"index","follow":"follow","max-snippet":"max-snippet:-1","max-image-preview":"max-image-preview:large","max-video-preview":"max-video-preview:-1"},"canonical":"https:\/\/atelier-design.cz\/de\/ausstellungen\/mailaender-expo-2015\/","og_locale":"de_DE","og_type":"article","og_title":"Mail\u00e4nder Expo 2015 - atelier-design","og_url":"https:\/\/atelier-design.cz\/de\/ausstellungen\/mailaender-expo-2015\/","og_site_name":"atelier-design","article_modified_time":"2022-12-05T10:54:49+00:00","twitter_card":"summary_large_image","twitter_misc":{"Gesch\u00e4tzte Lesezeit":"10 Minuten"},"schema":{"@context":"https:\/\/schema.org","@graph":[{"@type":"WebPage","@id":"https:\/\/atelier-design.cz\/de\/ausstellungen\/mailaender-expo-2015\/","url":"https:\/\/atelier-design.cz\/de\/ausstellungen\/mailaender-expo-2015\/","name":"Mail\u00e4nder Expo 2015 - atelier-design","isPartOf":{"@id":"https:\/\/atelier-design.cz\/#website"},"datePublished":"2022-04-29T06:13:44+00:00","dateModified":"2022-12-05T10:54:49+00:00","breadcrumb":{"@id":"https:\/\/atelier-design.cz\/de\/ausstellungen\/mailaender-expo-2015\/#breadcrumb"},"inLanguage":"de-DE","potentialAction":[{"@type":"ReadAction","target":["https:\/\/atelier-design.cz\/de\/ausstellungen\/mailaender-expo-2015\/"]}]},{"@type":"BreadcrumbList","@id":"https:\/\/atelier-design.cz\/de\/ausstellungen\/mailaender-expo-2015\/#breadcrumb","itemListElement":[{"@type":"ListItem","position":1,"name":"Ausstellungen","item":"https:\/\/atelier-design.cz\/de\/ausstellungen\/"},{"@type":"ListItem","position":2,"name":"Mail\u00e4nder Expo 2015"}]},{"@type":"WebSite","@id":"https:\/\/atelier-design.cz\/#website","url":"https:\/\/atelier-design.cz\/","name":"atelier-design","description":"v\u00fdstavy, veletrhy, prezentace","potentialAction":[{"@type":"SearchAction","target":{"@type":"EntryPoint","urlTemplate":"https:\/\/atelier-design.cz\/?s={search_term_string}"},"query-input":"required name=search_term_string"}],"inLanguage":"de-DE"}]}},"_links":{"self":[{"href":"https:\/\/atelier-design.cz\/de\/wp-json\/wp\/v2\/pages\/2302"}],"collection":[{"href":"https:\/\/atelier-design.cz\/de\/wp-json\/wp\/v2\/pages"}],"about":[{"href":"https:\/\/atelier-design.cz\/de\/wp-json\/wp\/v2\/types\/page"}],"author":[{"embeddable":true,"href":"https:\/\/atelier-design.cz\/de\/wp-json\/wp\/v2\/users\/3"}],"replies":[{"embeddable":true,"href":"https:\/\/atelier-design.cz\/de\/wp-json\/wp\/v2\/comments?post=2302"}],"version-history":[{"count":4,"href":"https:\/\/atelier-design.cz\/de\/wp-json\/wp\/v2\/pages\/2302\/revisions"}],"predecessor-version":[{"id":2583,"href":"https:\/\/atelier-design.cz\/de\/wp-json\/wp\/v2\/pages\/2302\/revisions\/2583"}],"up":[{"embeddable":true,"href":"https:\/\/atelier-design.cz\/de\/wp-json\/wp\/v2\/pages\/2294"}],"wp:attachment":[{"href":"https:\/\/atelier-design.cz\/de\/wp-json\/wp\/v2\/media?parent=2302"}],"curies":[{"name":"wp","href":"https:\/\/api.w.org\/{rel}","templated":true}]}}