{"id":2298,"date":"2022-11-22T10:24:57","date_gmt":"2022-11-22T09:24:57","guid":{"rendered":"http:\/\/atelier-design.cz\/ausstellungen\/bruessel-2022\/"},"modified":"2025-10-09T12:33:01","modified_gmt":"2025-10-09T10:33:01","slug":"bruessel-2022","status":"publish","type":"page","link":"https:\/\/atelier-design.cz\/de\/ausstellungen\/bruessel-2022\/","title":{"rendered":"Br\u00fcssel 2022"},"content":{"rendered":"<div class=\"fusion-fullwidth fullwidth-box fusion-builder-row-1 nonhundred-percent-fullwidth non-hundred-percent-height-scrolling fusion-equal-height-columns\" style=\"background-color: rgba(255,255,255,0);background-position: center center;background-repeat: no-repeat;padding-top:0px;padding-right:0px;padding-bottom:0px;padding-left:0px;margin-bottom: 0px;margin-top: 0px;border-width: 0px 0px 0px 0px;border-color:#eae9e9;border-style:solid;\" ><div class=\"fusion-builder-row fusion-row\"><div class=\"fusion-layout-column fusion_builder_column fusion-builder-column-0 fusion_builder_column_1_1 1_1 fusion-one-full fusion-column-first fusion-column-last bfranim\" style=\"margin-top:0px;margin-bottom:0px;\"><div class=\"fusion-column-wrapper fusion-flex-column-wrapper-legacy\" style=\"background-position:left top;background-repeat:no-repeat;-webkit-background-size:cover;-moz-background-size:cover;-o-background-size:cover;background-size:cover;border-width: 10px 10px 10px 10px;border-color:#ffffff;border-style:solid;padding: 0px 0px 0px 0px;\"><div class=\"fusion-builder-row fusion-builder-row-inner fusion-row\"><div class=\"fusion-layout-column fusion_builder_column_inner fusion-builder-nested-column-0 fusion_builder_column_inner_3_5 3_5 fusion-three-fifth fusion-column-first\" style=\"width:60%;width:calc(60% - ( ( 0 ) * 0.6 ) );margin-right: 0px;margin-top:0px;margin-bottom:0px;\"><div class=\"fusion-column-wrapper fusion-flex-column-wrapper-legacy\" style=\"background-position:center center;background-repeat:no-repeat;-webkit-background-size:cover;-moz-background-size:cover;-o-background-size:cover;background-size:cover;padding: 0px 0px 0px 0px;\"><div class=\"fusion-image-carousel fusion-image-carousel-auto fusion-image-carousel-1\"><div class=\"fusion-carousel\" data-autoplay=\"yes\" data-columns=\"1\" data-itemmargin=\"0\" data-itemwidth=\"180\" data-touchscroll=\"no\" data-imagesize=\"auto\"><div class=\"fusion-carousel-positioner\"><ul class=\"fusion-carousel-holder\"><li class=\"fusion-carousel-item\"><div class=\"fusion-carousel-item-wrapper\"><div class=\"fusion-image-wrapper hover-type-none\"><img width=\"1920\" height=\"2560\" src=\"https:\/\/atelier-design.cz\/wp-content\/uploads\/2025\/10\/20220831_194046_optimized-scaled-e1760004722369.jpg\" class=\"attachment-full size-full\" alt=\"\" \/><\/div><\/div><\/li><li class=\"fusion-carousel-item\"><div class=\"fusion-carousel-item-wrapper\"><div class=\"fusion-image-wrapper hover-type-none\"><img width=\"1536\" height=\"1061\" src=\"https:\/\/atelier-design.cz\/wp-content\/uploads\/2022\/12\/12-e1670326287603.jpg\" class=\"attachment-full size-full\" alt=\"\" \/><\/div><\/div><\/li><li class=\"fusion-carousel-item\"><div class=\"fusion-carousel-item-wrapper\"><div class=\"fusion-image-wrapper hover-type-none\"><img width=\"2560\" height=\"1920\" src=\"https:\/\/atelier-design.cz\/wp-content\/uploads\/2025\/10\/20220905_195910_optimized-scaled-e1760004628685.jpg\" class=\"attachment-full size-full\" alt=\"\" \/><\/div><\/div><\/li><li class=\"fusion-carousel-item\"><div class=\"fusion-carousel-item-wrapper\"><div class=\"fusion-image-wrapper hover-type-none\"><img width=\"2560\" height=\"1920\" src=\"https:\/\/atelier-design.cz\/wp-content\/uploads\/2025\/10\/20220905_200246_optimized-scaled-e1760003983727.jpg\" class=\"attachment-full size-full\" alt=\"\" \/><\/div><\/div><\/li><li class=\"fusion-carousel-item\"><div class=\"fusion-carousel-item-wrapper\"><div class=\"fusion-image-wrapper hover-type-none\"><img width=\"2560\" height=\"1920\" src=\"https:\/\/atelier-design.cz\/wp-content\/uploads\/2025\/10\/20220905_200313_optimized-scaled-e1760003947289.jpg\" class=\"attachment-full size-full\" alt=\"\" \/><\/div><\/div><\/li><li class=\"fusion-carousel-item\"><div class=\"fusion-carousel-item-wrapper\"><div class=\"fusion-image-wrapper hover-type-none\"><img width=\"2560\" height=\"1920\" src=\"https:\/\/atelier-design.cz\/wp-content\/uploads\/2025\/10\/20220905_200232_optimized-scaled-e1760004016634.jpg\" class=\"attachment-full size-full\" alt=\"\" \/><\/div><\/div><\/li><li class=\"fusion-carousel-item\"><div class=\"fusion-carousel-item-wrapper\"><div class=\"fusion-image-wrapper hover-type-none\"><img width=\"1536\" height=\"1025\" src=\"https:\/\/atelier-design.cz\/wp-content\/uploads\/2022\/12\/18-e1670326230811.jpg\" class=\"attachment-full size-full\" alt=\"\" \/><\/div><\/div><\/li><li class=\"fusion-carousel-item\"><div class=\"fusion-carousel-item-wrapper\"><div class=\"fusion-image-wrapper hover-type-none\"><img width=\"2560\" height=\"1920\" src=\"https:\/\/atelier-design.cz\/wp-content\/uploads\/2025\/10\/20220905_200218_optimized-scaled-e1760004053848.jpg\" class=\"attachment-full size-full\" alt=\"\" \/><\/div><\/div><\/li><li class=\"fusion-carousel-item\"><div class=\"fusion-carousel-item-wrapper\"><div class=\"fusion-image-wrapper hover-type-none\"><img width=\"2560\" height=\"1920\" src=\"https:\/\/atelier-design.cz\/wp-content\/uploads\/2025\/10\/20220905_200159_optimized-scaled-e1760004115265.jpg\" class=\"attachment-full size-full\" alt=\"\" \/><\/div><\/div><\/li><li class=\"fusion-carousel-item\"><div class=\"fusion-carousel-item-wrapper\"><div class=\"fusion-image-wrapper hover-type-none\"><img width=\"2560\" height=\"1920\" src=\"https:\/\/atelier-design.cz\/wp-content\/uploads\/2025\/10\/20220905_200205_optimized-scaled-e1760004086543.jpg\" class=\"attachment-full size-full\" alt=\"\" \/><\/div><\/div><\/li><li class=\"fusion-carousel-item\"><div class=\"fusion-carousel-item-wrapper\"><div class=\"fusion-image-wrapper hover-type-none\"><img width=\"1920\" height=\"2560\" src=\"https:\/\/atelier-design.cz\/wp-content\/uploads\/2025\/10\/20220905_200142_optimized-scaled-e1760004172824.jpg\" class=\"attachment-full size-full\" alt=\"\" \/><\/div><\/div><\/li><li class=\"fusion-carousel-item\"><div class=\"fusion-carousel-item-wrapper\"><div class=\"fusion-image-wrapper hover-type-none\"><img width=\"1920\" height=\"2560\" src=\"https:\/\/atelier-design.cz\/wp-content\/uploads\/2025\/10\/20220905_200051_optimized-scaled-e1760004307338.jpg\" class=\"attachment-full size-full\" alt=\"\" \/><\/div><\/div><\/li><li class=\"fusion-carousel-item\"><div class=\"fusion-carousel-item-wrapper\"><div class=\"fusion-image-wrapper hover-type-none\"><img width=\"2560\" height=\"1920\" src=\"https:\/\/atelier-design.cz\/wp-content\/uploads\/2025\/10\/20220905_200102_optimized-scaled-e1760004237754.jpg\" class=\"attachment-full size-full\" alt=\"\" \/><\/div><\/div><\/li><li class=\"fusion-carousel-item\"><div class=\"fusion-carousel-item-wrapper\"><div class=\"fusion-image-wrapper hover-type-none\"><img width=\"2560\" height=\"1920\" src=\"https:\/\/atelier-design.cz\/wp-content\/uploads\/2025\/10\/20220905_200124_optimized-scaled-e1760004199581.jpg\" class=\"attachment-full size-full\" alt=\"\" \/><\/div><\/div><\/li><li class=\"fusion-carousel-item\"><div class=\"fusion-carousel-item-wrapper\"><div class=\"fusion-image-wrapper hover-type-none\"><img width=\"2560\" height=\"1920\" src=\"https:\/\/atelier-design.cz\/wp-content\/uploads\/2025\/10\/20220905_200037_optimized-scaled-e1760004337143.jpg\" class=\"attachment-full size-full\" alt=\"\" \/><\/div><\/div><\/li><li class=\"fusion-carousel-item\"><div class=\"fusion-carousel-item-wrapper\"><div class=\"fusion-image-wrapper hover-type-none\"><img width=\"2560\" height=\"1920\" src=\"https:\/\/atelier-design.cz\/wp-content\/uploads\/2025\/10\/20220905_200026_optimized-scaled-e1760004415810.jpg\" class=\"attachment-full size-full\" alt=\"\" \/><\/div><\/div><\/li><li class=\"fusion-carousel-item\"><div class=\"fusion-carousel-item-wrapper\"><div class=\"fusion-image-wrapper hover-type-none\"><img width=\"2560\" height=\"1920\" src=\"https:\/\/atelier-design.cz\/wp-content\/uploads\/2025\/10\/20220905_200012_optimized-scaled-e1760004508698.jpg\" class=\"attachment-full size-full\" alt=\"\" \/><\/div><\/div><\/li><li class=\"fusion-carousel-item\"><div class=\"fusion-carousel-item-wrapper\"><div class=\"fusion-image-wrapper hover-type-none\"><img width=\"2560\" height=\"1920\" src=\"https:\/\/atelier-design.cz\/wp-content\/uploads\/2025\/10\/20220905_200004_optimized-scaled-e1760004561543.jpg\" class=\"attachment-full size-full\" alt=\"\" \/><\/div><\/div><\/li><li class=\"fusion-carousel-item\"><div class=\"fusion-carousel-item-wrapper\"><div class=\"fusion-image-wrapper hover-type-none\"><img width=\"2560\" height=\"1920\" src=\"https:\/\/atelier-design.cz\/wp-content\/uploads\/2025\/10\/20220905_195923_optimized-scaled-e1760004592742.jpg\" class=\"attachment-full size-full\" alt=\"\" \/><\/div><\/div><\/li><li class=\"fusion-carousel-item\"><div class=\"fusion-carousel-item-wrapper\"><div class=\"fusion-image-wrapper hover-type-none\"><img width=\"2560\" height=\"1920\" src=\"https:\/\/atelier-design.cz\/wp-content\/uploads\/2025\/10\/20220905_152402_optimized-scaled-e1760004657743.jpg\" class=\"attachment-full size-full\" alt=\"\" \/><\/div><\/div><\/li><li class=\"fusion-carousel-item\"><div class=\"fusion-carousel-item-wrapper\"><div class=\"fusion-image-wrapper hover-type-none\"><img width=\"2560\" height=\"1920\" src=\"https:\/\/atelier-design.cz\/wp-content\/uploads\/2025\/10\/20220905_152307_optimized-scaled-e1760004685901.jpg\" class=\"attachment-full size-full\" alt=\"\" \/><\/div><\/div><\/li><\/ul><div class=\"fusion-carousel-nav\"><button class=\"fusion-nav-prev awb-icon-left\" aria-label=\"Previous\"><\/button><button class=\"fusion-nav-next awb-icon-right\" aria-label=\"Next\"><\/button><\/div><\/div><\/div><\/div><div class=\"fusion-clearfix\"><\/div><\/div><\/div><div class=\"fusion-layout-column fusion_builder_column_inner fusion-builder-nested-column-1 fusion_builder_column_inner_2_5 2_5 fusion-two-fifth fusion-column-last contentWrapper\" style=\"width:40%;width:calc(40% - ( ( 0 ) * 0.4 ) );margin-top:0px;margin-bottom:0px;\"><div class=\"fusion-column-wrapper fusion-flex-column-wrapper-legacy\" style=\"background-position:left top;background-repeat:no-repeat;-webkit-background-size:cover;-moz-background-size:cover;-o-background-size:cover;background-size:cover;padding: 0px 0px 0px 0px;\"><style type=\"text\/css\"><\/style><div class=\"fusion-title title fusion-title-1 fusion-sep-none fusion-title-text fusion-title-size-one\" style=\"margin-top:0px;margin-right:0px;margin-bottom:31px;margin-left:0px;\"><h1 class=\"title-heading-left\" style=\"margin:0;\">Br\u00fcssel 2022<\/h1><\/div><div class=\"fusion-text fusion-text-1\"><p><strong>Design und Transformation. Geschichten tschechischen Designs 1990\u20132020<\/strong><\/p>\n<p>Installation von Exponaten aus der Ausstellung, die anl\u00e4sslich der tschechischen EU-Ratspr\u00e4sidentschaft von der Akademie der K\u00fcnste, Architektur und Design in Prag (UMPRUM) in Zusammenarbeit mit der M\u00e4hrischen Galerie in Br\u00fcnn, dem Regierungsb\u00fcro der Tschechischen Republik und weiteren staatlichen Institutionen vorbereitet wurde. Die Ausstellung fand vom 7. September 2022 bis 8. Januar 2023 im Design Museum Br\u00fcssel statt.<\/p>\n<p>Die Ausstellung \u201eDesign und Transformation\u201c zeigte, dass der Begriff tschechisches Design nicht nur tschechischen Kubismus, Studioglas oder \u0160koda-Autos umfasst. Es gibt viele weitere bemerkenswerte Produkte und Werke, die mit der Tschechischen Republik in Verbindung gebracht werden. Sie verfolgte die Beziehung zwischen dem gesellschaftlichen Wandel und der Designproduktion. Im Mittelpunkt standen vor allem die reichen Geschichten von Unternehmen, die jahrhundertealte tschechische Kultur- und Handwerkstraditionen dokumentieren. Sie blickte nicht nur zur\u00fcck, sondern verfolgte auch die Strategien, mit denen Designer heute technologische, \u00f6kologische und ethische Herausforderungen angehen.<\/p>\n<p id=\"tw-target-text\" class=\"tw-data-text tw-text-large tw-ta\" dir=\"ltr\" tabindex=\"-1\" role=\"text\" data-placeholder=\"P\u0159eklad\" data-ved=\"2ahUKEwiM6Nrj85aQAxUt8LsIHZu_F5YQ3ewLegQICxAV\" aria-label=\"P\u0159elo\u017een\u00fd text: Design und Transformation. Geschichten tschechischen Designs 1990\u20132020\n\nInstallation von Exponaten aus der Ausstellung, die anl\u00e4sslich der tschechischen EU-Ratspr\u00e4sidentschaft von der Akademie f\u00fcr Kunst, Architektur und Design in Prag (UMPRUM) in Zusammenarbeit mit der M\u00e4hrischen Galerie in Br\u00fcnn, dem Regierungsb\u00fcro der Tschechischen Republik und weiteren staatlichen Institutionen vorbereitet wurde. Die Ausstellung fand vom 7. September 2022 bis 8. Januar 2023 im Design Museum Br\u00fcssel statt.\n\nDie Ausstellung \u201eDesign und Transformation\u201c zeigte, dass der Begriff tschechisches Design nicht nur tschechischen Kubismus, Studioglas oder \u0160koda-Automobile umfasst. Es gibt viele weitere bemerkenswerte Produkte und Werke, die mit der Tschechischen Republik in Verbindung gebracht werden. Die Ausstellung verfolgte die Zusammenh\u00e4nge zwischen gesellschaftlichem Wandel und Design.\n\nDie Ausstellung pr\u00e4sentierte 14 ausgew\u00e4hlte Unternehmen (Amanita Design, BOMMA, Botas\/P\u00c1R, \u010cesk\u00fd porcel\u00e1n, Ego\u00e9, Lasvit, LINET, mmcit\u00e9, Str\u00e1\u017enick\u00fd modrotisk, Prusa Research, \u0160koda Auto, Textile Mountain, TON, Unique Client). Dabei handelt es sich nicht nur um Unternehmen mit langer Tradition, sondern auch um junge Unternehmen, die sich im modernen Design einen Namen machen.\"><span class=\"Y2IQFc\" lang=\"de\">Die Ausstellung pr\u00e4sentierte 14 ausgew\u00e4hlte Unternehmen (Amanita Design, BOMMA, Botas\/P\u00c1R, \u010cesk\u00fd porcel\u00e1n, Ego\u00e9, Lasvit, LINET, mmcit\u00e9, Str\u00e1\u017enick\u00fd modrotisk, Prusa Research, \u0160koda Auto, Textile Mountain, TON, Unique Client). Dabei handelt es sich nicht nur um Unternehmen mit langer Tradition, sondern auch um junge Unternehmen, die sich im modernen Design einen Namen machen.<\/span><\/p>\n<\/div><div class=\"fusion-clearfix\"><\/div><\/div><\/div><\/div><div class=\"fusion-clearfix\"><\/div><\/div><\/div><\/div><\/div>\n","protected":false},"excerpt":{"rendered":"","protected":false},"author":2,"featured_media":0,"parent":2294,"menu_order":0,"comment_status":"closed","ping_status":"closed","template":"","meta":[],"yoast_head":"<!-- This site is optimized with the Yoast SEO plugin v19.11 - https:\/\/yoast.com\/wordpress\/plugins\/seo\/ -->\n<title>Br\u00fcssel 2022 - atelier-design<\/title>\n<meta name=\"robots\" content=\"index, follow, max-snippet:-1, max-image-preview:large, max-video-preview:-1\" \/>\n<link rel=\"canonical\" href=\"https:\/\/atelier-design.cz\/vystavy\/brusel\/\" \/>\n<meta property=\"og:locale\" content=\"de_DE\" \/>\n<meta property=\"og:type\" content=\"article\" \/>\n<meta property=\"og:title\" content=\"Br\u00fcssel 2022 - atelier-design\" \/>\n<meta property=\"og:url\" content=\"https:\/\/atelier-design.cz\/vystavy\/brusel\/\" \/>\n<meta property=\"og:site_name\" content=\"atelier-design\" \/>\n<meta property=\"article:modified_time\" content=\"2025-10-09T10:33:01+00:00\" \/>\n<meta name=\"twitter:card\" content=\"summary_large_image\" \/>\n<meta name=\"twitter:label1\" content=\"Gesch\u00e4tzte Lesezeit\" \/>\n\t<meta name=\"twitter:data1\" content=\"12 Minuten\" \/>\n<script type=\"application\/ld+json\" class=\"yoast-schema-graph\">{\"@context\":\"https:\/\/schema.org\",\"@graph\":[{\"@type\":\"WebPage\",\"@id\":\"https:\/\/atelier-design.cz\/vystavy\/brusel\/\",\"url\":\"https:\/\/atelier-design.cz\/vystavy\/brusel\/\",\"name\":\"Br\u00fcssel 2022 - atelier-design\",\"isPartOf\":{\"@id\":\"https:\/\/atelier-design.cz\/#website\"},\"datePublished\":\"2022-11-22T09:24:57+00:00\",\"dateModified\":\"2025-10-09T10:33:01+00:00\",\"breadcrumb\":{\"@id\":\"https:\/\/atelier-design.cz\/vystavy\/brusel\/#breadcrumb\"},\"inLanguage\":\"de-DE\",\"potentialAction\":[{\"@type\":\"ReadAction\",\"target\":[\"https:\/\/atelier-design.cz\/vystavy\/brusel\/\"]}]},{\"@type\":\"BreadcrumbList\",\"@id\":\"https:\/\/atelier-design.cz\/vystavy\/brusel\/#breadcrumb\",\"itemListElement\":[{\"@type\":\"ListItem\",\"position\":1,\"name\":\"Ausstellungen\",\"item\":\"https:\/\/atelier-design.cz\/de\/ausstellungen\/\"},{\"@type\":\"ListItem\",\"position\":2,\"name\":\"Br\u00fcssel 2022\"}]},{\"@type\":\"WebSite\",\"@id\":\"https:\/\/atelier-design.cz\/#website\",\"url\":\"https:\/\/atelier-design.cz\/\",\"name\":\"atelier-design\",\"description\":\"v\u00fdstavy, veletrhy, prezentace\",\"potentialAction\":[{\"@type\":\"SearchAction\",\"target\":{\"@type\":\"EntryPoint\",\"urlTemplate\":\"https:\/\/atelier-design.cz\/?s={search_term_string}\"},\"query-input\":\"required name=search_term_string\"}],\"inLanguage\":\"de-DE\"}]}<\/script>\n<!-- \/ Yoast SEO plugin. -->","yoast_head_json":{"title":"Br\u00fcssel 2022 - atelier-design","robots":{"index":"index","follow":"follow","max-snippet":"max-snippet:-1","max-image-preview":"max-image-preview:large","max-video-preview":"max-video-preview:-1"},"canonical":"https:\/\/atelier-design.cz\/vystavy\/brusel\/","og_locale":"de_DE","og_type":"article","og_title":"Br\u00fcssel 2022 - atelier-design","og_url":"https:\/\/atelier-design.cz\/vystavy\/brusel\/","og_site_name":"atelier-design","article_modified_time":"2025-10-09T10:33:01+00:00","twitter_card":"summary_large_image","twitter_misc":{"Gesch\u00e4tzte Lesezeit":"12 Minuten"},"schema":{"@context":"https:\/\/schema.org","@graph":[{"@type":"WebPage","@id":"https:\/\/atelier-design.cz\/vystavy\/brusel\/","url":"https:\/\/atelier-design.cz\/vystavy\/brusel\/","name":"Br\u00fcssel 2022 - atelier-design","isPartOf":{"@id":"https:\/\/atelier-design.cz\/#website"},"datePublished":"2022-11-22T09:24:57+00:00","dateModified":"2025-10-09T10:33:01+00:00","breadcrumb":{"@id":"https:\/\/atelier-design.cz\/vystavy\/brusel\/#breadcrumb"},"inLanguage":"de-DE","potentialAction":[{"@type":"ReadAction","target":["https:\/\/atelier-design.cz\/vystavy\/brusel\/"]}]},{"@type":"BreadcrumbList","@id":"https:\/\/atelier-design.cz\/vystavy\/brusel\/#breadcrumb","itemListElement":[{"@type":"ListItem","position":1,"name":"Ausstellungen","item":"https:\/\/atelier-design.cz\/de\/ausstellungen\/"},{"@type":"ListItem","position":2,"name":"Br\u00fcssel 2022"}]},{"@type":"WebSite","@id":"https:\/\/atelier-design.cz\/#website","url":"https:\/\/atelier-design.cz\/","name":"atelier-design","description":"v\u00fdstavy, veletrhy, prezentace","potentialAction":[{"@type":"SearchAction","target":{"@type":"EntryPoint","urlTemplate":"https:\/\/atelier-design.cz\/?s={search_term_string}"},"query-input":"required name=search_term_string"}],"inLanguage":"de-DE"}]}},"_links":{"self":[{"href":"https:\/\/atelier-design.cz\/de\/wp-json\/wp\/v2\/pages\/2298"}],"collection":[{"href":"https:\/\/atelier-design.cz\/de\/wp-json\/wp\/v2\/pages"}],"about":[{"href":"https:\/\/atelier-design.cz\/de\/wp-json\/wp\/v2\/types\/page"}],"author":[{"embeddable":true,"href":"https:\/\/atelier-design.cz\/de\/wp-json\/wp\/v2\/users\/2"}],"replies":[{"embeddable":true,"href":"https:\/\/atelier-design.cz\/de\/wp-json\/wp\/v2\/comments?post=2298"}],"version-history":[{"count":15,"href":"https:\/\/atelier-design.cz\/de\/wp-json\/wp\/v2\/pages\/2298\/revisions"}],"predecessor-version":[{"id":5305,"href":"https:\/\/atelier-design.cz\/de\/wp-json\/wp\/v2\/pages\/2298\/revisions\/5305"}],"up":[{"embeddable":true,"href":"https:\/\/atelier-design.cz\/de\/wp-json\/wp\/v2\/pages\/2294"}],"wp:attachment":[{"href":"https:\/\/atelier-design.cz\/de\/wp-json\/wp\/v2\/media?parent=2298"}],"curies":[{"name":"wp","href":"https:\/\/api.w.org\/{rel}","templated":true}]}}