{"id":2220,"date":"2022-04-29T08:41:58","date_gmt":"2022-04-29T06:41:58","guid":{"rendered":"http:\/\/atelier-design.cz\/bomma-projektleuchten\/"},"modified":"2023-02-07T11:23:56","modified_gmt":"2023-02-07T10:23:56","slug":"bomma-projektleuchten","status":"publish","type":"page","link":"https:\/\/atelier-design.cz\/de\/an-der-kante\/bomma-projektleuchten\/","title":{"rendered":"Projektleuchten BOMMA"},"content":{"rendered":"<div class=\"fusion-fullwidth fullwidth-box fusion-builder-row-1 nonhundred-percent-fullwidth non-hundred-percent-height-scrolling fusion-equal-height-columns\" style=\"background-color: rgba(255,255,255,0);background-position: center center;background-repeat: no-repeat;padding-top:0px;padding-right:0px;padding-bottom:0px;padding-left:0px;margin-bottom: 0px;margin-top: 0px;border-width: 0px 0px 0px 0px;border-color:#eae9e9;border-style:solid;\" ><div class=\"fusion-builder-row fusion-row\"><div class=\"fusion-layout-column fusion_builder_column fusion-builder-column-0 fusion_builder_column_1_1 1_1 fusion-one-full fusion-column-first fusion-column-last bfranim\" style=\"margin-top:0px;margin-bottom:0px;\"><div class=\"fusion-column-wrapper fusion-flex-column-wrapper-legacy\" style=\"background-position:left top;background-repeat:no-repeat;-webkit-background-size:cover;-moz-background-size:cover;-o-background-size:cover;background-size:cover;border-width: 10px 10px 10px 10px;border-color:#ffffff;border-style:solid;padding: 0px 0px 0px 0px;\"><div class=\"fusion-builder-row fusion-builder-row-inner fusion-row\"><div class=\"fusion-layout-column fusion_builder_column_inner fusion-builder-nested-column-0 fusion_builder_column_inner_3_5 3_5 fusion-three-fifth fusion-column-first\" style=\"width:60%;width:calc(60% - ( ( 0 ) * 0.6 ) );margin-right: 0px;margin-top:0px;margin-bottom:0px;\"><div class=\"fusion-column-wrapper fusion-flex-column-wrapper-legacy\" style=\"background-position:center center;background-repeat:no-repeat;-webkit-background-size:cover;-moz-background-size:cover;-o-background-size:cover;background-size:cover;padding: 0px 0px 0px 0px;\"><div class=\"fusion-image-carousel fusion-image-carousel-auto fusion-image-carousel-1\"><div class=\"fusion-carousel\" data-autoplay=\"yes\" data-columns=\"1\" data-itemmargin=\"0\" data-itemwidth=\"180\" data-touchscroll=\"no\" data-imagesize=\"auto\"><div class=\"fusion-carousel-positioner\"><ul class=\"fusion-carousel-holder\"><li class=\"fusion-carousel-item\"><div class=\"fusion-carousel-item-wrapper\"><div class=\"fusion-image-wrapper hover-type-none\"><img width=\"1200\" height=\"600\" src=\"https:\/\/atelier-design.cz\/wp-content\/uploads\/2022\/12\/b21-e1670406910284.jpg\" class=\"attachment-full size-full\" alt=\"\" \/><\/div><\/div><\/li><li class=\"fusion-carousel-item\"><div class=\"fusion-carousel-item-wrapper\"><div class=\"fusion-image-wrapper hover-type-none\"><img width=\"800\" height=\"800\" src=\"https:\/\/atelier-design.cz\/wp-content\/uploads\/2022\/12\/bomma_sarecky_dvur_1-e1670406974522.jpeg\" class=\"attachment-full size-full\" alt=\"\" \/><\/div><\/div><\/li><li class=\"fusion-carousel-item\"><div class=\"fusion-carousel-item-wrapper\"><div class=\"fusion-image-wrapper hover-type-none\"><img width=\"2560\" height=\"1585\" src=\"https:\/\/atelier-design.cz\/wp-content\/uploads\/2023\/02\/bomma-soap-mini-62pcs_optimized-scaled-e1675765249507.jpg\" class=\"attachment-full size-full\" alt=\"\" \/><\/div><\/div><\/li><li class=\"fusion-carousel-item\"><div class=\"fusion-carousel-item-wrapper\"><div class=\"fusion-image-wrapper hover-type-none\"><img width=\"1200\" height=\"600\" src=\"https:\/\/atelier-design.cz\/wp-content\/uploads\/2022\/12\/31-e1670405625608.jpg\" class=\"attachment-full size-full\" alt=\"\" \/><\/div><\/div><\/li><li class=\"fusion-carousel-item\"><div class=\"fusion-carousel-item-wrapper\"><div class=\"fusion-image-wrapper hover-type-none\"><img width=\"1200\" height=\"600\" src=\"https:\/\/atelier-design.cz\/wp-content\/uploads\/2022\/12\/b51-e1670406946260.jpg\" class=\"attachment-full size-full\" alt=\"\" \/><\/div><\/div><\/li><li class=\"fusion-carousel-item\"><div class=\"fusion-carousel-item-wrapper\"><div class=\"fusion-image-wrapper hover-type-none\"><img width=\"1200\" height=\"600\" src=\"https:\/\/atelier-design.cz\/wp-content\/uploads\/2022\/12\/41-e1670406883438.jpg\" class=\"attachment-full size-full\" alt=\"\" \/><\/div><\/div><\/li><\/ul><div class=\"fusion-carousel-nav\"><button class=\"fusion-nav-prev awb-icon-left\" aria-label=\"Previous\"><\/button><button class=\"fusion-nav-next awb-icon-right\" aria-label=\"Next\"><\/button><\/div><\/div><\/div><\/div><div class=\"fusion-clearfix\"><\/div><\/div><\/div><div class=\"fusion-layout-column fusion_builder_column_inner fusion-builder-nested-column-1 fusion_builder_column_inner_2_5 2_5 fusion-two-fifth fusion-column-last contentWrapper\" style=\"width:40%;width:calc(40% - ( ( 0 ) * 0.4 ) );margin-top:0px;margin-bottom:0px;\"><div class=\"fusion-column-wrapper fusion-flex-column-wrapper-legacy\" style=\"background-position:left top;background-repeat:no-repeat;-webkit-background-size:cover;-moz-background-size:cover;-o-background-size:cover;background-size:cover;padding: 0px 0px 0px 0px;\"><style type=\"text\/css\"><\/style><div class=\"fusion-title title fusion-title-1 fusion-sep-none fusion-title-text fusion-title-size-one\" style=\"margin-top:0px;margin-right:0px;margin-bottom:31px;margin-left:0px;\"><h1 class=\"title-heading-left\" style=\"margin:0;\">Projektleuchten BOMMA<\/h1><\/div><div class=\"fusion-text fusion-text-1\"><p id=\"tw-target-text\" class=\"tw-data-text tw-text-large tw-ta\" dir=\"ltr\" data-placeholder=\"P\u0159eklad\"><strong><span class=\"Y2IQFc\" lang=\"de\">Nach dem Entwurf von Architekten und Designern installieren wir Konstellationen von handgefertigten BOMMA -Kristalllampen in privaten und gewerblichen Innenr\u00e4umen.<\/span><\/strong><\/p>\n<p id=\"tw-target-text\" class=\"tw-data-text tw-text-large tw-ta\" dir=\"ltr\" data-placeholder=\"P\u0159eklad\">BOMMA verwandelt Innenr\u00e4ume mit handgefertigter Kristallbeleuchtung, die in jedem Raum eine unverwechselbare Stimmung schafft \u2013 von auff\u00e4lligen zentralen Installationen bis hin zu sanfter Umgebungsbeleuchtung. Dank der hochwertigen Handwerkskunst und der originellen Designs ihrer Kollektionen eroberte die Marke bald eine feste Position auf dem Weltmarkt. Das Unternehmen ist bekannt f\u00fcr sein unverwechselbares Design, das ein Gef\u00fchl von Glamour und Vergn\u00fcgen erzeugt. Diese minimalistische und doch k\u00fchne \u00c4sthetik wird von internationalen Architekten und Innenarchitekten gesch\u00e4tzt und hat in der Designwelt schnell Anerkennung gefunden.<\/p>\n<p dir=\"ltr\" data-placeholder=\"P\u0159eklad\"><strong><a href=\"http:\/\/www.bomma.cz\">http:\/\/www.bomma.cz<\/a><\/strong><\/p>\n<\/div><div class=\"fusion-clearfix\"><\/div><\/div><\/div><\/div><div class=\"fusion-clearfix\"><\/div><\/div><\/div><\/div><\/div>\n","protected":false},"excerpt":{"rendered":"","protected":false},"author":3,"featured_media":0,"parent":2212,"menu_order":0,"comment_status":"closed","ping_status":"open","template":"","meta":[],"yoast_head":"<!-- This site is optimized with the Yoast SEO plugin v19.11 - https:\/\/yoast.com\/wordpress\/plugins\/seo\/ -->\n<title>Projektleuchten BOMMA - atelier-design<\/title>\n<meta name=\"robots\" content=\"index, follow, max-snippet:-1, max-image-preview:large, max-video-preview:-1\" \/>\n<link rel=\"canonical\" href=\"https:\/\/atelier-design.cz\/na-okraj\/projektova-svetla-bomma\/\" \/>\n<meta property=\"og:locale\" content=\"de_DE\" \/>\n<meta property=\"og:type\" content=\"article\" \/>\n<meta property=\"og:title\" content=\"Projektleuchten BOMMA - atelier-design\" \/>\n<meta property=\"og:url\" content=\"https:\/\/atelier-design.cz\/na-okraj\/projektova-svetla-bomma\/\" \/>\n<meta property=\"og:site_name\" content=\"atelier-design\" \/>\n<meta property=\"article:modified_time\" content=\"2023-02-07T10:23:56+00:00\" \/>\n<meta name=\"twitter:card\" content=\"summary_large_image\" \/>\n<meta name=\"twitter:label1\" content=\"Gesch\u00e4tzte Lesezeit\" \/>\n\t<meta name=\"twitter:data1\" content=\"10 Minuten\" \/>\n<script type=\"application\/ld+json\" class=\"yoast-schema-graph\">{\"@context\":\"https:\/\/schema.org\",\"@graph\":[{\"@type\":\"WebPage\",\"@id\":\"https:\/\/atelier-design.cz\/na-okraj\/projektova-svetla-bomma\/\",\"url\":\"https:\/\/atelier-design.cz\/na-okraj\/projektova-svetla-bomma\/\",\"name\":\"Projektleuchten BOMMA - atelier-design\",\"isPartOf\":{\"@id\":\"https:\/\/atelier-design.cz\/#website\"},\"datePublished\":\"2022-04-29T06:41:58+00:00\",\"dateModified\":\"2023-02-07T10:23:56+00:00\",\"breadcrumb\":{\"@id\":\"https:\/\/atelier-design.cz\/na-okraj\/projektova-svetla-bomma\/#breadcrumb\"},\"inLanguage\":\"de-DE\",\"potentialAction\":[{\"@type\":\"ReadAction\",\"target\":[\"https:\/\/atelier-design.cz\/na-okraj\/projektova-svetla-bomma\/\"]}]},{\"@type\":\"BreadcrumbList\",\"@id\":\"https:\/\/atelier-design.cz\/na-okraj\/projektova-svetla-bomma\/#breadcrumb\",\"itemListElement\":[{\"@type\":\"ListItem\",\"position\":1,\"name\":\"an der Kante\",\"item\":\"https:\/\/atelier-design.cz\/na-okraj\/\"},{\"@type\":\"ListItem\",\"position\":2,\"name\":\"Projektleuchten BOMMA\"}]},{\"@type\":\"WebSite\",\"@id\":\"https:\/\/atelier-design.cz\/#website\",\"url\":\"https:\/\/atelier-design.cz\/\",\"name\":\"atelier-design\",\"description\":\"v\u00fdstavy, veletrhy, prezentace\",\"potentialAction\":[{\"@type\":\"SearchAction\",\"target\":{\"@type\":\"EntryPoint\",\"urlTemplate\":\"https:\/\/atelier-design.cz\/?s={search_term_string}\"},\"query-input\":\"required name=search_term_string\"}],\"inLanguage\":\"de-DE\"}]}<\/script>\n<!-- \/ Yoast SEO plugin. -->","yoast_head_json":{"title":"Projektleuchten BOMMA - atelier-design","robots":{"index":"index","follow":"follow","max-snippet":"max-snippet:-1","max-image-preview":"max-image-preview:large","max-video-preview":"max-video-preview:-1"},"canonical":"https:\/\/atelier-design.cz\/na-okraj\/projektova-svetla-bomma\/","og_locale":"de_DE","og_type":"article","og_title":"Projektleuchten BOMMA - atelier-design","og_url":"https:\/\/atelier-design.cz\/na-okraj\/projektova-svetla-bomma\/","og_site_name":"atelier-design","article_modified_time":"2023-02-07T10:23:56+00:00","twitter_card":"summary_large_image","twitter_misc":{"Gesch\u00e4tzte Lesezeit":"10 Minuten"},"schema":{"@context":"https:\/\/schema.org","@graph":[{"@type":"WebPage","@id":"https:\/\/atelier-design.cz\/na-okraj\/projektova-svetla-bomma\/","url":"https:\/\/atelier-design.cz\/na-okraj\/projektova-svetla-bomma\/","name":"Projektleuchten BOMMA - atelier-design","isPartOf":{"@id":"https:\/\/atelier-design.cz\/#website"},"datePublished":"2022-04-29T06:41:58+00:00","dateModified":"2023-02-07T10:23:56+00:00","breadcrumb":{"@id":"https:\/\/atelier-design.cz\/na-okraj\/projektova-svetla-bomma\/#breadcrumb"},"inLanguage":"de-DE","potentialAction":[{"@type":"ReadAction","target":["https:\/\/atelier-design.cz\/na-okraj\/projektova-svetla-bomma\/"]}]},{"@type":"BreadcrumbList","@id":"https:\/\/atelier-design.cz\/na-okraj\/projektova-svetla-bomma\/#breadcrumb","itemListElement":[{"@type":"ListItem","position":1,"name":"an der Kante","item":"https:\/\/atelier-design.cz\/na-okraj\/"},{"@type":"ListItem","position":2,"name":"Projektleuchten BOMMA"}]},{"@type":"WebSite","@id":"https:\/\/atelier-design.cz\/#website","url":"https:\/\/atelier-design.cz\/","name":"atelier-design","description":"v\u00fdstavy, veletrhy, prezentace","potentialAction":[{"@type":"SearchAction","target":{"@type":"EntryPoint","urlTemplate":"https:\/\/atelier-design.cz\/?s={search_term_string}"},"query-input":"required name=search_term_string"}],"inLanguage":"de-DE"}]}},"_links":{"self":[{"href":"https:\/\/atelier-design.cz\/de\/wp-json\/wp\/v2\/pages\/2220"}],"collection":[{"href":"https:\/\/atelier-design.cz\/de\/wp-json\/wp\/v2\/pages"}],"about":[{"href":"https:\/\/atelier-design.cz\/de\/wp-json\/wp\/v2\/types\/page"}],"author":[{"embeddable":true,"href":"https:\/\/atelier-design.cz\/de\/wp-json\/wp\/v2\/users\/3"}],"replies":[{"embeddable":true,"href":"https:\/\/atelier-design.cz\/de\/wp-json\/wp\/v2\/comments?post=2220"}],"version-history":[{"count":9,"href":"https:\/\/atelier-design.cz\/de\/wp-json\/wp\/v2\/pages\/2220\/revisions"}],"predecessor-version":[{"id":3645,"href":"https:\/\/atelier-design.cz\/de\/wp-json\/wp\/v2\/pages\/2220\/revisions\/3645"}],"up":[{"embeddable":true,"href":"https:\/\/atelier-design.cz\/de\/wp-json\/wp\/v2\/pages\/2212"}],"wp:attachment":[{"href":"https:\/\/atelier-design.cz\/de\/wp-json\/wp\/v2\/media?parent=2220"}],"curies":[{"name":"wp","href":"https:\/\/api.w.org\/{rel}","templated":true}]}}