{"id":2216,"date":"2020-01-06T12:56:44","date_gmt":"2020-01-06T11:56:44","guid":{"rendered":"http:\/\/atelier-design.cz\/bedingungen-des-schutzes-personenbezogener-daten\/"},"modified":"2022-12-08T14:00:17","modified_gmt":"2022-12-08T13:00:17","slug":"bedingungen-des-schutzes-personenbezogener-daten","status":"publish","type":"page","link":"https:\/\/atelier-design.cz\/de\/bedingungen-des-schutzes-personenbezogener-daten\/","title":{"rendered":"Bedingungen des Schutzes personenbezogener Daten"},"content":{"rendered":"<div class=\"fusion-fullwidth fullwidth-box fusion-builder-row-1 nonhundred-percent-fullwidth non-hundred-percent-height-scrolling\" style=\"background-color: rgba(255,255,255,0);background-position: center center;background-repeat: no-repeat;padding-top:0px;padding-right:0px;padding-bottom:0px;padding-left:0px;margin-bottom: 0px;margin-top: 0px;border-width: 0px 0px 0px 0px;border-color:#eae9e9;border-style:solid;\" ><div class=\"fusion-builder-row fusion-row\"><div class=\"fusion-layout-column fusion_builder_column fusion-builder-column-0 fusion_builder_column_1_1 1_1 fusion-one-full fusion-column-first fusion-column-last\" style=\"margin-top:0px;margin-bottom:0px;\"><div class=\"fusion-column-wrapper fusion-flex-column-wrapper-legacy\" style=\"background-position:left top;background-repeat:no-repeat;-webkit-background-size:cover;-moz-background-size:cover;-o-background-size:cover;background-size:cover;padding: 0px 0px 0px 0px;\"><div class=\"fusion-text fusion-text-1\"><div class=\"fusion-title title fusion-title-1 fusion-sep-none fusion-title-text fusion-title-size-two fusion-border-below-title\">\n<h2 class=\"title-heading-left fusion-responsive-typography-calculated\" data-fontsize=\"24\" data-lineheight=\"33.6px\">I. Schutz personenbezogener Daten<\/h2>\n<\/div>\n<div class=\"fusion-text\">\n<p>1.1 Durch die Eingabe personenbezogener Daten best\u00e4tigt der Nutzer, dass er die Datenschutzbestimmungen verstanden hat, dass er sein Einverst\u00e4ndnis mit deren Wortlaut ausdr\u00fcckt und dass er sie vollst\u00e4ndig akzeptiert.<\/p>\n<p>1.2 Der Anbieter ist der Administrator der personenbezogenen Daten der Nutzer gem\u00e4\u00df Artikel 4 Punkt 7) der Verordnung (EU) 2016\/679 des Europ\u00e4ischen Parlaments und des Rates zum Schutz nat\u00fcrlicher Personen bei der Verarbeitung personenbezogener Daten und zum freien Datenverkehr und zur Aufhebung der Richtlinie 95\/46\/EG (Grundverordnung zum Schutz personenbezogener Daten) (im Folgenden: \u201eDSGVO\u201c). Der Anbieter verpflichtet sich, personenbezogene Daten im Einklang mit den gesetzlichen Vorschriften, insbesondere der DSGVO, zu verarbeiten.<\/p>\n<p>1.3 Personenbezogene Daten sind alle Informationen \u00fcber eine identifizierte oder identifizierbare nat\u00fcrliche Person; eine identifizierbare nat\u00fcrliche Person ist eine nat\u00fcrliche Person, die direkt oder indirekt identifiziert werden kann, insbesondere durch Zuordnung zu einer bestimmten Kennung, beispielsweise einem Namen, einer Kennnummer, Standortdaten, einer Netzwerkkennung oder zu einem oder mehreren besonderen Merkmalen physischer, physiologischer, genetische, psychische, wirtschaftliche, kulturelle oder soziale Identit\u00e4t dieser nat\u00fcrlichen Person.<\/p>\n<p>1.4 Bei einer Bestellung werden pers\u00f6nliche Daten erhoben, die f\u00fcr die erfolgreiche Abwicklung der Bestellung erforderlich sind (Name und Anschrift, Kontakt). Zweck der Verarbeitung personenbezogener Daten ist die Abwicklung der Bestellung des Nutzers sowie die Aus\u00fcbung der Rechte und Pflichten aus dem Vertragsverh\u00e4ltnis zwischen dem Anbieter und dem Nutzer. Der Zweck der Verarbeitung personenbezogener Daten besteht darin, Werbebotschaften zu versenden und andere Marketingaktivit\u00e4ten durchzuf\u00fchren. Rechtsgrundlage f\u00fcr die Verarbeitung personenbezogener Daten ist die Vertragserf\u00fcllung gem\u00e4\u00df Art. 6 Abs. 1 lit b) DSGVO, Erf\u00fcllung der gesetzlichen Pflichten des Administrators gem\u00e4\u00df Artikel 6 Absatz 1 Buchstabe c) DSGVO und dem berechtigten Interesse des Anbieters nach Art. 6 Abs. 1 lit f) DSGVO. Das berechtigte Interesse des Anbieters ist die Verarbeitung personenbezogener Daten zu Zwecken des Direktmarketings.<\/p>\n<p>1.5 Der Anbieter bedient sich zur Erf\u00fcllung des Nutzungsvertrages der Dienste von Subunternehmern, insbesondere Versanddienstleistern (personenbezogene Daten werden in Drittl\u00e4ndern gespeichert) und Webhosting-Providern. Subunternehmer werden hinsichtlich der sicheren Verarbeitung personenbezogener Daten \u00fcberpr\u00fcft. Der Webhosting-Anbieter und der Subunternehmer haben eine Vereinbarung \u00fcber die Verarbeitung personenbezogener Daten abgeschlossen, wonach der Subunternehmer f\u00fcr die ordnungsgem\u00e4\u00dfe Sicherheit des physischen, Hardware- und Software-Perimeters verantwortlich ist und daher die direkte Verantwortung gegen\u00fcber dem Benutzer f\u00fcr etwaige Lecks tr\u00e4gt oder Verletzung personenbezogener Daten.<\/p>\n<p>1.6 Der Anbieter speichert die personenbezogenen Daten des Nutzers f\u00fcr den Zeitraum, der erforderlich ist, um die Rechte und Pflichten aus dem Vertragsverh\u00e4ltnis zwischen dem Anbieter und dem Nutzer auszu\u00fcben und Anspr\u00fcche aus diesen Vertragsverh\u00e4ltnissen geltend zu machen (f\u00fcr die Dauer von 15 Jahren ab Vertragsbeendigung Beziehung). Nach Ablauf werden die Daten gel\u00f6scht.<\/p>\n<p>1.7 Der Nutzer hat das Recht, vom Anbieter Auskunft \u00fcber seine personenbezogenen Daten gem\u00e4\u00df Artikel 15 DSGVO, Berichtigung personenbezogener Daten gem\u00e4\u00df Artikel 16 DSGVO oder Einschr\u00e4nkung der Verarbeitung gem\u00e4\u00df Artikel 18 DSGVO zu verlangen. Der Nutzer hat das Recht auf L\u00f6schung personenbezogener Daten nach Artikel 17 Absatz 1 Buchstabe a) und c) bis f) DSGVO. Dar\u00fcber hinaus hat der Nutzer ein Widerspruchsrecht gegen die Verarbeitung gem. Art. 21 DSGVO sowie das Recht auf Daten\u00fcbertragbarkeit gem. Art. 20 DSGVO.<\/p>\n<p>1.8 Der Benutzer hat das Recht, eine Beschwerde beim Amt f\u00fcr den Schutz personenbezogener Daten einzureichen, wenn er der Ansicht ist, dass sein Recht auf Schutz personenbezogener Daten verletzt wurde.<\/p>\n<p>&nbsp;<\/p>\n<p>1.9 Der Nutzer ist nicht verpflichtet, personenbezogene Daten anzugeben. Die Bereitstellung der personenbezogenen Daten ist jedoch f\u00fcr den Vertragsschluss und die Vertragserf\u00fcllung erforderlich und ohne die Bereitstellung der personenbezogenen Daten ist ein Vertragsschluss bzw. eine Vertragserf\u00fcllung seitens des Anbieters nicht m\u00f6glich.<\/p>\n<p>&nbsp;<\/p>\n<p>1.10 Der Anbieter trifft keine automatisierten Einzelentscheidungen im Sinne von Nr. 22 DSGVO.<\/p>\n<p>&nbsp;<\/p>\n<p>1.11 Interessenten an der Nutzung der Dienste des Anbieters durch Ausf\u00fcllen des Kontaktformulars:<\/p>\n<ul>\n<li>stimmt der Verwendung seiner personenbezogenen Daten zum Zwecke der elektronischen Zusendung von Gesch\u00e4ftsnachrichten, Werbematerialien, Direktverk\u00e4ufen, Marktforschung und direkten Produktangeboten durch den Anbieter und Dritte zu, jedoch nicht h\u00e4ufiger als einmal pro Woche und gleichzeitig Zeit<\/li>\n<li>erkl\u00e4rt, dass sie die Zusendung von Informationen gem\u00e4\u00df Ziffer 1.11.1 nicht als unverlangte Werbung im Sinne des Gesetzes betrachtet. Nr. 40\/1995 Slg. in der jeweils geltenden Fassung, da der Nutzer Informationen gem\u00e4\u00df Punkt 1.11.1 in Verbindung mit \u00a7 7 des Gesetzes \u00fcbersendet. Nr. 480\/2004 Slg. ausdr\u00fccklich einverstanden.<\/li>\n<li>Die Einwilligung nach diesem Absatz kann der Nutzer jederzeit schriftlich an <a href=\"mailto:petr@atelier-design.cz\"><span style=\"color: #ff6600;\">petr@atelier-design.cz<\/span> <\/a>widerrufen<\/li>\n<\/ul>\n<p>1.12 Der Anbieter verwendet im Rahmen der Verbesserung der Servicequalit\u00e4t, der Personalisierung des Angebots, der Erhebung anonymisierter Daten und zu Analysezwecken in seiner Darstellung sogenannte Cookies. Durch die Nutzung der Website erkl\u00e4rt sich der Nutzer mit der Verwendung der genannten Technologie einverstanden.<\/p>\n<p>&nbsp;<\/p>\n<\/div>\n<div class=\"fusion-title title fusion-title-2 fusion-sep-none fusion-title-text fusion-title-size-two fusion-border-below-title\">\n<h2 class=\"title-heading-left fusion-responsive-typography-calculated\" data-fontsize=\"24\" data-lineheight=\"33.6px\">II. Rechte und Pflichten zwischen dem Administrator und dem Auftragsverarbeiter (Auftragsvertrag)<\/h2>\n<\/div>\n<div class=\"fusion-text\">\n<p>2.1 Der Anbieter ist Auftragsverarbeiter in Bezug auf die personenbezogenen Daten der Kunden der Nutzer gem\u00e4\u00df Artikel 28 der DSGVO. Der Benutzer ist der Administrator dieser Daten.<\/p>\n<p>&nbsp;<\/p>\n<p>2.2 Diese Bedingungen regeln gegenseitige Rechte und Pflichten bei der Verarbeitung personenbezogener Daten, die dem Anbieter im Rahmen der Erf\u00fcllung des in Form der Zustimmung zu den Allgemeinen Gesch\u00e4ftsbedingungen unter <a href=\"http:\/\/www.atelier-design.cz\"><span style=\"color: #ff6600;\">www.atelier-design.cz <\/span><\/a>abgeschlossenen Nutzungsvertrags zug\u00e4nglich geworden sind. cz (im Folgenden \u201eLizenzvertrag\u201c genannt), der mit dem Benutzer \u00fcber die Einrichtung eines Benutzerkontos abgeschlossen wird.<\/p>\n<p>&nbsp;<\/p>\n<p>2.3 Der Anbieter verpflichtet sich, personenbezogene Daten f\u00fcr den Nutzer in dem Umfang und zu dem Zweck zu verarbeiten, der in den Artikeln 2.4 &#8211; 2.7 dieser Bedingungen angegeben ist. Die Verarbeitung erfolgt automatisiert. Im Rahmen der Verarbeitung werden vom Anbieter personenbezogene Daten erhoben, gespeichert, gespeichert, gesperrt und entsorgt. Der Anbieter ist nicht berechtigt, personenbezogene Daten entgegen oder \u00fcber den in diesen Bedingungen festgelegten Rahmen hinaus zu verarbeiten.<\/p>\n<p>2.4 Der Anbieter verpflichtet sich, personenbezogene Daten der Nutzer in folgendem Umfang zu verarbeiten:<\/p>\n<p>&nbsp;<\/p>\n<p>allgemeine personenbezogene Daten,<\/p>\n<p>besondere Kategorie von Daten gem\u00e4\u00df Art. 9 DSGVO, die der Nutzer im Zusammenhang mit seiner eigenen Gesch\u00e4ftst\u00e4tigkeit erlangt hat.<\/p>\n<p>&nbsp;<\/p>\n<p>2.5 Der Anbieter verpflichtet sich, personenbezogene Daten des Nutzers zu verarbeiten, um die aus dem Kontaktformular erhaltenen Anfragen und Anfragen von Kunden zu bearbeiten.<\/p>\n<p>&nbsp;<\/p>\n<p>2.6 Personenbezogene Daten d\u00fcrfen nur an den Arbeitspl\u00e4tzen des Anbieters oder seiner Subunternehmer gem\u00e4\u00df Artikel 2.8 dieser Bedingungen verarbeitet werden, und zwar im Gebiet der Europ\u00e4ischen Union.<\/p>\n<p>&nbsp;<\/p>\n<p>2.7 Der Anbieter verpflichtet sich, die personenbezogenen Daten der Kunden des Nutzers f\u00fcr den Nutzer zu verarbeiten, und zwar f\u00fcr den Zeitraum, der zur Aus\u00fcbung der Rechte und Pflichten aus dem Vertragsverh\u00e4ltnis zwischen dem Anbieter und dem Nutzer und zur Geltendmachung von Anspr\u00fcchen aus diesen Vertragsverh\u00e4ltnissen erforderlich ist ( f\u00fcr die Dauer von 15 Jahren ab Beendigung des Vertragsverh\u00e4ltnisses).<\/p>\n<p>&nbsp;<\/p>\n<p>2.8 Der Nutzer erteilt die Einwilligung unter Einschaltung eines Unterauftragnehmers als weiteren Auftragsverarbeiter gem. Art. 28 Abs. 2 DSGVO, der der Application-Hosting-Anbieter ist. Der Benutzer erteilt dem Anbieter ferner die allgemeine Erlaubnis, einen anderen Verarbeiter personenbezogener Daten in die Verarbeitung einzubeziehen, aber der Anbieter muss den Benutzer schriftlich \u00fcber alle beabsichtigten \u00c4nderungen in Bezug auf die Annahme anderer Verarbeiter oder deren Ersatz informieren und dem Benutzer die M\u00f6glichkeit geben, dagegen zu widersprechen diese Ver\u00e4nderungen. Der Anbieter muss seinen Subunternehmern die gleichen Datenschutzverpflichtungen auferlegen wie den Verarbeitern personenbezogener Daten, wie in diesen Allgemeinen Gesch\u00e4ftsbedingungen festgelegt.<\/p>\n<p>2.9 Der Anbieter verpflichtet sich, die Verarbeitung personenbezogener Daten insbesondere wie folgt abzusichern:<\/p>\n<p>&nbsp;<\/p>\n<ul>\n<li>Personenbezogene Daten werden gem\u00e4\u00df den gesetzlichen Bestimmungen und auf der Grundlage der Anweisungen des Benutzers verarbeitet, d. h. zur Durchf\u00fchrung aller Aktivit\u00e4ten, die f\u00fcr die Bereitstellung der Webplattform erforderlich sind.<\/li>\n<li>Der Anbieter verpflichtet sich, den Schutz verarbeiteter personenbezogener Daten technisch und organisatorisch so zu gew\u00e4hrleisten, dass ein unbefugter oder zuf\u00e4lliger Zugriff auf die Daten, deren Ver\u00e4nderung, Zerst\u00f6rung oder Verlust, unbefugte \u00dcbermittlung, sonstige unbefugte Verarbeitung, sowie sonstiger Missbrauch der Daten ausgeschlossen sind auftreten und dass alle sich aus gesetzlichen Vorschriften ergebenden Verpflichtungen des Verarbeiters personenbezogener Daten personell und organisatorisch f\u00fcr die Dauer der Datenverarbeitung fortlaufend gew\u00e4hrleistet sind.<\/li>\n<li>Die getroffenen technischen und organisatorischen Ma\u00dfnahmen entsprechen dem Risikograd. Der Anbieter verwendet sie, um die kontinuierliche Vertraulichkeit, Integrit\u00e4t, Verf\u00fcgbarkeit und Belastbarkeit von Verarbeitungssystemen und -diensten sicherzustellen und die Verf\u00fcgbarkeit personenbezogener Daten und den Zugriff darauf bei physischen oder technischen Vorf\u00e4llen zeitnah wiederherzustellen.<\/li>\n<li>Der Anbieter erkl\u00e4rt hiermit, dass der Schutz personenbezogener Daten den internen Sicherheitsbestimmungen des Anbieters unterliegt.<\/li>\n<li>Nur autorisierte Personen des Anbieters und Subunternehmer gem\u00e4\u00df Artikel 2.8 dieser Bedingungen haben Zugang zu personenbezogenen Daten, die die vom Anbieter festgelegten Bedingungen und den Umfang der Datenverarbeitung haben, und jede dieser Personen erh\u00e4lt Zugang zu personenbezogenen Daten unter ihrer eindeutigen Kennung.<\/li>\n<li>Berechtigte Personen des Anbieters, die personenbezogene Daten gem\u00e4\u00df diesen Bedingungen verarbeiten, sind verpflichtet, die Vertraulichkeit personenbezogener Daten und Sicherheitsma\u00dfnahmen zu wahren, deren Offenlegung ihre Sicherheit gef\u00e4hrden w\u00fcrde. Der Anbieter wird sich nachweislich zu dieser Verpflichtung verpflichten. Der Anbieter stellt sicher, dass diese Verpflichtung f\u00fcr den Anbieter und die berechtigten Personen auch nach Beendigung des arbeitsrechtlichen oder sonstigen Verh\u00e4ltnisses zum Anbieter fortbesteht.<\/li>\n<li>Der Anbieter wird den Nutzer nach M\u00f6glichkeit durch geeignete technische und organisatorische Ma\u00dfnahmen dabei unterst\u00fctzen, der Verpflichtung des Nutzers zur Beantwortung von Anfragen zur Aus\u00fcbung von Betroffenenrechten nach der DSGVO nachzukommen; sowie bei der Sicherstellung der Einhaltung der Pflichten nach Art. 32 bis 36 DSGVO unter Ber\u00fccksichtigung der Art der Verarbeitung und der dem Anbieter zur Verf\u00fcgung stehenden Informationen.<\/li>\n<li>Nach Abschluss der mit der Verarbeitung verbundenen Leistung ist der Anbieter gem\u00e4\u00df Ziffer 2.7 dieser AGB verpflichtet, alle personenbezogenen Daten zu l\u00f6schen oder an den Nutzer zur\u00fcckzugeben, es sei denn, er ist aufgrund einer besonderen Verpflichtung zur Aufbewahrung personenbezogener Daten verpflichtet Gesetz.<\/li>\n<li>Der Anbieter stellt dem Nutzer alle Informationen zur Verf\u00fcgung, die erforderlich sind, um nachzuweisen, dass die Verpflichtungen aus diesem Vertrag und der DSGVO erf\u00fcllt wurden, und erm\u00f6glicht Audits, einschlie\u00dflich Inspektionen, die vom Nutzer oder einem anderen vom Nutzer autorisierten Auditor durchgef\u00fchrt werden.<\/li>\n<\/ul>\n<p>2.10 Der Nutzer verpflichtet sich, alle ihm bekannten Tatsachen, die die ordnungsgem\u00e4\u00dfe und rechtzeitige Erf\u00fcllung der Verpflichtungen aus diesen AGB beeintr\u00e4chtigen k\u00f6nnten, unverz\u00fcglich anzuzeigen und dem Anbieter die zur Erf\u00fcllung dieser AGB erforderliche Mitwirkung zu leisten.<\/p>\n<p>&nbsp;<\/p>\n<\/div>\n<div class=\"fusion-title title fusion-title-3 fusion-sep-none fusion-title-text fusion-title-size-two fusion-border-below-title\">\n<h2 class=\"title-heading-left fusion-responsive-typography-calculated\" data-fontsize=\"24\" data-lineheight=\"33.6px\">III. Schlussbestimmungen<\/h2>\n<\/div>\n<div class=\"fusion-text\">\n<p>3.1 Diese AGB werden mit Ablauf der in Artikel 1.6 und Artikel 2.7 dieser AGB genannten Frist ung\u00fcltig.<\/p>\n<p>&nbsp;<\/p>\n<p>3.2 Der Benutzer erkl\u00e4rt sich mit diesen Bedingungen einverstanden, indem er die Zustimmung \u00fcber das Internetformular ankreuzt. Durch das Ankreuzen der Zustimmung erkl\u00e4rt der Nutzer, dass er diese Bedingungen gelesen hat, dass er sich damit einverstanden erkl\u00e4rt und dass er sie vollst\u00e4ndig akzeptiert.<\/p>\n<p>&nbsp;<\/p>\n<p>3.3 Der Anbieter ist berechtigt, diese Bedingungen zu \u00e4ndern. Der Anbieter ist verpflichtet, unverz\u00fcglich eine neue Version der Bedingungen auf seiner Website zu ver\u00f6ffentlichen, bzw sendet die neue Version an die E-Mail-Adresse des Benutzers.<\/p>\n<p>3.4 Kontaktdaten des Anbieters in Bezug auf diese Bedingungen: +420 603 196 651,<a href=\"mailto:petr@atelier-design.cz\"><span style=\"color: #ff6600;\"> petr@atelier-design.cz.<\/span><\/a><\/p>\n<p>&nbsp;<\/p>\n<p>3.5 Beziehungen, die nicht ausdr\u00fccklich durch diese Bedingungen geregelt sind, unterliegen der DSGVO und dem Rechtssystem der Tschechischen Republik, insbesondere dem Gesetz Nr. 89\/2012 Slg., B\u00fcrgerliches Gesetzbuch, in der jeweils g\u00fcltigen Fassung.<\/p>\n<p>&nbsp;<\/p>\n<p>Diese Allgemeinen Gesch\u00e4ftsbedingungen treten am 05.11.2022 in Kraft<\/p>\n<\/div>\n<p>&nbsp;<\/p>\n<\/div><div class=\"fusion-clearfix\"><\/div><\/div><\/div><\/div><\/div>","protected":false},"excerpt":{"rendered":"","protected":false},"author":3,"featured_media":0,"parent":0,"menu_order":0,"comment_status":"closed","ping_status":"open","template":"","meta":[],"yoast_head":"<!-- This site is optimized with the Yoast SEO plugin v19.11 - https:\/\/yoast.com\/wordpress\/plugins\/seo\/ -->\n<title>Bedingungen des Schutzes personenbezogener Daten - atelier-design<\/title>\n<meta name=\"robots\" content=\"index, follow, max-snippet:-1, max-image-preview:large, max-video-preview:-1\" \/>\n<link rel=\"canonical\" href=\"https:\/\/atelier-design.cz\/de\/bedingungen-des-schutzes-personenbezogener-daten\/\" \/>\n<meta property=\"og:locale\" content=\"de_DE\" \/>\n<meta property=\"og:type\" content=\"article\" \/>\n<meta property=\"og:title\" content=\"Bedingungen des Schutzes personenbezogener Daten - atelier-design\" \/>\n<meta property=\"og:url\" content=\"https:\/\/atelier-design.cz\/de\/bedingungen-des-schutzes-personenbezogener-daten\/\" \/>\n<meta property=\"og:site_name\" content=\"atelier-design\" \/>\n<meta property=\"article:modified_time\" content=\"2022-12-08T13:00:17+00:00\" \/>\n<meta name=\"twitter:card\" content=\"summary_large_image\" \/>\n<meta name=\"twitter:label1\" content=\"Gesch\u00e4tzte Lesezeit\" \/>\n\t<meta name=\"twitter:data1\" content=\"10 Minuten\" \/>\n<script type=\"application\/ld+json\" class=\"yoast-schema-graph\">{\"@context\":\"https:\/\/schema.org\",\"@graph\":[{\"@type\":\"WebPage\",\"@id\":\"https:\/\/atelier-design.cz\/de\/bedingungen-des-schutzes-personenbezogener-daten\/\",\"url\":\"https:\/\/atelier-design.cz\/de\/bedingungen-des-schutzes-personenbezogener-daten\/\",\"name\":\"Bedingungen des Schutzes personenbezogener Daten - atelier-design\",\"isPartOf\":{\"@id\":\"https:\/\/atelier-design.cz\/#website\"},\"datePublished\":\"2020-01-06T11:56:44+00:00\",\"dateModified\":\"2022-12-08T13:00:17+00:00\",\"inLanguage\":\"de-DE\",\"potentialAction\":[{\"@type\":\"ReadAction\",\"target\":[\"https:\/\/atelier-design.cz\/de\/bedingungen-des-schutzes-personenbezogener-daten\/\"]}]},{\"@type\":\"WebSite\",\"@id\":\"https:\/\/atelier-design.cz\/#website\",\"url\":\"https:\/\/atelier-design.cz\/\",\"name\":\"atelier-design\",\"description\":\"v\u00fdstavy, veletrhy, prezentace\",\"potentialAction\":[{\"@type\":\"SearchAction\",\"target\":{\"@type\":\"EntryPoint\",\"urlTemplate\":\"https:\/\/atelier-design.cz\/?s={search_term_string}\"},\"query-input\":\"required name=search_term_string\"}],\"inLanguage\":\"de-DE\"}]}<\/script>\n<!-- \/ Yoast SEO plugin. -->","yoast_head_json":{"title":"Bedingungen des Schutzes personenbezogener Daten - atelier-design","robots":{"index":"index","follow":"follow","max-snippet":"max-snippet:-1","max-image-preview":"max-image-preview:large","max-video-preview":"max-video-preview:-1"},"canonical":"https:\/\/atelier-design.cz\/de\/bedingungen-des-schutzes-personenbezogener-daten\/","og_locale":"de_DE","og_type":"article","og_title":"Bedingungen des Schutzes personenbezogener Daten - atelier-design","og_url":"https:\/\/atelier-design.cz\/de\/bedingungen-des-schutzes-personenbezogener-daten\/","og_site_name":"atelier-design","article_modified_time":"2022-12-08T13:00:17+00:00","twitter_card":"summary_large_image","twitter_misc":{"Gesch\u00e4tzte Lesezeit":"10 Minuten"},"schema":{"@context":"https:\/\/schema.org","@graph":[{"@type":"WebPage","@id":"https:\/\/atelier-design.cz\/de\/bedingungen-des-schutzes-personenbezogener-daten\/","url":"https:\/\/atelier-design.cz\/de\/bedingungen-des-schutzes-personenbezogener-daten\/","name":"Bedingungen des Schutzes personenbezogener Daten - atelier-design","isPartOf":{"@id":"https:\/\/atelier-design.cz\/#website"},"datePublished":"2020-01-06T11:56:44+00:00","dateModified":"2022-12-08T13:00:17+00:00","inLanguage":"de-DE","potentialAction":[{"@type":"ReadAction","target":["https:\/\/atelier-design.cz\/de\/bedingungen-des-schutzes-personenbezogener-daten\/"]}]},{"@type":"WebSite","@id":"https:\/\/atelier-design.cz\/#website","url":"https:\/\/atelier-design.cz\/","name":"atelier-design","description":"v\u00fdstavy, veletrhy, prezentace","potentialAction":[{"@type":"SearchAction","target":{"@type":"EntryPoint","urlTemplate":"https:\/\/atelier-design.cz\/?s={search_term_string}"},"query-input":"required name=search_term_string"}],"inLanguage":"de-DE"}]}},"_links":{"self":[{"href":"https:\/\/atelier-design.cz\/de\/wp-json\/wp\/v2\/pages\/2216"}],"collection":[{"href":"https:\/\/atelier-design.cz\/de\/wp-json\/wp\/v2\/pages"}],"about":[{"href":"https:\/\/atelier-design.cz\/de\/wp-json\/wp\/v2\/types\/page"}],"author":[{"embeddable":true,"href":"https:\/\/atelier-design.cz\/de\/wp-json\/wp\/v2\/users\/3"}],"replies":[{"embeddable":true,"href":"https:\/\/atelier-design.cz\/de\/wp-json\/wp\/v2\/comments?post=2216"}],"version-history":[{"count":7,"href":"https:\/\/atelier-design.cz\/de\/wp-json\/wp\/v2\/pages\/2216\/revisions"}],"predecessor-version":[{"id":3071,"href":"https:\/\/atelier-design.cz\/de\/wp-json\/wp\/v2\/pages\/2216\/revisions\/3071"}],"wp:attachment":[{"href":"https:\/\/atelier-design.cz\/de\/wp-json\/wp\/v2\/media?parent=2216"}],"curies":[{"name":"wp","href":"https:\/\/api.w.org\/{rel}","templated":true}]}}