{"id":2162,"date":"2022-04-29T08:54:17","date_gmt":"2022-04-29T06:54:17","guid":{"rendered":"http:\/\/atelier-design.cz\/gesellschaft\/team\/"},"modified":"2022-12-07T08:46:05","modified_gmt":"2022-12-07T07:46:05","slug":"team","status":"publish","type":"page","link":"https:\/\/atelier-design.cz\/de\/gesellschaft\/team\/","title":{"rendered":"Team"},"content":{"rendered":"<div class=\"fusion-fullwidth fullwidth-box fusion-builder-row-1 nonhundred-percent-fullwidth non-hundred-percent-height-scrolling fusion-equal-height-columns\" style=\"background-color: rgba(255,255,255,0);background-position: center center;background-repeat: no-repeat;padding-top:0px;padding-right:0px;padding-bottom:0px;padding-left:0px;margin-bottom: 0px;margin-top: 0px;border-width: 0px 0px 0px 0px;border-color:#eae9e9;border-style:solid;\" ><div class=\"fusion-builder-row fusion-row\"><div class=\"fusion-layout-column fusion_builder_column fusion-builder-column-0 fusion_builder_column_1_1 1_1 fusion-one-full fusion-column-first fusion-column-last bfranim\" style=\"margin-top:0px;margin-bottom:0px;\"><div class=\"fusion-column-wrapper fusion-flex-column-wrapper-legacy\" style=\"background-position:left top;background-repeat:no-repeat;-webkit-background-size:cover;-moz-background-size:cover;-o-background-size:cover;background-size:cover;border-width: 10px 10px 10px 10px;border-color:#ffffff;border-style:solid;padding: 0px 0px 0px 0px;\"><div class=\"fusion-builder-row fusion-builder-row-inner fusion-row\"><div class=\"fusion-layout-column fusion_builder_column_inner fusion-builder-nested-column-0 fusion_builder_column_inner_3_5 3_5 fusion-three-fifth fusion-column-first\" style=\"width:60%;width:calc(60% - ( ( 0 ) * 0.6 ) );margin-right: 0px;margin-top:0px;margin-bottom:0px;\"><div class=\"fusion-column-wrapper fusion-flex-column-wrapper-legacy\" style=\"background-position:center center;background-repeat:no-repeat;-webkit-background-size:cover;-moz-background-size:cover;-o-background-size:cover;background-size:cover;padding: 0px 0px 0px 0px;\"><div class=\"fusion-image-carousel fusion-image-carousel-auto fusion-image-carousel-1\"><div class=\"fusion-carousel\" data-autoplay=\"yes\" data-columns=\"1\" data-itemmargin=\"0\" data-itemwidth=\"180\" data-touchscroll=\"no\" data-imagesize=\"auto\"><div class=\"fusion-carousel-positioner\"><ul class=\"fusion-carousel-holder\"><li class=\"fusion-carousel-item\"><div class=\"fusion-carousel-item-wrapper\"><div class=\"fusion-image-wrapper hover-type-none\"><img width=\"1002\" height=\"573\" src=\"https:\/\/atelier-design.cz\/wp-content\/uploads\/2022\/09\/Firma-Team-2-e1667816881615.jpg\" class=\"attachment-full size-full\" alt=\"\" srcset=\"https:\/\/atelier-design.cz\/wp-content\/uploads\/2022\/09\/Firma-Team-2-e1667816881615-200x114.jpg 200w, https:\/\/atelier-design.cz\/wp-content\/uploads\/2022\/09\/Firma-Team-2-e1667816881615-300x172.jpg 300w, https:\/\/atelier-design.cz\/wp-content\/uploads\/2022\/09\/Firma-Team-2-e1667816881615-400x229.jpg 400w, https:\/\/atelier-design.cz\/wp-content\/uploads\/2022\/09\/Firma-Team-2-e1667816881615-600x343.jpg 600w, https:\/\/atelier-design.cz\/wp-content\/uploads\/2022\/09\/Firma-Team-2-e1667816881615-768x439.jpg 768w, https:\/\/atelier-design.cz\/wp-content\/uploads\/2022\/09\/Firma-Team-2-e1667816881615-800x457.jpg 800w, https:\/\/atelier-design.cz\/wp-content\/uploads\/2022\/09\/Firma-Team-2-e1667816881615.jpg 1002w\" sizes=\"(max-width: 1002px) 100vw, 1002px\" \/><\/div><\/div><\/li><li class=\"fusion-carousel-item\"><div class=\"fusion-carousel-item-wrapper\"><div class=\"fusion-image-wrapper hover-type-none\"><img width=\"1200\" height=\"685\" src=\"https:\/\/atelier-design.cz\/wp-content\/uploads\/2022\/09\/IMG_3808.jpg\" class=\"attachment-full size-full\" alt=\"\" srcset=\"https:\/\/atelier-design.cz\/wp-content\/uploads\/2022\/09\/IMG_3808-200x114.jpg 200w, https:\/\/atelier-design.cz\/wp-content\/uploads\/2022\/09\/IMG_3808-300x171.jpg 300w, https:\/\/atelier-design.cz\/wp-content\/uploads\/2022\/09\/IMG_3808-400x228.jpg 400w, https:\/\/atelier-design.cz\/wp-content\/uploads\/2022\/09\/IMG_3808-600x343.jpg 600w, https:\/\/atelier-design.cz\/wp-content\/uploads\/2022\/09\/IMG_3808-768x438.jpg 768w, https:\/\/atelier-design.cz\/wp-content\/uploads\/2022\/09\/IMG_3808-800x457.jpg 800w, https:\/\/atelier-design.cz\/wp-content\/uploads\/2022\/09\/IMG_3808-1024x585.jpg 1024w, https:\/\/atelier-design.cz\/wp-content\/uploads\/2022\/09\/IMG_3808.jpg 1200w\" sizes=\"(max-width: 1200px) 100vw, 1200px\" \/><\/div><\/div><\/li><li class=\"fusion-carousel-item\"><div class=\"fusion-carousel-item-wrapper\"><div class=\"fusion-image-wrapper hover-type-none\"><img width=\"1200\" height=\"685\" src=\"https:\/\/atelier-design.cz\/wp-content\/uploads\/2022\/09\/IMG_3817.jpg\" class=\"attachment-full size-full\" alt=\"\" srcset=\"https:\/\/atelier-design.cz\/wp-content\/uploads\/2022\/09\/IMG_3817-200x114.jpg 200w, https:\/\/atelier-design.cz\/wp-content\/uploads\/2022\/09\/IMG_3817-300x171.jpg 300w, https:\/\/atelier-design.cz\/wp-content\/uploads\/2022\/09\/IMG_3817-400x228.jpg 400w, https:\/\/atelier-design.cz\/wp-content\/uploads\/2022\/09\/IMG_3817-600x343.jpg 600w, https:\/\/atelier-design.cz\/wp-content\/uploads\/2022\/09\/IMG_3817-768x438.jpg 768w, https:\/\/atelier-design.cz\/wp-content\/uploads\/2022\/09\/IMG_3817-800x457.jpg 800w, https:\/\/atelier-design.cz\/wp-content\/uploads\/2022\/09\/IMG_3817-1024x585.jpg 1024w, https:\/\/atelier-design.cz\/wp-content\/uploads\/2022\/09\/IMG_3817.jpg 1200w\" sizes=\"(max-width: 1200px) 100vw, 1200px\" \/><\/div><\/div><\/li><li class=\"fusion-carousel-item\"><div class=\"fusion-carousel-item-wrapper\"><div class=\"fusion-image-wrapper hover-type-none\"><img width=\"1200\" height=\"685\" src=\"https:\/\/atelier-design.cz\/wp-content\/uploads\/2022\/09\/IMG_3815.jpg\" class=\"attachment-full size-full\" alt=\"\" srcset=\"https:\/\/atelier-design.cz\/wp-content\/uploads\/2022\/09\/IMG_3815-200x114.jpg 200w, https:\/\/atelier-design.cz\/wp-content\/uploads\/2022\/09\/IMG_3815-300x171.jpg 300w, https:\/\/atelier-design.cz\/wp-content\/uploads\/2022\/09\/IMG_3815-400x228.jpg 400w, https:\/\/atelier-design.cz\/wp-content\/uploads\/2022\/09\/IMG_3815-600x343.jpg 600w, https:\/\/atelier-design.cz\/wp-content\/uploads\/2022\/09\/IMG_3815-768x438.jpg 768w, https:\/\/atelier-design.cz\/wp-content\/uploads\/2022\/09\/IMG_3815-800x457.jpg 800w, https:\/\/atelier-design.cz\/wp-content\/uploads\/2022\/09\/IMG_3815-1024x585.jpg 1024w, https:\/\/atelier-design.cz\/wp-content\/uploads\/2022\/09\/IMG_3815.jpg 1200w\" sizes=\"(max-width: 1200px) 100vw, 1200px\" \/><\/div><\/div><\/li><li class=\"fusion-carousel-item\"><div class=\"fusion-carousel-item-wrapper\"><div class=\"fusion-image-wrapper hover-type-none\"><img width=\"1200\" height=\"685\" src=\"https:\/\/atelier-design.cz\/wp-content\/uploads\/2022\/09\/IMG_3825.jpg\" class=\"attachment-full size-full\" alt=\"\" srcset=\"https:\/\/atelier-design.cz\/wp-content\/uploads\/2022\/09\/IMG_3825-200x114.jpg 200w, https:\/\/atelier-design.cz\/wp-content\/uploads\/2022\/09\/IMG_3825-300x171.jpg 300w, https:\/\/atelier-design.cz\/wp-content\/uploads\/2022\/09\/IMG_3825-400x228.jpg 400w, https:\/\/atelier-design.cz\/wp-content\/uploads\/2022\/09\/IMG_3825-600x343.jpg 600w, https:\/\/atelier-design.cz\/wp-content\/uploads\/2022\/09\/IMG_3825-768x438.jpg 768w, https:\/\/atelier-design.cz\/wp-content\/uploads\/2022\/09\/IMG_3825-800x457.jpg 800w, https:\/\/atelier-design.cz\/wp-content\/uploads\/2022\/09\/IMG_3825-1024x585.jpg 1024w, https:\/\/atelier-design.cz\/wp-content\/uploads\/2022\/09\/IMG_3825.jpg 1200w\" sizes=\"(max-width: 1200px) 100vw, 1200px\" \/><\/div><\/div><\/li><li class=\"fusion-carousel-item\"><div class=\"fusion-carousel-item-wrapper\"><div class=\"fusion-image-wrapper hover-type-none\"><img width=\"1200\" height=\"685\" src=\"https:\/\/atelier-design.cz\/wp-content\/uploads\/2022\/09\/IMG_3864.jpg\" class=\"attachment-full size-full\" alt=\"\" srcset=\"https:\/\/atelier-design.cz\/wp-content\/uploads\/2022\/09\/IMG_3864-200x114.jpg 200w, https:\/\/atelier-design.cz\/wp-content\/uploads\/2022\/09\/IMG_3864-300x171.jpg 300w, https:\/\/atelier-design.cz\/wp-content\/uploads\/2022\/09\/IMG_3864-400x228.jpg 400w, https:\/\/atelier-design.cz\/wp-content\/uploads\/2022\/09\/IMG_3864-600x343.jpg 600w, https:\/\/atelier-design.cz\/wp-content\/uploads\/2022\/09\/IMG_3864-768x438.jpg 768w, https:\/\/atelier-design.cz\/wp-content\/uploads\/2022\/09\/IMG_3864-800x457.jpg 800w, https:\/\/atelier-design.cz\/wp-content\/uploads\/2022\/09\/IMG_3864-1024x585.jpg 1024w, https:\/\/atelier-design.cz\/wp-content\/uploads\/2022\/09\/IMG_3864.jpg 1200w\" sizes=\"(max-width: 1200px) 100vw, 1200px\" \/><\/div><\/div><\/li><li class=\"fusion-carousel-item\"><div class=\"fusion-carousel-item-wrapper\"><div class=\"fusion-image-wrapper hover-type-none\"><img width=\"1600\" height=\"900\" src=\"https:\/\/atelier-design.cz\/wp-content\/uploads\/2022\/10\/49instalace.jpg\" class=\"attachment-full size-full\" alt=\"\" srcset=\"https:\/\/atelier-design.cz\/wp-content\/uploads\/2022\/10\/49instalace-200x113.jpg 200w, https:\/\/atelier-design.cz\/wp-content\/uploads\/2022\/10\/49instalace-300x169.jpg 300w, https:\/\/atelier-design.cz\/wp-content\/uploads\/2022\/10\/49instalace-400x225.jpg 400w, https:\/\/atelier-design.cz\/wp-content\/uploads\/2022\/10\/49instalace-600x338.jpg 600w, https:\/\/atelier-design.cz\/wp-content\/uploads\/2022\/10\/49instalace-768x432.jpg 768w, https:\/\/atelier-design.cz\/wp-content\/uploads\/2022\/10\/49instalace-800x450.jpg 800w, https:\/\/atelier-design.cz\/wp-content\/uploads\/2022\/10\/49instalace-1024x576.jpg 1024w, https:\/\/atelier-design.cz\/wp-content\/uploads\/2022\/10\/49instalace-1200x675.jpg 1200w, https:\/\/atelier-design.cz\/wp-content\/uploads\/2022\/10\/49instalace-1536x864.jpg 1536w, https:\/\/atelier-design.cz\/wp-content\/uploads\/2022\/10\/49instalace.jpg 1600w\" sizes=\"(max-width: 1600px) 100vw, 1600px\" \/><\/div><\/div><\/li><li class=\"fusion-carousel-item\"><div class=\"fusion-carousel-item-wrapper\"><div class=\"fusion-image-wrapper hover-type-none\"><img width=\"2016\" height=\"1154\" src=\"https:\/\/atelier-design.cz\/wp-content\/uploads\/2022\/10\/20200921_153111-e1666853934592.jpg\" class=\"attachment-full size-full\" alt=\"\" srcset=\"https:\/\/atelier-design.cz\/wp-content\/uploads\/2022\/10\/20200921_153111-e1666853934592-200x114.jpg 200w, https:\/\/atelier-design.cz\/wp-content\/uploads\/2022\/10\/20200921_153111-e1666853934592-300x172.jpg 300w, https:\/\/atelier-design.cz\/wp-content\/uploads\/2022\/10\/20200921_153111-e1666853934592-400x229.jpg 400w, https:\/\/atelier-design.cz\/wp-content\/uploads\/2022\/10\/20200921_153111-e1666853934592-600x343.jpg 600w, https:\/\/atelier-design.cz\/wp-content\/uploads\/2022\/10\/20200921_153111-e1666853934592-768x440.jpg 768w, https:\/\/atelier-design.cz\/wp-content\/uploads\/2022\/10\/20200921_153111-e1666853934592-800x458.jpg 800w, https:\/\/atelier-design.cz\/wp-content\/uploads\/2022\/10\/20200921_153111-e1666853934592-1024x586.jpg 1024w, https:\/\/atelier-design.cz\/wp-content\/uploads\/2022\/10\/20200921_153111-e1666853934592-1200x687.jpg 1200w, https:\/\/atelier-design.cz\/wp-content\/uploads\/2022\/10\/20200921_153111-e1666853934592-1536x879.jpg 1536w, https:\/\/atelier-design.cz\/wp-content\/uploads\/2022\/10\/20200921_153111-e1666853934592.jpg 2016w\" sizes=\"(max-width: 2016px) 100vw, 2016px\" \/><\/div><\/div><\/li><li class=\"fusion-carousel-item\"><div class=\"fusion-carousel-item-wrapper\"><div class=\"fusion-image-wrapper hover-type-none\"><img width=\"1200\" height=\"685\" src=\"https:\/\/atelier-design.cz\/wp-content\/uploads\/2022\/09\/IMG_3857.jpg\" class=\"attachment-full size-full\" alt=\"\" srcset=\"https:\/\/atelier-design.cz\/wp-content\/uploads\/2022\/09\/IMG_3857-200x114.jpg 200w, https:\/\/atelier-design.cz\/wp-content\/uploads\/2022\/09\/IMG_3857-300x171.jpg 300w, https:\/\/atelier-design.cz\/wp-content\/uploads\/2022\/09\/IMG_3857-400x228.jpg 400w, https:\/\/atelier-design.cz\/wp-content\/uploads\/2022\/09\/IMG_3857-600x343.jpg 600w, https:\/\/atelier-design.cz\/wp-content\/uploads\/2022\/09\/IMG_3857-768x438.jpg 768w, https:\/\/atelier-design.cz\/wp-content\/uploads\/2022\/09\/IMG_3857-800x457.jpg 800w, https:\/\/atelier-design.cz\/wp-content\/uploads\/2022\/09\/IMG_3857-1024x585.jpg 1024w, https:\/\/atelier-design.cz\/wp-content\/uploads\/2022\/09\/IMG_3857.jpg 1200w\" sizes=\"(max-width: 1200px) 100vw, 1200px\" \/><\/div><\/div><\/li><li class=\"fusion-carousel-item\"><div class=\"fusion-carousel-item-wrapper\"><div class=\"fusion-image-wrapper hover-type-none\"><img width=\"1700\" height=\"971\" src=\"https:\/\/atelier-design.cz\/wp-content\/uploads\/2022\/11\/IMG_3747-e1668783850155.jpg\" class=\"attachment-full size-full\" alt=\"\" srcset=\"https:\/\/atelier-design.cz\/wp-content\/uploads\/2022\/11\/IMG_3747-e1668783850155-200x114.jpg 200w, https:\/\/atelier-design.cz\/wp-content\/uploads\/2022\/11\/IMG_3747-e1668783850155-300x171.jpg 300w, https:\/\/atelier-design.cz\/wp-content\/uploads\/2022\/11\/IMG_3747-e1668783850155-400x228.jpg 400w, https:\/\/atelier-design.cz\/wp-content\/uploads\/2022\/11\/IMG_3747-e1668783850155-600x343.jpg 600w, https:\/\/atelier-design.cz\/wp-content\/uploads\/2022\/11\/IMG_3747-e1668783850155-768x439.jpg 768w, https:\/\/atelier-design.cz\/wp-content\/uploads\/2022\/11\/IMG_3747-e1668783850155-800x457.jpg 800w, https:\/\/atelier-design.cz\/wp-content\/uploads\/2022\/11\/IMG_3747-e1668783850155-1024x585.jpg 1024w, https:\/\/atelier-design.cz\/wp-content\/uploads\/2022\/11\/IMG_3747-e1668783850155-1200x685.jpg 1200w, https:\/\/atelier-design.cz\/wp-content\/uploads\/2022\/11\/IMG_3747-e1668783850155-1536x877.jpg 1536w, https:\/\/atelier-design.cz\/wp-content\/uploads\/2022\/11\/IMG_3747-e1668783850155.jpg 1700w\" sizes=\"(max-width: 1700px) 100vw, 1700px\" \/><\/div><\/div><\/li><\/ul><div class=\"fusion-carousel-nav\"><button class=\"fusion-nav-prev awb-icon-left\" aria-label=\"Previous\"><\/button><button class=\"fusion-nav-next awb-icon-right\" aria-label=\"Next\"><\/button><\/div><\/div><\/div><\/div><div class=\"fusion-clearfix\"><\/div><\/div><\/div><div class=\"fusion-layout-column fusion_builder_column_inner fusion-builder-nested-column-1 fusion_builder_column_inner_2_5 2_5 fusion-two-fifth fusion-column-last contentWrapper\" style=\"width:40%;width:calc(40% - ( ( 0 ) * 0.4 ) );margin-top:0px;margin-bottom:0px;\"><div class=\"fusion-column-wrapper fusion-flex-column-wrapper-legacy\" style=\"background-position:left top;background-repeat:no-repeat;-webkit-background-size:cover;-moz-background-size:cover;-o-background-size:cover;background-size:cover;padding: 0px 0px 0px 0px;\"><style type=\"text\/css\"><\/style><div class=\"fusion-title title fusion-title-1 fusion-sep-none fusion-title-text fusion-title-size-one\" style=\"margin-top:0px;margin-right:0px;margin-bottom:31px;margin-left:0px;\"><h1 class=\"title-heading-left\" style=\"margin:0;\">Team<\/h1><\/div><div class=\"fusion-text fusion-text-1\"><p id=\"tw-target-text\" class=\"tw-data-text tw-text-large tw-ta\" dir=\"ltr\" data-placeholder=\"P\u0159eklad\"><span class=\"Y2IQFc\" lang=\"de\">Das feste Team besteht aus <strong>10 Mitarbeitern<\/strong>. F\u00fcr die Durchf\u00fchrung von Gro\u00dfveranstaltungen (letzte Euroluce Milano, Geb\u00e4ude 550 m2, H\u00f6he 6 m) verf\u00fcgen wir \u00fcber ein umfangreiches Netzwerk an Assistenten, die langfristig mit uns zusammenarbeiten. So sind wir in der Lage, bei Bedarf in kurzer Zeit ein Team von bis zu <strong>30 Personen<\/strong> aufzubauen.<\/span><\/p>\n<\/div><div class=\"fusion-clearfix\"><\/div><\/div><\/div><\/div><div class=\"fusion-clearfix\"><\/div><\/div><\/div><\/div><\/div>\n","protected":false},"excerpt":{"rendered":"","protected":false},"author":3,"featured_media":0,"parent":2144,"menu_order":0,"comment_status":"closed","ping_status":"open","template":"","meta":[],"yoast_head":"<!-- This site is optimized with the Yoast SEO plugin v19.11 - https:\/\/yoast.com\/wordpress\/plugins\/seo\/ -->\n<title>Team - atelier-design<\/title>\n<meta name=\"robots\" content=\"index, follow, max-snippet:-1, max-image-preview:large, max-video-preview:-1\" \/>\n<link rel=\"canonical\" href=\"https:\/\/atelier-design.cz\/firma\/team\/\" \/>\n<meta property=\"og:locale\" content=\"de_DE\" \/>\n<meta property=\"og:type\" content=\"article\" \/>\n<meta property=\"og:title\" content=\"Team - atelier-design\" \/>\n<meta property=\"og:url\" content=\"https:\/\/atelier-design.cz\/firma\/team\/\" \/>\n<meta property=\"og:site_name\" content=\"atelier-design\" \/>\n<meta property=\"article:modified_time\" content=\"2022-12-07T07:46:05+00:00\" \/>\n<meta name=\"twitter:card\" content=\"summary_large_image\" \/>\n<meta name=\"twitter:label1\" content=\"Gesch\u00e4tzte Lesezeit\" \/>\n\t<meta name=\"twitter:data1\" content=\"10 Minuten\" \/>\n<script type=\"application\/ld+json\" class=\"yoast-schema-graph\">{\"@context\":\"https:\/\/schema.org\",\"@graph\":[{\"@type\":\"WebPage\",\"@id\":\"https:\/\/atelier-design.cz\/firma\/team\/\",\"url\":\"https:\/\/atelier-design.cz\/firma\/team\/\",\"name\":\"Team - atelier-design\",\"isPartOf\":{\"@id\":\"https:\/\/atelier-design.cz\/#website\"},\"datePublished\":\"2022-04-29T06:54:17+00:00\",\"dateModified\":\"2022-12-07T07:46:05+00:00\",\"breadcrumb\":{\"@id\":\"https:\/\/atelier-design.cz\/firma\/team\/#breadcrumb\"},\"inLanguage\":\"de-DE\",\"potentialAction\":[{\"@type\":\"ReadAction\",\"target\":[\"https:\/\/atelier-design.cz\/firma\/team\/\"]}]},{\"@type\":\"BreadcrumbList\",\"@id\":\"https:\/\/atelier-design.cz\/firma\/team\/#breadcrumb\",\"itemListElement\":[{\"@type\":\"ListItem\",\"position\":1,\"name\":\"Gesellschaft\",\"item\":\"https:\/\/atelier-design.cz\/\"},{\"@type\":\"ListItem\",\"position\":2,\"name\":\"Team\"}]},{\"@type\":\"WebSite\",\"@id\":\"https:\/\/atelier-design.cz\/#website\",\"url\":\"https:\/\/atelier-design.cz\/\",\"name\":\"atelier-design\",\"description\":\"v\u00fdstavy, veletrhy, prezentace\",\"potentialAction\":[{\"@type\":\"SearchAction\",\"target\":{\"@type\":\"EntryPoint\",\"urlTemplate\":\"https:\/\/atelier-design.cz\/?s={search_term_string}\"},\"query-input\":\"required name=search_term_string\"}],\"inLanguage\":\"de-DE\"}]}<\/script>\n<!-- \/ Yoast SEO plugin. -->","yoast_head_json":{"title":"Team - atelier-design","robots":{"index":"index","follow":"follow","max-snippet":"max-snippet:-1","max-image-preview":"max-image-preview:large","max-video-preview":"max-video-preview:-1"},"canonical":"https:\/\/atelier-design.cz\/firma\/team\/","og_locale":"de_DE","og_type":"article","og_title":"Team - atelier-design","og_url":"https:\/\/atelier-design.cz\/firma\/team\/","og_site_name":"atelier-design","article_modified_time":"2022-12-07T07:46:05+00:00","twitter_card":"summary_large_image","twitter_misc":{"Gesch\u00e4tzte Lesezeit":"10 Minuten"},"schema":{"@context":"https:\/\/schema.org","@graph":[{"@type":"WebPage","@id":"https:\/\/atelier-design.cz\/firma\/team\/","url":"https:\/\/atelier-design.cz\/firma\/team\/","name":"Team - atelier-design","isPartOf":{"@id":"https:\/\/atelier-design.cz\/#website"},"datePublished":"2022-04-29T06:54:17+00:00","dateModified":"2022-12-07T07:46:05+00:00","breadcrumb":{"@id":"https:\/\/atelier-design.cz\/firma\/team\/#breadcrumb"},"inLanguage":"de-DE","potentialAction":[{"@type":"ReadAction","target":["https:\/\/atelier-design.cz\/firma\/team\/"]}]},{"@type":"BreadcrumbList","@id":"https:\/\/atelier-design.cz\/firma\/team\/#breadcrumb","itemListElement":[{"@type":"ListItem","position":1,"name":"Gesellschaft","item":"https:\/\/atelier-design.cz\/"},{"@type":"ListItem","position":2,"name":"Team"}]},{"@type":"WebSite","@id":"https:\/\/atelier-design.cz\/#website","url":"https:\/\/atelier-design.cz\/","name":"atelier-design","description":"v\u00fdstavy, veletrhy, prezentace","potentialAction":[{"@type":"SearchAction","target":{"@type":"EntryPoint","urlTemplate":"https:\/\/atelier-design.cz\/?s={search_term_string}"},"query-input":"required name=search_term_string"}],"inLanguage":"de-DE"}]}},"_links":{"self":[{"href":"https:\/\/atelier-design.cz\/de\/wp-json\/wp\/v2\/pages\/2162"}],"collection":[{"href":"https:\/\/atelier-design.cz\/de\/wp-json\/wp\/v2\/pages"}],"about":[{"href":"https:\/\/atelier-design.cz\/de\/wp-json\/wp\/v2\/types\/page"}],"author":[{"embeddable":true,"href":"https:\/\/atelier-design.cz\/de\/wp-json\/wp\/v2\/users\/3"}],"replies":[{"embeddable":true,"href":"https:\/\/atelier-design.cz\/de\/wp-json\/wp\/v2\/comments?post=2162"}],"version-history":[{"count":4,"href":"https:\/\/atelier-design.cz\/de\/wp-json\/wp\/v2\/pages\/2162\/revisions"}],"predecessor-version":[{"id":2895,"href":"https:\/\/atelier-design.cz\/de\/wp-json\/wp\/v2\/pages\/2162\/revisions\/2895"}],"up":[{"embeddable":true,"href":"https:\/\/atelier-design.cz\/de\/wp-json\/wp\/v2\/pages\/2144"}],"wp:attachment":[{"href":"https:\/\/atelier-design.cz\/de\/wp-json\/wp\/v2\/media?parent=2162"}],"curies":[{"name":"wp","href":"https:\/\/api.w.org\/{rel}","templated":true}]}}