{"id":2150,"date":"2022-04-29T08:53:35","date_gmt":"2022-04-29T06:53:35","guid":{"rendered":"http:\/\/atelier-design.cz\/gesellschaft\/firmengelaende\/"},"modified":"2022-12-07T08:43:10","modified_gmt":"2022-12-07T07:43:10","slug":"firmengelaende","status":"publish","type":"page","link":"https:\/\/atelier-design.cz\/de\/gesellschaft\/firmengelaende\/","title":{"rendered":"Firmengel\u00e4nde"},"content":{"rendered":"<div class=\"fusion-fullwidth fullwidth-box fusion-builder-row-1 nonhundred-percent-fullwidth non-hundred-percent-height-scrolling fusion-equal-height-columns\" style=\"background-color: rgba(255,255,255,0);background-position: center center;background-repeat: no-repeat;padding-top:0px;padding-right:0px;padding-bottom:0px;padding-left:0px;margin-bottom: 0px;margin-top: 0px;border-width: 0px 0px 0px 0px;border-color:#eae9e9;border-style:solid;\" ><div class=\"fusion-builder-row fusion-row\"><div class=\"fusion-layout-column fusion_builder_column fusion-builder-column-0 fusion_builder_column_1_1 1_1 fusion-one-full fusion-column-first fusion-column-last bfranim\" style=\"margin-top:0px;margin-bottom:0px;\"><div class=\"fusion-column-wrapper fusion-flex-column-wrapper-legacy\" style=\"background-position:left top;background-repeat:no-repeat;-webkit-background-size:cover;-moz-background-size:cover;-o-background-size:cover;background-size:cover;border-width: 10px 10px 10px 10px;border-color:#ffffff;border-style:solid;padding: 0px 0px 0px 0px;\"><div class=\"fusion-builder-row fusion-builder-row-inner fusion-row\"><div class=\"fusion-layout-column fusion_builder_column_inner fusion-builder-nested-column-0 fusion_builder_column_inner_3_5 3_5 fusion-three-fifth fusion-column-first\" style=\"width:60%;width:calc(60% - ( ( 0 ) * 0.6 ) );margin-right: 0px;margin-top:0px;margin-bottom:0px;\"><div class=\"fusion-column-wrapper fusion-flex-column-wrapper-legacy\" style=\"background-position:center center;background-repeat:no-repeat;-webkit-background-size:cover;-moz-background-size:cover;-o-background-size:cover;background-size:cover;padding: 0px 0px 0px 0px;\"><div class=\"fusion-image-carousel fusion-image-carousel-auto fusion-image-carousel-1\"><div class=\"fusion-carousel\" data-autoplay=\"yes\" data-columns=\"1\" data-itemmargin=\"0\" data-itemwidth=\"180\" data-touchscroll=\"no\" data-imagesize=\"auto\"><div class=\"fusion-carousel-positioner\"><ul class=\"fusion-carousel-holder\"><li class=\"fusion-carousel-item\"><div class=\"fusion-carousel-item-wrapper\"><div class=\"fusion-image-wrapper hover-type-none\"><img width=\"2355\" height=\"1344\" src=\"https:\/\/atelier-design.cz\/wp-content\/uploads\/2022\/11\/IMG_9645-upravena-scaled-e1668778717238.jpg\" class=\"attachment-full size-full\" alt=\"\" srcset=\"https:\/\/atelier-design.cz\/wp-content\/uploads\/2022\/11\/IMG_9645-upravena-scaled-e1668778717238-200x114.jpg 200w, https:\/\/atelier-design.cz\/wp-content\/uploads\/2022\/11\/IMG_9645-upravena-scaled-e1668778717238-300x171.jpg 300w, https:\/\/atelier-design.cz\/wp-content\/uploads\/2022\/11\/IMG_9645-upravena-scaled-e1668778717238-400x228.jpg 400w, https:\/\/atelier-design.cz\/wp-content\/uploads\/2022\/11\/IMG_9645-upravena-scaled-e1668778717238-600x342.jpg 600w, https:\/\/atelier-design.cz\/wp-content\/uploads\/2022\/11\/IMG_9645-upravena-scaled-e1668778717238-768x438.jpg 768w, https:\/\/atelier-design.cz\/wp-content\/uploads\/2022\/11\/IMG_9645-upravena-scaled-e1668778717238-800x457.jpg 800w, https:\/\/atelier-design.cz\/wp-content\/uploads\/2022\/11\/IMG_9645-upravena-scaled-e1668778717238-1024x584.jpg 1024w, https:\/\/atelier-design.cz\/wp-content\/uploads\/2022\/11\/IMG_9645-upravena-scaled-e1668778717238-1200x685.jpg 1200w, https:\/\/atelier-design.cz\/wp-content\/uploads\/2022\/11\/IMG_9645-upravena-scaled-e1668778717238-1536x877.jpg 1536w, https:\/\/atelier-design.cz\/wp-content\/uploads\/2022\/11\/IMG_9645-upravena-scaled-e1668778717238.jpg 2355w\" sizes=\"(max-width: 2355px) 100vw, 2355px\" \/><\/div><\/div><\/li><li class=\"fusion-carousel-item\"><div class=\"fusion-carousel-item-wrapper\"><div class=\"fusion-image-wrapper hover-type-none\"><img width=\"2470\" height=\"1414\" src=\"https:\/\/atelier-design.cz\/wp-content\/uploads\/2022\/11\/IMG_9646-upravena-scaled-e1668778674767.jpg\" class=\"attachment-full size-full\" alt=\"\" srcset=\"https:\/\/atelier-design.cz\/wp-content\/uploads\/2022\/11\/IMG_9646-upravena-scaled-e1668778674767-200x114.jpg 200w, https:\/\/atelier-design.cz\/wp-content\/uploads\/2022\/11\/IMG_9646-upravena-scaled-e1668778674767-300x172.jpg 300w, https:\/\/atelier-design.cz\/wp-content\/uploads\/2022\/11\/IMG_9646-upravena-scaled-e1668778674767-400x229.jpg 400w, https:\/\/atelier-design.cz\/wp-content\/uploads\/2022\/11\/IMG_9646-upravena-scaled-e1668778674767-600x343.jpg 600w, https:\/\/atelier-design.cz\/wp-content\/uploads\/2022\/11\/IMG_9646-upravena-scaled-e1668778674767-768x440.jpg 768w, https:\/\/atelier-design.cz\/wp-content\/uploads\/2022\/11\/IMG_9646-upravena-scaled-e1668778674767-800x458.jpg 800w, https:\/\/atelier-design.cz\/wp-content\/uploads\/2022\/11\/IMG_9646-upravena-scaled-e1668778674767-1024x586.jpg 1024w, https:\/\/atelier-design.cz\/wp-content\/uploads\/2022\/11\/IMG_9646-upravena-scaled-e1668778674767-1200x687.jpg 1200w, https:\/\/atelier-design.cz\/wp-content\/uploads\/2022\/11\/IMG_9646-upravena-scaled-e1668778674767-1536x879.jpg 1536w, https:\/\/atelier-design.cz\/wp-content\/uploads\/2022\/11\/IMG_9646-upravena-scaled-e1668778674767.jpg 2470w\" sizes=\"(max-width: 2470px) 100vw, 2470px\" \/><\/div><\/div><\/li><li class=\"fusion-carousel-item\"><div class=\"fusion-carousel-item-wrapper\"><div class=\"fusion-image-wrapper hover-type-none\"><img width=\"1038\" height=\"594\" src=\"https:\/\/atelier-design.cz\/wp-content\/uploads\/2022\/09\/Firma-areal-3-e1668778854405.jpg\" class=\"attachment-full size-full\" alt=\"\" srcset=\"https:\/\/atelier-design.cz\/wp-content\/uploads\/2022\/09\/Firma-areal-3-e1668778854405-200x114.jpg 200w, https:\/\/atelier-design.cz\/wp-content\/uploads\/2022\/09\/Firma-areal-3-e1668778854405-300x172.jpg 300w, https:\/\/atelier-design.cz\/wp-content\/uploads\/2022\/09\/Firma-areal-3-e1668778854405-400x229.jpg 400w, https:\/\/atelier-design.cz\/wp-content\/uploads\/2022\/09\/Firma-areal-3-e1668778854405-600x343.jpg 600w, https:\/\/atelier-design.cz\/wp-content\/uploads\/2022\/09\/Firma-areal-3-e1668778854405-768x439.jpg 768w, https:\/\/atelier-design.cz\/wp-content\/uploads\/2022\/09\/Firma-areal-3-e1668778854405-800x458.jpg 800w, https:\/\/atelier-design.cz\/wp-content\/uploads\/2022\/09\/Firma-areal-3-e1668778854405-1024x586.jpg 1024w, https:\/\/atelier-design.cz\/wp-content\/uploads\/2022\/09\/Firma-areal-3-e1668778854405.jpg 1038w\" sizes=\"(max-width: 1038px) 100vw, 1038px\" \/><\/div><\/div><\/li><li class=\"fusion-carousel-item\"><div class=\"fusion-carousel-item-wrapper\"><div class=\"fusion-image-wrapper hover-type-none\"><img width=\"1188\" height=\"678\" src=\"https:\/\/atelier-design.cz\/wp-content\/uploads\/2022\/09\/Showroom-vyroba-kouli-12-e1668779300805.jpg\" class=\"attachment-full size-full\" alt=\"\" srcset=\"https:\/\/atelier-design.cz\/wp-content\/uploads\/2022\/09\/Showroom-vyroba-kouli-12-e1668779300805-200x114.jpg 200w, https:\/\/atelier-design.cz\/wp-content\/uploads\/2022\/09\/Showroom-vyroba-kouli-12-e1668779300805-300x171.jpg 300w, https:\/\/atelier-design.cz\/wp-content\/uploads\/2022\/09\/Showroom-vyroba-kouli-12-e1668779300805-400x228.jpg 400w, https:\/\/atelier-design.cz\/wp-content\/uploads\/2022\/09\/Showroom-vyroba-kouli-12-e1668779300805-600x342.jpg 600w, https:\/\/atelier-design.cz\/wp-content\/uploads\/2022\/09\/Showroom-vyroba-kouli-12-e1668779300805-768x438.jpg 768w, https:\/\/atelier-design.cz\/wp-content\/uploads\/2022\/09\/Showroom-vyroba-kouli-12-e1668779300805-800x457.jpg 800w, https:\/\/atelier-design.cz\/wp-content\/uploads\/2022\/09\/Showroom-vyroba-kouli-12-e1668779300805-1024x584.jpg 1024w, https:\/\/atelier-design.cz\/wp-content\/uploads\/2022\/09\/Showroom-vyroba-kouli-12-e1668779300805.jpg 1188w\" sizes=\"(max-width: 1188px) 100vw, 1188px\" \/><\/div><\/div><\/li><li class=\"fusion-carousel-item\"><div class=\"fusion-carousel-item-wrapper\"><div class=\"fusion-image-wrapper hover-type-none\"><img width=\"1179\" height=\"675\" src=\"https:\/\/atelier-design.cz\/wp-content\/uploads\/2022\/09\/Showroom-vyroba-kouli-13-e1668779335810.jpg\" class=\"attachment-full size-full\" alt=\"\" srcset=\"https:\/\/atelier-design.cz\/wp-content\/uploads\/2022\/09\/Showroom-vyroba-kouli-13-e1668779335810-200x115.jpg 200w, https:\/\/atelier-design.cz\/wp-content\/uploads\/2022\/09\/Showroom-vyroba-kouli-13-e1668779335810-300x172.jpg 300w, https:\/\/atelier-design.cz\/wp-content\/uploads\/2022\/09\/Showroom-vyroba-kouli-13-e1668779335810-400x229.jpg 400w, https:\/\/atelier-design.cz\/wp-content\/uploads\/2022\/09\/Showroom-vyroba-kouli-13-e1668779335810-600x344.jpg 600w, https:\/\/atelier-design.cz\/wp-content\/uploads\/2022\/09\/Showroom-vyroba-kouli-13-e1668779335810-768x440.jpg 768w, https:\/\/atelier-design.cz\/wp-content\/uploads\/2022\/09\/Showroom-vyroba-kouli-13-e1668779335810-800x458.jpg 800w, https:\/\/atelier-design.cz\/wp-content\/uploads\/2022\/09\/Showroom-vyroba-kouli-13-e1668779335810-1024x586.jpg 1024w, https:\/\/atelier-design.cz\/wp-content\/uploads\/2022\/09\/Showroom-vyroba-kouli-13-e1668779335810.jpg 1179w\" sizes=\"(max-width: 1179px) 100vw, 1179px\" \/><\/div><\/div><\/li><li class=\"fusion-carousel-item\"><div class=\"fusion-carousel-item-wrapper\"><div class=\"fusion-image-wrapper hover-type-none\"><img width=\"1200\" height=\"687\" src=\"https:\/\/atelier-design.cz\/wp-content\/uploads\/2022\/05\/sklad-e1668779034748.jpg\" class=\"attachment-full size-full\" alt=\"\" srcset=\"https:\/\/atelier-design.cz\/wp-content\/uploads\/2022\/05\/sklad-e1668779034748-200x115.jpg 200w, https:\/\/atelier-design.cz\/wp-content\/uploads\/2022\/05\/sklad-e1668779034748-300x172.jpg 300w, https:\/\/atelier-design.cz\/wp-content\/uploads\/2022\/05\/sklad-e1668779034748-400x229.jpg 400w, https:\/\/atelier-design.cz\/wp-content\/uploads\/2022\/05\/sklad-e1668779034748-600x344.jpg 600w, https:\/\/atelier-design.cz\/wp-content\/uploads\/2022\/05\/sklad-e1668779034748-768x440.jpg 768w, https:\/\/atelier-design.cz\/wp-content\/uploads\/2022\/05\/sklad-e1668779034748-800x458.jpg 800w, https:\/\/atelier-design.cz\/wp-content\/uploads\/2022\/05\/sklad-e1668779034748-1024x586.jpg 1024w, https:\/\/atelier-design.cz\/wp-content\/uploads\/2022\/05\/sklad-e1668779034748.jpg 1200w\" sizes=\"(max-width: 1200px) 100vw, 1200px\" \/><\/div><\/div><\/li><li class=\"fusion-carousel-item\"><div class=\"fusion-carousel-item-wrapper\"><div class=\"fusion-image-wrapper hover-type-none\"><img width=\"1291\" height=\"739\" src=\"https:\/\/atelier-design.cz\/wp-content\/uploads\/2022\/09\/IMG_9661-upravena-e1668779400571.jpg\" class=\"attachment-full size-full\" alt=\"\" srcset=\"https:\/\/atelier-design.cz\/wp-content\/uploads\/2022\/09\/IMG_9661-upravena-e1668779400571-200x114.jpg 200w, https:\/\/atelier-design.cz\/wp-content\/uploads\/2022\/09\/IMG_9661-upravena-e1668779400571-300x172.jpg 300w, https:\/\/atelier-design.cz\/wp-content\/uploads\/2022\/09\/IMG_9661-upravena-e1668779400571-400x229.jpg 400w, https:\/\/atelier-design.cz\/wp-content\/uploads\/2022\/09\/IMG_9661-upravena-e1668779400571-600x343.jpg 600w, https:\/\/atelier-design.cz\/wp-content\/uploads\/2022\/09\/IMG_9661-upravena-e1668779400571-768x440.jpg 768w, https:\/\/atelier-design.cz\/wp-content\/uploads\/2022\/09\/IMG_9661-upravena-e1668779400571-800x458.jpg 800w, https:\/\/atelier-design.cz\/wp-content\/uploads\/2022\/09\/IMG_9661-upravena-e1668779400571-1024x586.jpg 1024w, https:\/\/atelier-design.cz\/wp-content\/uploads\/2022\/09\/IMG_9661-upravena-e1668779400571-1200x687.jpg 1200w, https:\/\/atelier-design.cz\/wp-content\/uploads\/2022\/09\/IMG_9661-upravena-e1668779400571.jpg 1291w\" sizes=\"(max-width: 1291px) 100vw, 1291px\" \/><\/div><\/div><\/li><li class=\"fusion-carousel-item\"><div class=\"fusion-carousel-item-wrapper\"><div class=\"fusion-image-wrapper hover-type-none\"><img width=\"1128\" height=\"645\" src=\"https:\/\/atelier-design.cz\/wp-content\/uploads\/2022\/09\/Showroom-vyroba-kouli-16-e1668779443617.jpg\" class=\"attachment-full size-full\" alt=\"\" srcset=\"https:\/\/atelier-design.cz\/wp-content\/uploads\/2022\/09\/Showroom-vyroba-kouli-16-e1668779443617-200x114.jpg 200w, https:\/\/atelier-design.cz\/wp-content\/uploads\/2022\/09\/Showroom-vyroba-kouli-16-e1668779443617-300x172.jpg 300w, https:\/\/atelier-design.cz\/wp-content\/uploads\/2022\/09\/Showroom-vyroba-kouli-16-e1668779443617-400x229.jpg 400w, https:\/\/atelier-design.cz\/wp-content\/uploads\/2022\/09\/Showroom-vyroba-kouli-16-e1668779443617-600x343.jpg 600w, https:\/\/atelier-design.cz\/wp-content\/uploads\/2022\/09\/Showroom-vyroba-kouli-16-e1668779443617-768x439.jpg 768w, https:\/\/atelier-design.cz\/wp-content\/uploads\/2022\/09\/Showroom-vyroba-kouli-16-e1668779443617-800x457.jpg 800w, https:\/\/atelier-design.cz\/wp-content\/uploads\/2022\/09\/Showroom-vyroba-kouli-16-e1668779443617-1024x586.jpg 1024w, https:\/\/atelier-design.cz\/wp-content\/uploads\/2022\/09\/Showroom-vyroba-kouli-16-e1668779443617.jpg 1128w\" sizes=\"(max-width: 1128px) 100vw, 1128px\" \/><\/div><\/div><\/li><li class=\"fusion-carousel-item\"><div class=\"fusion-carousel-item-wrapper\"><div class=\"fusion-image-wrapper hover-type-none\"><img width=\"1200\" height=\"685\" src=\"https:\/\/atelier-design.cz\/wp-content\/uploads\/2022\/09\/Firma-areal-1.jpg\" class=\"attachment-full size-full\" alt=\"\" srcset=\"https:\/\/atelier-design.cz\/wp-content\/uploads\/2022\/09\/Firma-areal-1-200x114.jpg 200w, https:\/\/atelier-design.cz\/wp-content\/uploads\/2022\/09\/Firma-areal-1-300x171.jpg 300w, https:\/\/atelier-design.cz\/wp-content\/uploads\/2022\/09\/Firma-areal-1-400x228.jpg 400w, https:\/\/atelier-design.cz\/wp-content\/uploads\/2022\/09\/Firma-areal-1-600x343.jpg 600w, https:\/\/atelier-design.cz\/wp-content\/uploads\/2022\/09\/Firma-areal-1-768x438.jpg 768w, https:\/\/atelier-design.cz\/wp-content\/uploads\/2022\/09\/Firma-areal-1-800x457.jpg 800w, https:\/\/atelier-design.cz\/wp-content\/uploads\/2022\/09\/Firma-areal-1-1024x585.jpg 1024w, https:\/\/atelier-design.cz\/wp-content\/uploads\/2022\/09\/Firma-areal-1.jpg 1200w\" sizes=\"(max-width: 1200px) 100vw, 1200px\" \/><\/div><\/div><\/li><li class=\"fusion-carousel-item\"><div class=\"fusion-carousel-item-wrapper\"><div class=\"fusion-image-wrapper hover-type-none\"><img width=\"1200\" height=\"685\" src=\"https:\/\/atelier-design.cz\/wp-content\/uploads\/2022\/09\/Firma-areal-9.jpg\" class=\"attachment-full size-full\" alt=\"\" srcset=\"https:\/\/atelier-design.cz\/wp-content\/uploads\/2022\/09\/Firma-areal-9-200x114.jpg 200w, https:\/\/atelier-design.cz\/wp-content\/uploads\/2022\/09\/Firma-areal-9-300x171.jpg 300w, https:\/\/atelier-design.cz\/wp-content\/uploads\/2022\/09\/Firma-areal-9-400x228.jpg 400w, https:\/\/atelier-design.cz\/wp-content\/uploads\/2022\/09\/Firma-areal-9-600x343.jpg 600w, https:\/\/atelier-design.cz\/wp-content\/uploads\/2022\/09\/Firma-areal-9-768x438.jpg 768w, https:\/\/atelier-design.cz\/wp-content\/uploads\/2022\/09\/Firma-areal-9-800x457.jpg 800w, https:\/\/atelier-design.cz\/wp-content\/uploads\/2022\/09\/Firma-areal-9-1024x585.jpg 1024w, https:\/\/atelier-design.cz\/wp-content\/uploads\/2022\/09\/Firma-areal-9.jpg 1200w\" sizes=\"(max-width: 1200px) 100vw, 1200px\" \/><\/div><\/div><\/li><li class=\"fusion-carousel-item\"><div class=\"fusion-carousel-item-wrapper\"><div class=\"fusion-image-wrapper hover-type-none\"><img width=\"1200\" height=\"685\" src=\"https:\/\/atelier-design.cz\/wp-content\/uploads\/2022\/09\/Firma-areal-8.jpg\" class=\"attachment-full size-full\" alt=\"\" srcset=\"https:\/\/atelier-design.cz\/wp-content\/uploads\/2022\/09\/Firma-areal-8-200x114.jpg 200w, https:\/\/atelier-design.cz\/wp-content\/uploads\/2022\/09\/Firma-areal-8-300x171.jpg 300w, https:\/\/atelier-design.cz\/wp-content\/uploads\/2022\/09\/Firma-areal-8-400x228.jpg 400w, https:\/\/atelier-design.cz\/wp-content\/uploads\/2022\/09\/Firma-areal-8-600x343.jpg 600w, https:\/\/atelier-design.cz\/wp-content\/uploads\/2022\/09\/Firma-areal-8-768x438.jpg 768w, https:\/\/atelier-design.cz\/wp-content\/uploads\/2022\/09\/Firma-areal-8-800x457.jpg 800w, https:\/\/atelier-design.cz\/wp-content\/uploads\/2022\/09\/Firma-areal-8-1024x585.jpg 1024w, https:\/\/atelier-design.cz\/wp-content\/uploads\/2022\/09\/Firma-areal-8.jpg 1200w\" sizes=\"(max-width: 1200px) 100vw, 1200px\" \/><\/div><\/div><\/li><li class=\"fusion-carousel-item\"><div class=\"fusion-carousel-item-wrapper\"><div class=\"fusion-image-wrapper hover-type-none\"><img width=\"1200\" height=\"685\" src=\"https:\/\/atelier-design.cz\/wp-content\/uploads\/2022\/09\/Firma-areal-7.jpg\" class=\"attachment-full size-full\" alt=\"\" srcset=\"https:\/\/atelier-design.cz\/wp-content\/uploads\/2022\/09\/Firma-areal-7-200x114.jpg 200w, https:\/\/atelier-design.cz\/wp-content\/uploads\/2022\/09\/Firma-areal-7-300x171.jpg 300w, https:\/\/atelier-design.cz\/wp-content\/uploads\/2022\/09\/Firma-areal-7-400x228.jpg 400w, https:\/\/atelier-design.cz\/wp-content\/uploads\/2022\/09\/Firma-areal-7-600x343.jpg 600w, https:\/\/atelier-design.cz\/wp-content\/uploads\/2022\/09\/Firma-areal-7-768x438.jpg 768w, https:\/\/atelier-design.cz\/wp-content\/uploads\/2022\/09\/Firma-areal-7-800x457.jpg 800w, https:\/\/atelier-design.cz\/wp-content\/uploads\/2022\/09\/Firma-areal-7-1024x585.jpg 1024w, https:\/\/atelier-design.cz\/wp-content\/uploads\/2022\/09\/Firma-areal-7.jpg 1200w\" sizes=\"(max-width: 1200px) 100vw, 1200px\" \/><\/div><\/div><\/li><li class=\"fusion-carousel-item\"><div class=\"fusion-carousel-item-wrapper\"><div class=\"fusion-image-wrapper hover-type-none\"><img width=\"1200\" height=\"685\" src=\"https:\/\/atelier-design.cz\/wp-content\/uploads\/2022\/09\/Firma-vybaveni-2.jpg\" class=\"attachment-full size-full\" alt=\"\" srcset=\"https:\/\/atelier-design.cz\/wp-content\/uploads\/2022\/09\/Firma-vybaveni-2-200x114.jpg 200w, https:\/\/atelier-design.cz\/wp-content\/uploads\/2022\/09\/Firma-vybaveni-2-300x171.jpg 300w, https:\/\/atelier-design.cz\/wp-content\/uploads\/2022\/09\/Firma-vybaveni-2-400x228.jpg 400w, https:\/\/atelier-design.cz\/wp-content\/uploads\/2022\/09\/Firma-vybaveni-2-600x343.jpg 600w, https:\/\/atelier-design.cz\/wp-content\/uploads\/2022\/09\/Firma-vybaveni-2-768x438.jpg 768w, https:\/\/atelier-design.cz\/wp-content\/uploads\/2022\/09\/Firma-vybaveni-2-800x457.jpg 800w, https:\/\/atelier-design.cz\/wp-content\/uploads\/2022\/09\/Firma-vybaveni-2-1024x585.jpg 1024w, https:\/\/atelier-design.cz\/wp-content\/uploads\/2022\/09\/Firma-vybaveni-2.jpg 1200w\" sizes=\"(max-width: 1200px) 100vw, 1200px\" \/><\/div><\/div><\/li><\/ul><div class=\"fusion-carousel-nav\"><button class=\"fusion-nav-prev awb-icon-left\" aria-label=\"Previous\"><\/button><button class=\"fusion-nav-next awb-icon-right\" aria-label=\"Next\"><\/button><\/div><\/div><\/div><\/div><div class=\"fusion-clearfix\"><\/div><\/div><\/div><div class=\"fusion-layout-column fusion_builder_column_inner fusion-builder-nested-column-1 fusion_builder_column_inner_2_5 2_5 fusion-two-fifth fusion-column-last contentWrapper\" style=\"width:40%;width:calc(40% - ( ( 0 ) * 0.4 ) );margin-top:0px;margin-bottom:0px;\"><div class=\"fusion-column-wrapper fusion-flex-column-wrapper-legacy\" style=\"background-position:left top;background-repeat:no-repeat;-webkit-background-size:cover;-moz-background-size:cover;-o-background-size:cover;background-size:cover;padding: 0px 0px 0px 0px;\"><style type=\"text\/css\"><\/style><div class=\"fusion-title title fusion-title-1 fusion-sep-none fusion-title-text fusion-title-size-one\" style=\"margin-top:0px;margin-right:0px;margin-bottom:31px;margin-left:0px;\"><h1 class=\"title-heading-left\" style=\"margin:0;\">Firmengel\u00e4nde<\/h1><\/div><div class=\"fusion-text fusion-text-1\"><p id=\"tw-target-text\" class=\"tw-data-text tw-text-large tw-ta\" dir=\"ltr\" data-placeholder=\"P\u0159eklad\"><span class=\"Y2IQFc\" lang=\"de\">Derzeit hat das Unternehmen seinen Sitz in eigenen R\u00e4umlichkeiten mit einer Fl\u00e4che von ca. 5.000 m2. <\/span><\/p>\n<p class=\"tw-data-text tw-text-large tw-ta\" dir=\"ltr\" data-placeholder=\"P\u0159eklad\"><span class=\"Y2IQFc\" lang=\"de\">Es verf\u00fcgt \u00fcber Produktionsanlagen und technologische Ausr\u00fcstung f\u00fcr die Verarbeitung von Holz, Metall und Kunststoffen. Es hat auch eine eigene Lackiererei.<\/span><\/p>\n<\/div><div class=\"fusion-clearfix\"><\/div><\/div><\/div><\/div><div class=\"fusion-clearfix\"><\/div><\/div><\/div><\/div><\/div>\n","protected":false},"excerpt":{"rendered":"","protected":false},"author":3,"featured_media":0,"parent":2144,"menu_order":0,"comment_status":"closed","ping_status":"open","template":"","meta":[],"yoast_head":"<!-- This site is optimized with the Yoast SEO plugin v19.11 - https:\/\/yoast.com\/wordpress\/plugins\/seo\/ -->\n<title>Firmengel\u00e4nde - atelier-design<\/title>\n<meta name=\"robots\" content=\"index, follow, max-snippet:-1, max-image-preview:large, max-video-preview:-1\" \/>\n<link rel=\"canonical\" href=\"https:\/\/atelier-design.cz\/firma\/areal\/\" \/>\n<meta property=\"og:locale\" content=\"de_DE\" \/>\n<meta property=\"og:type\" content=\"article\" \/>\n<meta property=\"og:title\" content=\"Firmengel\u00e4nde - atelier-design\" \/>\n<meta property=\"og:url\" content=\"https:\/\/atelier-design.cz\/firma\/areal\/\" \/>\n<meta property=\"og:site_name\" content=\"atelier-design\" \/>\n<meta property=\"article:modified_time\" content=\"2022-12-07T07:43:10+00:00\" \/>\n<meta name=\"twitter:card\" content=\"summary_large_image\" \/>\n<meta name=\"twitter:label1\" content=\"Gesch\u00e4tzte Lesezeit\" \/>\n\t<meta name=\"twitter:data1\" content=\"10 Minuten\" \/>\n<script type=\"application\/ld+json\" class=\"yoast-schema-graph\">{\"@context\":\"https:\/\/schema.org\",\"@graph\":[{\"@type\":\"WebPage\",\"@id\":\"https:\/\/atelier-design.cz\/firma\/areal\/\",\"url\":\"https:\/\/atelier-design.cz\/firma\/areal\/\",\"name\":\"Firmengel\u00e4nde - atelier-design\",\"isPartOf\":{\"@id\":\"https:\/\/atelier-design.cz\/#website\"},\"datePublished\":\"2022-04-29T06:53:35+00:00\",\"dateModified\":\"2022-12-07T07:43:10+00:00\",\"breadcrumb\":{\"@id\":\"https:\/\/atelier-design.cz\/firma\/areal\/#breadcrumb\"},\"inLanguage\":\"de-DE\",\"potentialAction\":[{\"@type\":\"ReadAction\",\"target\":[\"https:\/\/atelier-design.cz\/firma\/areal\/\"]}]},{\"@type\":\"BreadcrumbList\",\"@id\":\"https:\/\/atelier-design.cz\/firma\/areal\/#breadcrumb\",\"itemListElement\":[{\"@type\":\"ListItem\",\"position\":1,\"name\":\"Gesellschaft\",\"item\":\"https:\/\/atelier-design.cz\/\"},{\"@type\":\"ListItem\",\"position\":2,\"name\":\"Firmengel\u00e4nde\"}]},{\"@type\":\"WebSite\",\"@id\":\"https:\/\/atelier-design.cz\/#website\",\"url\":\"https:\/\/atelier-design.cz\/\",\"name\":\"atelier-design\",\"description\":\"v\u00fdstavy, veletrhy, prezentace\",\"potentialAction\":[{\"@type\":\"SearchAction\",\"target\":{\"@type\":\"EntryPoint\",\"urlTemplate\":\"https:\/\/atelier-design.cz\/?s={search_term_string}\"},\"query-input\":\"required name=search_term_string\"}],\"inLanguage\":\"de-DE\"}]}<\/script>\n<!-- \/ Yoast SEO plugin. -->","yoast_head_json":{"title":"Firmengel\u00e4nde - atelier-design","robots":{"index":"index","follow":"follow","max-snippet":"max-snippet:-1","max-image-preview":"max-image-preview:large","max-video-preview":"max-video-preview:-1"},"canonical":"https:\/\/atelier-design.cz\/firma\/areal\/","og_locale":"de_DE","og_type":"article","og_title":"Firmengel\u00e4nde - atelier-design","og_url":"https:\/\/atelier-design.cz\/firma\/areal\/","og_site_name":"atelier-design","article_modified_time":"2022-12-07T07:43:10+00:00","twitter_card":"summary_large_image","twitter_misc":{"Gesch\u00e4tzte Lesezeit":"10 Minuten"},"schema":{"@context":"https:\/\/schema.org","@graph":[{"@type":"WebPage","@id":"https:\/\/atelier-design.cz\/firma\/areal\/","url":"https:\/\/atelier-design.cz\/firma\/areal\/","name":"Firmengel\u00e4nde - atelier-design","isPartOf":{"@id":"https:\/\/atelier-design.cz\/#website"},"datePublished":"2022-04-29T06:53:35+00:00","dateModified":"2022-12-07T07:43:10+00:00","breadcrumb":{"@id":"https:\/\/atelier-design.cz\/firma\/areal\/#breadcrumb"},"inLanguage":"de-DE","potentialAction":[{"@type":"ReadAction","target":["https:\/\/atelier-design.cz\/firma\/areal\/"]}]},{"@type":"BreadcrumbList","@id":"https:\/\/atelier-design.cz\/firma\/areal\/#breadcrumb","itemListElement":[{"@type":"ListItem","position":1,"name":"Gesellschaft","item":"https:\/\/atelier-design.cz\/"},{"@type":"ListItem","position":2,"name":"Firmengel\u00e4nde"}]},{"@type":"WebSite","@id":"https:\/\/atelier-design.cz\/#website","url":"https:\/\/atelier-design.cz\/","name":"atelier-design","description":"v\u00fdstavy, veletrhy, prezentace","potentialAction":[{"@type":"SearchAction","target":{"@type":"EntryPoint","urlTemplate":"https:\/\/atelier-design.cz\/?s={search_term_string}"},"query-input":"required name=search_term_string"}],"inLanguage":"de-DE"}]}},"_links":{"self":[{"href":"https:\/\/atelier-design.cz\/de\/wp-json\/wp\/v2\/pages\/2150"}],"collection":[{"href":"https:\/\/atelier-design.cz\/de\/wp-json\/wp\/v2\/pages"}],"about":[{"href":"https:\/\/atelier-design.cz\/de\/wp-json\/wp\/v2\/types\/page"}],"author":[{"embeddable":true,"href":"https:\/\/atelier-design.cz\/de\/wp-json\/wp\/v2\/users\/3"}],"replies":[{"embeddable":true,"href":"https:\/\/atelier-design.cz\/de\/wp-json\/wp\/v2\/comments?post=2150"}],"version-history":[{"count":4,"href":"https:\/\/atelier-design.cz\/de\/wp-json\/wp\/v2\/pages\/2150\/revisions"}],"predecessor-version":[{"id":2889,"href":"https:\/\/atelier-design.cz\/de\/wp-json\/wp\/v2\/pages\/2150\/revisions\/2889"}],"up":[{"embeddable":true,"href":"https:\/\/atelier-design.cz\/de\/wp-json\/wp\/v2\/pages\/2144"}],"wp:attachment":[{"href":"https:\/\/atelier-design.cz\/de\/wp-json\/wp\/v2\/media?parent=2150"}],"curies":[{"name":"wp","href":"https:\/\/api.w.org\/{rel}","templated":true}]}}