{"id":2102,"date":"2022-04-29T08:36:59","date_gmt":"2022-04-29T06:36:59","guid":{"rendered":"http:\/\/atelier-design.cz\/atypische-erkenntnisse\/hurra-zizkov-2021\/"},"modified":"2022-12-05T11:23:43","modified_gmt":"2022-12-05T10:23:43","slug":"hurra-zizkov-2021","status":"publish","type":"page","link":"https:\/\/atelier-design.cz\/de\/atypische-erkenntnisse\/hurra-zizkov-2021\/","title":{"rendered":"Hurra \u017di\u017ekov 2021"},"content":{"rendered":"<div class=\"fusion-fullwidth fullwidth-box fusion-builder-row-1 nonhundred-percent-fullwidth non-hundred-percent-height-scrolling fusion-equal-height-columns\" style=\"background-color: rgba(255,255,255,0);background-position: center center;background-repeat: no-repeat;padding-top:0px;padding-right:0px;padding-bottom:0px;padding-left:0px;margin-bottom: 0px;margin-top: 0px;border-width: 0px 0px 0px 0px;border-color:#eae9e9;border-style:solid;\" ><div class=\"fusion-builder-row fusion-row\"><div class=\"fusion-layout-column fusion_builder_column fusion-builder-column-0 fusion_builder_column_1_1 1_1 fusion-one-full fusion-column-first fusion-column-last bfranim\" style=\"margin-top:0px;margin-bottom:0px;\"><div class=\"fusion-column-wrapper fusion-flex-column-wrapper-legacy\" style=\"background-position:left top;background-repeat:no-repeat;-webkit-background-size:cover;-moz-background-size:cover;-o-background-size:cover;background-size:cover;border-width: 10px 10px 10px 10px;border-color:#ffffff;border-style:solid;padding: 0px 0px 0px 0px;\"><div class=\"fusion-builder-row fusion-builder-row-inner fusion-row\"><div class=\"fusion-layout-column fusion_builder_column_inner fusion-builder-nested-column-0 fusion_builder_column_inner_3_5 3_5 fusion-three-fifth fusion-column-first\" style=\"width:60%;width:calc(60% - ( ( 0 ) * 0.6 ) );margin-right: 0px;margin-top:0px;margin-bottom:0px;\"><div class=\"fusion-column-wrapper fusion-flex-column-wrapper-legacy\" style=\"background-position:center center;background-repeat:no-repeat;-webkit-background-size:cover;-moz-background-size:cover;-o-background-size:cover;background-size:cover;padding: 0px 0px 0px 0px;\"><div class=\"fusion-image-carousel fusion-image-carousel-auto fusion-image-carousel-1\"><div class=\"fusion-carousel\" data-autoplay=\"yes\" data-columns=\"1\" data-itemmargin=\"0\" data-itemwidth=\"180\" data-touchscroll=\"no\" data-imagesize=\"auto\"><div class=\"fusion-carousel-positioner\"><ul class=\"fusion-carousel-holder\"><li class=\"fusion-carousel-item\"><div class=\"fusion-carousel-item-wrapper\"><div class=\"fusion-image-wrapper hover-type-none\"><img width=\"1920\" height=\"1099\" src=\"https:\/\/atelier-design.cz\/wp-content\/uploads\/2022\/10\/podchod_4-e1666787425313.jpg\" class=\"attachment-full size-full\" alt=\"\" srcset=\"https:\/\/atelier-design.cz\/wp-content\/uploads\/2022\/10\/podchod_4-e1666787425313-200x114.jpg 200w, https:\/\/atelier-design.cz\/wp-content\/uploads\/2022\/10\/podchod_4-e1666787425313-300x172.jpg 300w, https:\/\/atelier-design.cz\/wp-content\/uploads\/2022\/10\/podchod_4-e1666787425313-400x229.jpg 400w, https:\/\/atelier-design.cz\/wp-content\/uploads\/2022\/10\/podchod_4-e1666787425313-600x343.jpg 600w, https:\/\/atelier-design.cz\/wp-content\/uploads\/2022\/10\/podchod_4-e1666787425313-768x440.jpg 768w, https:\/\/atelier-design.cz\/wp-content\/uploads\/2022\/10\/podchod_4-e1666787425313-800x458.jpg 800w, https:\/\/atelier-design.cz\/wp-content\/uploads\/2022\/10\/podchod_4-e1666787425313-1024x586.jpg 1024w, https:\/\/atelier-design.cz\/wp-content\/uploads\/2022\/10\/podchod_4-e1666787425313-1200x687.jpg 1200w, https:\/\/atelier-design.cz\/wp-content\/uploads\/2022\/10\/podchod_4-e1666787425313-1536x879.jpg 1536w, https:\/\/atelier-design.cz\/wp-content\/uploads\/2022\/10\/podchod_4-e1666787425313.jpg 1920w\" sizes=\"(max-width: 1920px) 100vw, 1920px\" \/><\/div><\/div><\/li><li class=\"fusion-carousel-item\"><div class=\"fusion-carousel-item-wrapper\"><div class=\"fusion-image-wrapper hover-type-none\"><img width=\"2474\" height=\"1416\" src=\"https:\/\/atelier-design.cz\/wp-content\/uploads\/2022\/10\/podchod_2-2-e1666787527868.jpg\" class=\"attachment-full size-full\" alt=\"\" srcset=\"https:\/\/atelier-design.cz\/wp-content\/uploads\/2022\/10\/podchod_2-2-e1666787527868-200x114.jpg 200w, https:\/\/atelier-design.cz\/wp-content\/uploads\/2022\/10\/podchod_2-2-e1666787527868-300x172.jpg 300w, https:\/\/atelier-design.cz\/wp-content\/uploads\/2022\/10\/podchod_2-2-e1666787527868-400x229.jpg 400w, https:\/\/atelier-design.cz\/wp-content\/uploads\/2022\/10\/podchod_2-2-e1666787527868-600x343.jpg 600w, https:\/\/atelier-design.cz\/wp-content\/uploads\/2022\/10\/podchod_2-2-e1666787527868-768x440.jpg 768w, https:\/\/atelier-design.cz\/wp-content\/uploads\/2022\/10\/podchod_2-2-e1666787527868-800x458.jpg 800w, https:\/\/atelier-design.cz\/wp-content\/uploads\/2022\/10\/podchod_2-2-e1666787527868-1024x586.jpg 1024w, https:\/\/atelier-design.cz\/wp-content\/uploads\/2022\/10\/podchod_2-2-e1666787527868-1200x687.jpg 1200w, https:\/\/atelier-design.cz\/wp-content\/uploads\/2022\/10\/podchod_2-2-e1666787527868-1536x879.jpg 1536w, https:\/\/atelier-design.cz\/wp-content\/uploads\/2022\/10\/podchod_2-2-e1666787527868.jpg 2474w\" sizes=\"(max-width: 2474px) 100vw, 2474px\" \/><\/div><\/div><\/li><li class=\"fusion-carousel-item\"><div class=\"fusion-carousel-item-wrapper\"><div class=\"fusion-image-wrapper hover-type-none\"><img width=\"1920\" height=\"1099\" src=\"https:\/\/atelier-design.cz\/wp-content\/uploads\/2022\/10\/podchod_3-e1666787463487.jpg\" class=\"attachment-full size-full\" alt=\"\" srcset=\"https:\/\/atelier-design.cz\/wp-content\/uploads\/2022\/10\/podchod_3-e1666787463487-200x114.jpg 200w, https:\/\/atelier-design.cz\/wp-content\/uploads\/2022\/10\/podchod_3-e1666787463487-300x172.jpg 300w, https:\/\/atelier-design.cz\/wp-content\/uploads\/2022\/10\/podchod_3-e1666787463487-400x229.jpg 400w, https:\/\/atelier-design.cz\/wp-content\/uploads\/2022\/10\/podchod_3-e1666787463487-600x343.jpg 600w, https:\/\/atelier-design.cz\/wp-content\/uploads\/2022\/10\/podchod_3-e1666787463487-768x440.jpg 768w, https:\/\/atelier-design.cz\/wp-content\/uploads\/2022\/10\/podchod_3-e1666787463487-800x458.jpg 800w, https:\/\/atelier-design.cz\/wp-content\/uploads\/2022\/10\/podchod_3-e1666787463487-1024x586.jpg 1024w, https:\/\/atelier-design.cz\/wp-content\/uploads\/2022\/10\/podchod_3-e1666787463487-1200x687.jpg 1200w, https:\/\/atelier-design.cz\/wp-content\/uploads\/2022\/10\/podchod_3-e1666787463487-1536x879.jpg 1536w, https:\/\/atelier-design.cz\/wp-content\/uploads\/2022\/10\/podchod_3-e1666787463487.jpg 1920w\" sizes=\"(max-width: 1920px) 100vw, 1920px\" \/><\/div><\/div><\/li><li class=\"fusion-carousel-item\"><div class=\"fusion-carousel-item-wrapper\"><div class=\"fusion-image-wrapper hover-type-none\"><img width=\"1920\" height=\"1099\" src=\"https:\/\/atelier-design.cz\/wp-content\/uploads\/2022\/10\/podchod_2-e1666787492782.jpg\" class=\"attachment-full size-full\" alt=\"\" srcset=\"https:\/\/atelier-design.cz\/wp-content\/uploads\/2022\/10\/podchod_2-e1666787492782-200x114.jpg 200w, https:\/\/atelier-design.cz\/wp-content\/uploads\/2022\/10\/podchod_2-e1666787492782-300x172.jpg 300w, https:\/\/atelier-design.cz\/wp-content\/uploads\/2022\/10\/podchod_2-e1666787492782-400x229.jpg 400w, https:\/\/atelier-design.cz\/wp-content\/uploads\/2022\/10\/podchod_2-e1666787492782-600x343.jpg 600w, https:\/\/atelier-design.cz\/wp-content\/uploads\/2022\/10\/podchod_2-e1666787492782-768x440.jpg 768w, https:\/\/atelier-design.cz\/wp-content\/uploads\/2022\/10\/podchod_2-e1666787492782-800x458.jpg 800w, https:\/\/atelier-design.cz\/wp-content\/uploads\/2022\/10\/podchod_2-e1666787492782-1024x586.jpg 1024w, https:\/\/atelier-design.cz\/wp-content\/uploads\/2022\/10\/podchod_2-e1666787492782-1200x687.jpg 1200w, https:\/\/atelier-design.cz\/wp-content\/uploads\/2022\/10\/podchod_2-e1666787492782-1536x879.jpg 1536w, https:\/\/atelier-design.cz\/wp-content\/uploads\/2022\/10\/podchod_2-e1666787492782.jpg 1920w\" sizes=\"(max-width: 1920px) 100vw, 1920px\" \/><\/div><\/div><\/li><li class=\"fusion-carousel-item\"><div class=\"fusion-carousel-item-wrapper\"><div class=\"fusion-image-wrapper hover-type-none\"><img width=\"1000\" height=\"572\" src=\"https:\/\/atelier-design.cz\/wp-content\/uploads\/2022\/10\/size4-16324889103424-241-podchod-z-hlavaku-na-zizkov-je-otevreny-stovky-lidi-nemuseji-riskovat-prechod-pres-koleje-e1666787367819.jpeg\" class=\"attachment-full size-full\" alt=\"\" srcset=\"https:\/\/atelier-design.cz\/wp-content\/uploads\/2022\/10\/size4-16324889103424-241-podchod-z-hlavaku-na-zizkov-je-otevreny-stovky-lidi-nemuseji-riskovat-prechod-pres-koleje-e1666787367819-200x114.jpeg 200w, https:\/\/atelier-design.cz\/wp-content\/uploads\/2022\/10\/size4-16324889103424-241-podchod-z-hlavaku-na-zizkov-je-otevreny-stovky-lidi-nemuseji-riskovat-prechod-pres-koleje-e1666787367819-300x172.jpeg 300w, https:\/\/atelier-design.cz\/wp-content\/uploads\/2022\/10\/size4-16324889103424-241-podchod-z-hlavaku-na-zizkov-je-otevreny-stovky-lidi-nemuseji-riskovat-prechod-pres-koleje-e1666787367819-400x229.jpeg 400w, https:\/\/atelier-design.cz\/wp-content\/uploads\/2022\/10\/size4-16324889103424-241-podchod-z-hlavaku-na-zizkov-je-otevreny-stovky-lidi-nemuseji-riskovat-prechod-pres-koleje-e1666787367819-600x343.jpeg 600w, https:\/\/atelier-design.cz\/wp-content\/uploads\/2022\/10\/size4-16324889103424-241-podchod-z-hlavaku-na-zizkov-je-otevreny-stovky-lidi-nemuseji-riskovat-prechod-pres-koleje-e1666787367819-768x439.jpeg 768w, https:\/\/atelier-design.cz\/wp-content\/uploads\/2022\/10\/size4-16324889103424-241-podchod-z-hlavaku-na-zizkov-je-otevreny-stovky-lidi-nemuseji-riskovat-prechod-pres-koleje-e1666787367819-800x458.jpeg 800w, https:\/\/atelier-design.cz\/wp-content\/uploads\/2022\/10\/size4-16324889103424-241-podchod-z-hlavaku-na-zizkov-je-otevreny-stovky-lidi-nemuseji-riskovat-prechod-pres-koleje-e1666787367819.jpeg 1000w\" sizes=\"(max-width: 1000px) 100vw, 1000px\" \/><\/div><\/div><\/li><li class=\"fusion-carousel-item\"><div class=\"fusion-carousel-item-wrapper\"><div class=\"fusion-image-wrapper hover-type-none\"><img width=\"1718\" height=\"984\" src=\"https:\/\/atelier-design.cz\/wp-content\/uploads\/2022\/10\/podchod_1-e1666787580225.jpg\" class=\"attachment-full size-full\" alt=\"\" srcset=\"https:\/\/atelier-design.cz\/wp-content\/uploads\/2022\/10\/podchod_1-e1666787580225-200x115.jpg 200w, https:\/\/atelier-design.cz\/wp-content\/uploads\/2022\/10\/podchod_1-e1666787580225-300x172.jpg 300w, https:\/\/atelier-design.cz\/wp-content\/uploads\/2022\/10\/podchod_1-e1666787580225-400x229.jpg 400w, https:\/\/atelier-design.cz\/wp-content\/uploads\/2022\/10\/podchod_1-e1666787580225-600x344.jpg 600w, https:\/\/atelier-design.cz\/wp-content\/uploads\/2022\/10\/podchod_1-e1666787580225-768x440.jpg 768w, https:\/\/atelier-design.cz\/wp-content\/uploads\/2022\/10\/podchod_1-e1666787580225-800x458.jpg 800w, https:\/\/atelier-design.cz\/wp-content\/uploads\/2022\/10\/podchod_1-e1666787580225-1024x587.jpg 1024w, https:\/\/atelier-design.cz\/wp-content\/uploads\/2022\/10\/podchod_1-e1666787580225-1200x687.jpg 1200w, https:\/\/atelier-design.cz\/wp-content\/uploads\/2022\/10\/podchod_1-e1666787580225-1536x880.jpg 1536w, https:\/\/atelier-design.cz\/wp-content\/uploads\/2022\/10\/podchod_1-e1666787580225.jpg 1718w\" sizes=\"(max-width: 1718px) 100vw, 1718px\" \/><\/div><\/div><\/li><li class=\"fusion-carousel-item\"><div class=\"fusion-carousel-item-wrapper\"><div class=\"fusion-image-wrapper hover-type-none\"><img width=\"2560\" height=\"1465\" src=\"https:\/\/atelier-design.cz\/wp-content\/uploads\/2022\/10\/IMG_9695-scaled-e1666787880653.jpg\" class=\"attachment-full size-full\" alt=\"\" srcset=\"https:\/\/atelier-design.cz\/wp-content\/uploads\/2022\/10\/IMG_9695-scaled-e1666787880653-200x114.jpg 200w, https:\/\/atelier-design.cz\/wp-content\/uploads\/2022\/10\/IMG_9695-scaled-e1666787880653-300x172.jpg 300w, https:\/\/atelier-design.cz\/wp-content\/uploads\/2022\/10\/IMG_9695-scaled-e1666787880653-400x229.jpg 400w, https:\/\/atelier-design.cz\/wp-content\/uploads\/2022\/10\/IMG_9695-scaled-e1666787880653-600x343.jpg 600w, https:\/\/atelier-design.cz\/wp-content\/uploads\/2022\/10\/IMG_9695-scaled-e1666787880653-768x440.jpg 768w, https:\/\/atelier-design.cz\/wp-content\/uploads\/2022\/10\/IMG_9695-scaled-e1666787880653-800x458.jpg 800w, https:\/\/atelier-design.cz\/wp-content\/uploads\/2022\/10\/IMG_9695-scaled-e1666787880653-1024x586.jpg 1024w, https:\/\/atelier-design.cz\/wp-content\/uploads\/2022\/10\/IMG_9695-scaled-e1666787880653-1200x687.jpg 1200w, https:\/\/atelier-design.cz\/wp-content\/uploads\/2022\/10\/IMG_9695-scaled-e1666787880653-1536x879.jpg 1536w, https:\/\/atelier-design.cz\/wp-content\/uploads\/2022\/10\/IMG_9695-scaled-e1666787880653.jpg 2560w\" sizes=\"(max-width: 2560px) 100vw, 2560px\" \/><\/div><\/div><\/li><li class=\"fusion-carousel-item\"><div class=\"fusion-carousel-item-wrapper\"><div class=\"fusion-image-wrapper hover-type-none\"><img width=\"1707\" height=\"979\" src=\"https:\/\/atelier-design.cz\/wp-content\/uploads\/2022\/10\/IMG_9710-2-scaled-e1666788005944.jpg\" class=\"attachment-full size-full\" alt=\"\" srcset=\"https:\/\/atelier-design.cz\/wp-content\/uploads\/2022\/10\/IMG_9710-2-scaled-e1666788005944-200x115.jpg 200w, https:\/\/atelier-design.cz\/wp-content\/uploads\/2022\/10\/IMG_9710-2-scaled-e1666788005944-300x172.jpg 300w, https:\/\/atelier-design.cz\/wp-content\/uploads\/2022\/10\/IMG_9710-2-scaled-e1666788005944-400x229.jpg 400w, https:\/\/atelier-design.cz\/wp-content\/uploads\/2022\/10\/IMG_9710-2-scaled-e1666788005944-600x344.jpg 600w, https:\/\/atelier-design.cz\/wp-content\/uploads\/2022\/10\/IMG_9710-2-scaled-e1666788005944-768x440.jpg 768w, https:\/\/atelier-design.cz\/wp-content\/uploads\/2022\/10\/IMG_9710-2-scaled-e1666788005944-800x459.jpg 800w, https:\/\/atelier-design.cz\/wp-content\/uploads\/2022\/10\/IMG_9710-2-scaled-e1666788005944-1024x587.jpg 1024w, https:\/\/atelier-design.cz\/wp-content\/uploads\/2022\/10\/IMG_9710-2-scaled-e1666788005944-1200x688.jpg 1200w, https:\/\/atelier-design.cz\/wp-content\/uploads\/2022\/10\/IMG_9710-2-scaled-e1666788005944-1536x881.jpg 1536w, https:\/\/atelier-design.cz\/wp-content\/uploads\/2022\/10\/IMG_9710-2-scaled-e1666788005944.jpg 1707w\" sizes=\"(max-width: 1707px) 100vw, 1707px\" \/><\/div><\/div><\/li><li class=\"fusion-carousel-item\"><div class=\"fusion-carousel-item-wrapper\"><div class=\"fusion-image-wrapper hover-type-none\"><img width=\"2560\" height=\"1465\" src=\"https:\/\/atelier-design.cz\/wp-content\/uploads\/2022\/10\/IMG_9706-scaled-e1666787747807.jpg\" class=\"attachment-full size-full\" alt=\"\" srcset=\"https:\/\/atelier-design.cz\/wp-content\/uploads\/2022\/10\/IMG_9706-scaled-e1666787747807-200x114.jpg 200w, https:\/\/atelier-design.cz\/wp-content\/uploads\/2022\/10\/IMG_9706-scaled-e1666787747807-300x172.jpg 300w, https:\/\/atelier-design.cz\/wp-content\/uploads\/2022\/10\/IMG_9706-scaled-e1666787747807-400x229.jpg 400w, https:\/\/atelier-design.cz\/wp-content\/uploads\/2022\/10\/IMG_9706-scaled-e1666787747807-600x343.jpg 600w, https:\/\/atelier-design.cz\/wp-content\/uploads\/2022\/10\/IMG_9706-scaled-e1666787747807-768x440.jpg 768w, https:\/\/atelier-design.cz\/wp-content\/uploads\/2022\/10\/IMG_9706-scaled-e1666787747807-800x458.jpg 800w, https:\/\/atelier-design.cz\/wp-content\/uploads\/2022\/10\/IMG_9706-scaled-e1666787747807-1024x586.jpg 1024w, https:\/\/atelier-design.cz\/wp-content\/uploads\/2022\/10\/IMG_9706-scaled-e1666787747807-1200x687.jpg 1200w, https:\/\/atelier-design.cz\/wp-content\/uploads\/2022\/10\/IMG_9706-scaled-e1666787747807-1536x879.jpg 1536w, https:\/\/atelier-design.cz\/wp-content\/uploads\/2022\/10\/IMG_9706-scaled-e1666787747807.jpg 2560w\" sizes=\"(max-width: 2560px) 100vw, 2560px\" \/><\/div><\/div><\/li><li class=\"fusion-carousel-item\"><div class=\"fusion-carousel-item-wrapper\"><div class=\"fusion-image-wrapper hover-type-none\"><img width=\"2560\" height=\"1465\" src=\"https:\/\/atelier-design.cz\/wp-content\/uploads\/2022\/10\/IMG_9703-scaled-e1666787784920.jpg\" class=\"attachment-full size-full\" alt=\"\" srcset=\"https:\/\/atelier-design.cz\/wp-content\/uploads\/2022\/10\/IMG_9703-scaled-e1666787784920-200x114.jpg 200w, https:\/\/atelier-design.cz\/wp-content\/uploads\/2022\/10\/IMG_9703-scaled-e1666787784920-300x172.jpg 300w, https:\/\/atelier-design.cz\/wp-content\/uploads\/2022\/10\/IMG_9703-scaled-e1666787784920-400x229.jpg 400w, https:\/\/atelier-design.cz\/wp-content\/uploads\/2022\/10\/IMG_9703-scaled-e1666787784920-600x343.jpg 600w, https:\/\/atelier-design.cz\/wp-content\/uploads\/2022\/10\/IMG_9703-scaled-e1666787784920-768x440.jpg 768w, https:\/\/atelier-design.cz\/wp-content\/uploads\/2022\/10\/IMG_9703-scaled-e1666787784920-800x458.jpg 800w, https:\/\/atelier-design.cz\/wp-content\/uploads\/2022\/10\/IMG_9703-scaled-e1666787784920-1024x586.jpg 1024w, https:\/\/atelier-design.cz\/wp-content\/uploads\/2022\/10\/IMG_9703-scaled-e1666787784920-1200x687.jpg 1200w, https:\/\/atelier-design.cz\/wp-content\/uploads\/2022\/10\/IMG_9703-scaled-e1666787784920-1536x879.jpg 1536w, https:\/\/atelier-design.cz\/wp-content\/uploads\/2022\/10\/IMG_9703-scaled-e1666787784920.jpg 2560w\" sizes=\"(max-width: 2560px) 100vw, 2560px\" \/><\/div><\/div><\/li><li class=\"fusion-carousel-item\"><div class=\"fusion-carousel-item-wrapper\"><div class=\"fusion-image-wrapper hover-type-none\"><img width=\"2105\" height=\"1203\" src=\"https:\/\/atelier-design.cz\/wp-content\/uploads\/2022\/10\/IMG_9700-scaled-e1666787839757.jpg\" class=\"attachment-full size-full\" alt=\"\" srcset=\"https:\/\/atelier-design.cz\/wp-content\/uploads\/2022\/10\/IMG_9700-scaled-e1666787839757-200x114.jpg 200w, https:\/\/atelier-design.cz\/wp-content\/uploads\/2022\/10\/IMG_9700-scaled-e1666787839757-300x171.jpg 300w, https:\/\/atelier-design.cz\/wp-content\/uploads\/2022\/10\/IMG_9700-scaled-e1666787839757-400x229.jpg 400w, https:\/\/atelier-design.cz\/wp-content\/uploads\/2022\/10\/IMG_9700-scaled-e1666787839757-600x343.jpg 600w, https:\/\/atelier-design.cz\/wp-content\/uploads\/2022\/10\/IMG_9700-scaled-e1666787839757-768x439.jpg 768w, https:\/\/atelier-design.cz\/wp-content\/uploads\/2022\/10\/IMG_9700-scaled-e1666787839757-800x457.jpg 800w, https:\/\/atelier-design.cz\/wp-content\/uploads\/2022\/10\/IMG_9700-scaled-e1666787839757-1024x585.jpg 1024w, https:\/\/atelier-design.cz\/wp-content\/uploads\/2022\/10\/IMG_9700-scaled-e1666787839757-1200x686.jpg 1200w, https:\/\/atelier-design.cz\/wp-content\/uploads\/2022\/10\/IMG_9700-scaled-e1666787839757-1536x878.jpg 1536w, https:\/\/atelier-design.cz\/wp-content\/uploads\/2022\/10\/IMG_9700-scaled-e1666787839757.jpg 2105w\" sizes=\"(max-width: 2105px) 100vw, 2105px\" \/><\/div><\/div><\/li><\/ul><div class=\"fusion-carousel-nav\"><button class=\"fusion-nav-prev awb-icon-left\" aria-label=\"Previous\"><\/button><button class=\"fusion-nav-next awb-icon-right\" aria-label=\"Next\"><\/button><\/div><\/div><\/div><\/div><div class=\"fusion-clearfix\"><\/div><\/div><\/div><div class=\"fusion-layout-column fusion_builder_column_inner fusion-builder-nested-column-1 fusion_builder_column_inner_2_5 2_5 fusion-two-fifth fusion-column-last contentWrapper\" style=\"width:40%;width:calc(40% - ( ( 0 ) * 0.4 ) );margin-top:0px;margin-bottom:0px;\"><div class=\"fusion-column-wrapper fusion-flex-column-wrapper-legacy\" style=\"background-position:left top;background-repeat:no-repeat;-webkit-background-size:cover;-moz-background-size:cover;-o-background-size:cover;background-size:cover;padding: 0px 0px 0px 0px;\"><style type=\"text\/css\"><\/style><div class=\"fusion-title title fusion-title-1 fusion-sep-none fusion-title-text fusion-title-size-one\" style=\"margin-top:0px;margin-right:0px;margin-bottom:31px;margin-left:0px;\"><h1 class=\"title-heading-left\" style=\"margin:0;\">Hurra \u017di\u017ekov 2021<\/h1><\/div><div class=\"fusion-text fusion-text-1\"><p class=\"tw-data-text tw-text-large tw-ta\" dir=\"ltr\" data-placeholder=\"P\u0159eklad\"><span class=\"Y2IQFc\" lang=\"de\">2021 haben wir in Prag in Zusammenarbeit mit den Firmen Metrostav und Hochtief die Unterf\u00fchrung vom Hauptbahnhof nach \u017di\u017ekov fertiggestellt. Auftraggeber des Baus war die staatliche Organisation<\/span><\/p>\n<p id=\"tw-target-text\" class=\"tw-data-text tw-text-large tw-ta\" dir=\"ltr\" data-placeholder=\"P\u0159eklad\"><span class=\"Y2IQFc\" lang=\"de\">Eisenbahnverwaltung<\/span><span class=\"Y2IQFc\" lang=\"de\">. Ziel des Baus war es, die Abflughalle des Prager Hauptbahnhofs mit dem Stadtteil \u017di\u017ekov zu verbinden, indem die n\u00f6rdliche Unterf\u00fchrung verl\u00e4ngert und mit der Seifertova-Stra\u00dfe verbunden wurde. Die Architekten des Projekts haben auch Wohntreppen auf dem Zugangsweg zur Unterf\u00fchrung entworfen, wir haben diesen Teil des Auftrags in der ersten H\u00e4lfte des Jahres 2022 abgeschlossen.<\/span><\/p>\n<\/div><div class=\"fusion-clearfix\"><\/div><\/div><\/div><\/div><div class=\"fusion-clearfix\"><\/div><\/div><\/div><\/div><\/div>\n","protected":false},"excerpt":{"rendered":"","protected":false},"author":3,"featured_media":0,"parent":2098,"menu_order":0,"comment_status":"closed","ping_status":"open","template":"","meta":[],"yoast_head":"<!-- This site is optimized with the Yoast SEO plugin v19.11 - https:\/\/yoast.com\/wordpress\/plugins\/seo\/ -->\n<title>Hurra \u017di\u017ekov 2021 - atelier-design<\/title>\n<meta name=\"robots\" content=\"index, follow, max-snippet:-1, max-image-preview:large, max-video-preview:-1\" \/>\n<link rel=\"canonical\" href=\"https:\/\/atelier-design.cz\/atypicke-realizace\/lavicka-2\/\" \/>\n<meta property=\"og:locale\" content=\"de_DE\" \/>\n<meta property=\"og:type\" content=\"article\" \/>\n<meta property=\"og:title\" content=\"Hurra \u017di\u017ekov 2021 - atelier-design\" \/>\n<meta property=\"og:url\" content=\"https:\/\/atelier-design.cz\/atypicke-realizace\/lavicka-2\/\" \/>\n<meta property=\"og:site_name\" content=\"atelier-design\" \/>\n<meta property=\"article:modified_time\" content=\"2022-12-05T10:23:43+00:00\" \/>\n<meta name=\"twitter:card\" content=\"summary_large_image\" \/>\n<meta name=\"twitter:label1\" content=\"Gesch\u00e4tzte Lesezeit\" \/>\n\t<meta name=\"twitter:data1\" content=\"10 Minuten\" \/>\n<script type=\"application\/ld+json\" class=\"yoast-schema-graph\">{\"@context\":\"https:\/\/schema.org\",\"@graph\":[{\"@type\":\"WebPage\",\"@id\":\"https:\/\/atelier-design.cz\/atypicke-realizace\/lavicka-2\/\",\"url\":\"https:\/\/atelier-design.cz\/atypicke-realizace\/lavicka-2\/\",\"name\":\"Hurra \u017di\u017ekov 2021 - atelier-design\",\"isPartOf\":{\"@id\":\"https:\/\/atelier-design.cz\/#website\"},\"datePublished\":\"2022-04-29T06:36:59+00:00\",\"dateModified\":\"2022-12-05T10:23:43+00:00\",\"breadcrumb\":{\"@id\":\"https:\/\/atelier-design.cz\/atypicke-realizace\/lavicka-2\/#breadcrumb\"},\"inLanguage\":\"de-DE\",\"potentialAction\":[{\"@type\":\"ReadAction\",\"target\":[\"https:\/\/atelier-design.cz\/atypicke-realizace\/lavicka-2\/\"]}]},{\"@type\":\"BreadcrumbList\",\"@id\":\"https:\/\/atelier-design.cz\/atypicke-realizace\/lavicka-2\/#breadcrumb\",\"itemListElement\":[{\"@type\":\"ListItem\",\"position\":1,\"name\":\"Atypische Realisierungen\",\"item\":\"https:\/\/atelier-design.cz\/atypicke-realizace\/\"},{\"@type\":\"ListItem\",\"position\":2,\"name\":\"Hurra \u017di\u017ekov 2021\"}]},{\"@type\":\"WebSite\",\"@id\":\"https:\/\/atelier-design.cz\/#website\",\"url\":\"https:\/\/atelier-design.cz\/\",\"name\":\"atelier-design\",\"description\":\"v\u00fdstavy, veletrhy, prezentace\",\"potentialAction\":[{\"@type\":\"SearchAction\",\"target\":{\"@type\":\"EntryPoint\",\"urlTemplate\":\"https:\/\/atelier-design.cz\/?s={search_term_string}\"},\"query-input\":\"required name=search_term_string\"}],\"inLanguage\":\"de-DE\"}]}<\/script>\n<!-- \/ Yoast SEO plugin. -->","yoast_head_json":{"title":"Hurra \u017di\u017ekov 2021 - atelier-design","robots":{"index":"index","follow":"follow","max-snippet":"max-snippet:-1","max-image-preview":"max-image-preview:large","max-video-preview":"max-video-preview:-1"},"canonical":"https:\/\/atelier-design.cz\/atypicke-realizace\/lavicka-2\/","og_locale":"de_DE","og_type":"article","og_title":"Hurra \u017di\u017ekov 2021 - atelier-design","og_url":"https:\/\/atelier-design.cz\/atypicke-realizace\/lavicka-2\/","og_site_name":"atelier-design","article_modified_time":"2022-12-05T10:23:43+00:00","twitter_card":"summary_large_image","twitter_misc":{"Gesch\u00e4tzte Lesezeit":"10 Minuten"},"schema":{"@context":"https:\/\/schema.org","@graph":[{"@type":"WebPage","@id":"https:\/\/atelier-design.cz\/atypicke-realizace\/lavicka-2\/","url":"https:\/\/atelier-design.cz\/atypicke-realizace\/lavicka-2\/","name":"Hurra \u017di\u017ekov 2021 - atelier-design","isPartOf":{"@id":"https:\/\/atelier-design.cz\/#website"},"datePublished":"2022-04-29T06:36:59+00:00","dateModified":"2022-12-05T10:23:43+00:00","breadcrumb":{"@id":"https:\/\/atelier-design.cz\/atypicke-realizace\/lavicka-2\/#breadcrumb"},"inLanguage":"de-DE","potentialAction":[{"@type":"ReadAction","target":["https:\/\/atelier-design.cz\/atypicke-realizace\/lavicka-2\/"]}]},{"@type":"BreadcrumbList","@id":"https:\/\/atelier-design.cz\/atypicke-realizace\/lavicka-2\/#breadcrumb","itemListElement":[{"@type":"ListItem","position":1,"name":"Atypische Realisierungen","item":"https:\/\/atelier-design.cz\/atypicke-realizace\/"},{"@type":"ListItem","position":2,"name":"Hurra \u017di\u017ekov 2021"}]},{"@type":"WebSite","@id":"https:\/\/atelier-design.cz\/#website","url":"https:\/\/atelier-design.cz\/","name":"atelier-design","description":"v\u00fdstavy, veletrhy, prezentace","potentialAction":[{"@type":"SearchAction","target":{"@type":"EntryPoint","urlTemplate":"https:\/\/atelier-design.cz\/?s={search_term_string}"},"query-input":"required name=search_term_string"}],"inLanguage":"de-DE"}]}},"_links":{"self":[{"href":"https:\/\/atelier-design.cz\/de\/wp-json\/wp\/v2\/pages\/2102"}],"collection":[{"href":"https:\/\/atelier-design.cz\/de\/wp-json\/wp\/v2\/pages"}],"about":[{"href":"https:\/\/atelier-design.cz\/de\/wp-json\/wp\/v2\/types\/page"}],"author":[{"embeddable":true,"href":"https:\/\/atelier-design.cz\/de\/wp-json\/wp\/v2\/users\/3"}],"replies":[{"embeddable":true,"href":"https:\/\/atelier-design.cz\/de\/wp-json\/wp\/v2\/comments?post=2102"}],"version-history":[{"count":4,"href":"https:\/\/atelier-design.cz\/de\/wp-json\/wp\/v2\/pages\/2102\/revisions"}],"predecessor-version":[{"id":2562,"href":"https:\/\/atelier-design.cz\/de\/wp-json\/wp\/v2\/pages\/2102\/revisions\/2562"}],"up":[{"embeddable":true,"href":"https:\/\/atelier-design.cz\/de\/wp-json\/wp\/v2\/pages\/2098"}],"wp:attachment":[{"href":"https:\/\/atelier-design.cz\/de\/wp-json\/wp\/v2\/media?parent=2102"}],"curies":[{"name":"wp","href":"https:\/\/api.w.org\/{rel}","templated":true}]}}